{"id":234211,"date":"2022-10-20T21:12:56","date_gmt":"2022-10-20T19:12:56","guid":{"rendered":"http:\/\/dev.claret.cat\/producte\/alzheimer-nunca-mas\/"},"modified":"2023-01-28T02:25:04","modified_gmt":"2023-01-28T01:25:04","slug":"alzheimer-nunca-mas-9788491111108","status":"publish","type":"product","link":"https:\/\/www.claret.cat\/es\/libro\/alzheimer-nunca-mas-9788491111108\/","title":{"rendered":"ALZH\u00c9IMER \u00a1 NUNCA M\u00c1S!"},"content":{"rendered":"<p>La enfermedad de Alzheimer un proceso neurodegenerativo cuyo principal s\u00edntoma es la p\u00e9rdida progresiva de la memoria es una de las m\u00e1s temidas del mundo, y su incidencia va en aumento. Si bien en la actualidad esta enfermedad afecta ya a 36 millones de personas en todo el mundo, se espera que esa cifra se triplique globalmente y llegue a alcanzar proporciones epid\u00e9micas. Un mito muy extendido respecto al deterioro cognitivo es que \u00abno es m\u00e1s que una parte del proceso de envejecimiento\u00bb, pero eso es a todas luces falso. Aunque la medicina convencional y la gran industria farmac\u00e9utica conocida en el mundo anglosaj\u00f3n como Big Pharma se esfuerzan en hacernos creer que solo podemos paliar el deterioro mental con f\u00e1rmacos, esa idea falta totalmente a la verdad. En este libro, Andreas Moritz nos habla de las causas reales de la enfermedad de Alzheimer, tanto f\u00edsicas como espirituales, y aporta un buen n\u00famero de herramientas que nos permitir\u00e1n responsabilizarnos de nuestra propia salud y prever el deterioro cognitivo.<\/p>\n","protected":false},"excerpt":{"rendered":"<p>MORITZ, ANDREAS<\/p>\n","protected":false},"featured_media":234212,"template":"","meta":{"_acf_changed":false,"om_disable_all_campaigns":false,"rs_blank_template":"","rs_page_bg_color":"","slide_template_v7":"","inline_featured_image":false,"_monsterinsights_skip_tracking":false,"_monsterinsights_sitenote_active":false,"_monsterinsights_sitenote_note":"","_monsterinsights_sitenote_category":0},"product_brand":[],"product_cat":[97,84],"product_tag":[],"class_list":{"0":"post-234211","1":"product","2":"type-product","3":"status-publish","4":"has-post-thumbnail","6":"product_cat-salut","7":"product_cat-sociologia","9":"first","10":"instock","11":"taxable","12":"shipping-taxable","13":"purchasable","14":"product-type-simple"},"acf":{"autor":"MORITZ, ANDREAS","codart":"849111110","libros-coleccion":"","ediciones":"1","encuadernacion":"Carpeta","fecha_de_publicacion":"01\/05\/2016","novedad":"0","paginas":"232","subtitulo":"","orden":"999","portada":"0","idioma":"spa","editorial":[{"ID":148599,"post_author":"3","post_date":"2022-10-14 11:59:30","post_date_gmt":"2022-10-14 09:59:30","post_content":"","post_title":"OBELISCO, EDICIONES S.A.","post_excerpt":"","post_status":"publish","comment_status":"closed","ping_status":"closed","post_password":"","post_name":"obelisco-ediciones-s-a","to_ping":"","pinged":"","post_modified":"2022-10-14 11:59:30","post_modified_gmt":"2022-10-14 09:59:30","post_content_filtered":"","post_parent":0,"guid":"http:\/\/dev.claret.cat\/editorial\/obelisco-ediciones-s-a\/","menu_order":0,"post_type":"editorial","post_mime_type":"","comment_count":"0","filter":"raw"}]},"aioseo_notices":[],"_links":{"self":[{"href":"https:\/\/www.claret.cat\/es\/wp-json\/wp\/v2\/product\/234211","targetHints":{"allow":["GET"]}}],"collection":[{"href":"https:\/\/www.claret.cat\/es\/wp-json\/wp\/v2\/product"}],"about":[{"href":"https:\/\/www.claret.cat\/es\/wp-json\/wp\/v2\/types\/product"}],"wp:featuredmedia":[{"embeddable":true,"href":"https:\/\/www.claret.cat\/es\/wp-json\/wp\/v2\/media\/234212"}],"wp:attachment":[{"href":"https:\/\/www.claret.cat\/es\/wp-json\/wp\/v2\/media?parent=234211"}],"wp:term":[{"taxonomy":"product_brand","embeddable":true,"href":"https:\/\/www.claret.cat\/es\/wp-json\/wp\/v2\/product_brand?post=234211"},{"taxonomy":"product_cat","embeddable":true,"href":"https:\/\/www.claret.cat\/es\/wp-json\/wp\/v2\/product_cat?post=234211"},{"taxonomy":"product_tag","embeddable":true,"href":"https:\/\/www.claret.cat\/es\/wp-json\/wp\/v2\/product_tag?post=234211"}],"curies":[{"name":"wp","href":"https:\/\/api.w.org\/{rel}","templated":true}]}}