{"id":234262,"date":"2022-10-20T21:14:04","date_gmt":"2022-10-20T19:14:04","guid":{"rendered":"http:\/\/dev.claret.cat\/producte\/postales-maravilloso-mundo-tropical\/"},"modified":"2023-01-28T12:30:59","modified_gmt":"2023-01-28T11:30:59","slug":"postales-maravilloso-mundo-tropical-9788498019155","status":"publish","type":"product","link":"https:\/\/www.claret.cat\/es\/libro\/postales-maravilloso-mundo-tropical-9788498019155\/","title":{"rendered":"POSTALES. MARAVILLOSO MUNDO TROPICAL"},"content":{"rendered":"<p>El arte de Millie Marotta es absolutamente irresistible. Ahora, \u00a1todos su hermosos dibujos est\u00e1n disponibles tambi\u00e9n a modo de postales! Personaliza sus hermosas ilustraciones y crea un mundo tropical propio, para enviar a familiares y amigos. De leopardos a l\u00e9mures y desde papagayos hasta pi\u00f1as, un universo tropical espera cobrar vida mediante el vibrante color tropical. Todo lo que necesitas son l\u00e1pices, rotuladores y un poco de imaginaci\u00f3n.<\/p>\n","protected":false},"excerpt":{"rendered":"<p>MAROTTA, MILLIE<\/p>\n","protected":false},"featured_media":234263,"template":"","meta":{"_acf_changed":false,"om_disable_all_campaigns":false,"rs_blank_template":"","rs_page_bg_color":"","slide_template_v7":"","inline_featured_image":false,"_monsterinsights_skip_tracking":false,"_monsterinsights_sitenote_active":false,"_monsterinsights_sitenote_note":"","_monsterinsights_sitenote_category":0},"product_brand":[],"product_cat":[101],"product_tag":[],"class_list":{"0":"post-234262","1":"product","2":"type-product","3":"status-publish","4":"has-post-thumbnail","6":"product_cat-manualitats","8":"first","9":"instock","10":"taxable","11":"shipping-taxable","12":"purchasable","13":"product-type-simple"},"acf":{"autor":"MAROTTA, MILLIE","codart":"849801915","libros-coleccion":"","ediciones":"1","encuadernacion":"R\u00fastica","fecha_de_publicacion":"01\/05\/2016","novedad":"0","paginas":"99","subtitulo":"30 POSTALES PARA COLOREAR","orden":"999","portada":"0","idioma":"spa","editorial":[{"ID":147556,"post_author":"3","post_date":"2022-10-14 11:51:28","post_date_gmt":"2022-10-14 09:51:28","post_content":"","post_title":"BLUME, EDITORIAL","post_excerpt":"","post_status":"publish","comment_status":"closed","ping_status":"closed","post_password":"","post_name":"blume-editorial-2","to_ping":"","pinged":"","post_modified":"2022-10-14 11:51:28","post_modified_gmt":"2022-10-14 09:51:28","post_content_filtered":"","post_parent":0,"guid":"http:\/\/dev.claret.cat\/editorial\/blume-editorial-2\/","menu_order":0,"post_type":"editorial","post_mime_type":"","comment_count":"0","filter":"raw"}],"autores-libros":[{"ID":165103,"post_author":"3","post_date":"2022-10-14 17:52:25","post_date_gmt":"2022-10-14 15:52:25","post_content":"","post_title":"MILLIE MAROTTA","post_excerpt":"","post_status":"publish","comment_status":"closed","ping_status":"closed","post_password":"","post_name":"millie-marotta","to_ping":"","pinged":"","post_modified":"2022-10-14 17:52:25","post_modified_gmt":"2022-10-14 15:52:25","post_content_filtered":"","post_parent":0,"guid":"http:\/\/dev.claret.cat\/autor\/millie-marotta\/","menu_order":0,"post_type":"autor","post_mime_type":"","comment_count":"0","filter":"raw"}]},"aioseo_notices":[],"_links":{"self":[{"href":"https:\/\/www.claret.cat\/es\/wp-json\/wp\/v2\/product\/234262","targetHints":{"allow":["GET"]}}],"collection":[{"href":"https:\/\/www.claret.cat\/es\/wp-json\/wp\/v2\/product"}],"about":[{"href":"https:\/\/www.claret.cat\/es\/wp-json\/wp\/v2\/types\/product"}],"wp:featuredmedia":[{"embeddable":true,"href":"https:\/\/www.claret.cat\/es\/wp-json\/wp\/v2\/media\/234263"}],"wp:attachment":[{"href":"https:\/\/www.claret.cat\/es\/wp-json\/wp\/v2\/media?parent=234262"}],"wp:term":[{"taxonomy":"product_brand","embeddable":true,"href":"https:\/\/www.claret.cat\/es\/wp-json\/wp\/v2\/product_brand?post=234262"},{"taxonomy":"product_cat","embeddable":true,"href":"https:\/\/www.claret.cat\/es\/wp-json\/wp\/v2\/product_cat?post=234262"},{"taxonomy":"product_tag","embeddable":true,"href":"https:\/\/www.claret.cat\/es\/wp-json\/wp\/v2\/product_tag?post=234262"}],"curies":[{"name":"wp","href":"https:\/\/api.w.org\/{rel}","templated":true}]}}