{"id":234280,"date":"2022-10-20T21:14:28","date_gmt":"2022-10-20T19:14:28","guid":{"rendered":"http:\/\/dev.claret.cat\/producte\/eneagrama-para-terapeutas\/"},"modified":"2025-09-19T16:30:41","modified_gmt":"2025-09-19T14:30:41","slug":"eneagrama-para-terapeutas-9788433028457","status":"publish","type":"product","link":"https:\/\/www.claret.cat\/es\/libro\/eneagrama-para-terapeutas-9788433028457\/","title":{"rendered":"ENEAGRAMA PARA TERAPEUTAS"},"content":{"rendered":"<p>Dentro de las corrientes humanistas la Gestalt es, hoy d\u00eda, una rama troncal. Y as\u00ed como el eneagrama se ha convertido en una herramienta clave en la consulta del terapeuta gest\u00e1ltico, tambi\u00e9n inunda muchos otros \u00e1mbitos de intervenci\u00f3n: educaci\u00f3n, empresa, sanidad? No hablamos de un libro m\u00e1s, can\u00f3nico en la descripci\u00f3n as\u00e9ptica y emp\u00edrica de una rama novedosa de la psicolog\u00eda moderna. Presenta un recorrido por el trabajo de una psicoterapeuta gest\u00e1ltica con cada uno de los eneatipos, con un lenguaje claro y directo que hace la lectura f\u00e1cil y amena y da las claves de los procesos terap\u00e9uticos. Se aprecian tanto la experiencia como la cercan\u00eda en la aproximaci\u00f3n al sufrimiento humano y se pone en valor, ante todo, la relaci\u00f3n entre paciente y terapeuta, la interacci\u00f3n a la que esta nos aboca.Se vive como real la m\u00e1xima de que es la relaci\u00f3n lo que cura a las personas, independientemente de la t\u00e9cnica terap\u00e9utica empleada. No obstante, dada la gran implantaci\u00f3n del eneagrama, nos presenta desde el trabajo en consulta, con personas reales, pautas pormenorizadas y muy did\u00e1cticas para su uso.En definitiva, es como un recetario de cocina para no iniciados en el arte culinario. Nos hace amar los fogones en los que se prepara, macera y ali\u00f1a el alimento que nos nutre y nos ayuda. Carmela Ruiz de la Rosa es psic\u00f3loga cl\u00ednica y psicoterapeuta gest\u00e1ltica. Directora de Gestalt: Psicoterapia y Formaci\u00f3n, centro en el que ejerce como psicoterapeuta individual y de grupo, formadora y supervisora de profesionales del \u00e1mbito cl\u00ednico. Coordinadora del Ciclo de Formaci\u00f3n de Terapeutas en Gestalt. Imparte formaci\u00f3n en Eneagrama y es tutora en la UNED del M\u00f3dulo de Intervenci\u00f3n Gest\u00e1ltico-Experiencial dentro del Postgrado de Intervenci\u00f3n Terap\u00e9utica y del Practicum presencial de la UNED, UAM y UOC. Miembro Didacta de la Asociaci\u00f3n Espa\u00f1ola de Terapia Gestalt y Miembro Psicoterapeuta de la FEAP, es autora de Formaci\u00f3n de Terapeutas en Gestal e Introducci\u00f3n a la Psicopatolog\u00eda para Gestaltistas, editados por GpyF.<\/p>\n","protected":false},"excerpt":{"rendered":"<p>RUIZ DE LA ROSA, CARMELA<\/p>\n","protected":false},"featured_media":346783,"template":"","meta":{"_acf_changed":false,"om_disable_all_campaigns":false,"rs_blank_template":"","rs_page_bg_color":"","slide_template_v7":"","inline_featured_image":false,"_monsterinsights_skip_tracking":false,"_monsterinsights_sitenote_active":false,"_monsterinsights_sitenote_note":"","_monsterinsights_sitenote_category":0},"product_brand":[],"product_cat":[81,347],"product_tag":[],"class_list":{"0":"post-234280","1":"product","2":"type-product","3":"status-publish","4":"has-post-thumbnail","6":"product_cat-psicologia","7":"product_cat-psicologia-2_humanidades","9":"first","10":"instock","11":"taxable","12":"shipping-taxable","13":"purchasable","14":"product-type-simple"},"acf":{"autor":"RUIZ DE LA ROSA, CARMELA","codart":"843302845","libros-coleccion":"","ediciones":"1","encuadernacion":"R\u00fastica","fecha_de_publicacion":"01\/05\/2016","novedad":"0","paginas":"163","subtitulo":"","orden":"999","portada":"0","idioma":"spa","editorial":[{"ID":8232,"post_author":"3","post_date":"2022-09-30 09:21:20","post_date_gmt":"2022-09-30 07:21:20","post_content":"","post_title":"DESCLEE DE BROUWER","post_excerpt":"","post_status":"publish","comment_status":"closed","ping_status":"closed","post_password":"","post_name":"desclee-de-brouwer-2","to_ping":"","pinged":"","post_modified":"2022-09-30 09:21:20","post_modified_gmt":"2022-09-30 07:21:20","post_content_filtered":"","post_parent":0,"guid":"http:\/\/dev.claret.cat\/editorial\/desclee-de-brouwer-2\/","menu_order":0,"post_type":"editorial","post_mime_type":"","comment_count":"0","filter":"raw"}],"autores-libros":[{"ID":346782,"post_author":"3","post_date":"2023-01-14 01:45:38","post_date_gmt":"2023-01-14 00:45:38","post_content":"","post_title":"CARMELA RUIZ DE LA ROSA","post_excerpt":"","post_status":"publish","comment_status":"closed","ping_status":"closed","post_password":"","post_name":"carmela-ruiz-de-la-rosa","to_ping":"","pinged":"","post_modified":"2023-01-14 01:45:38","post_modified_gmt":"2023-01-14 00:45:38","post_content_filtered":"","post_parent":0,"guid":"https:\/\/www.claret.cat\/autor\/carmela-ruiz-de-la-rosa\/","menu_order":0,"post_type":"autor","post_mime_type":"","comment_count":"0","filter":"raw"}],"booktrailer":"","resenas":""},"aioseo_notices":[],"_links":{"self":[{"href":"https:\/\/www.claret.cat\/es\/wp-json\/wp\/v2\/product\/234280","targetHints":{"allow":["GET"]}}],"collection":[{"href":"https:\/\/www.claret.cat\/es\/wp-json\/wp\/v2\/product"}],"about":[{"href":"https:\/\/www.claret.cat\/es\/wp-json\/wp\/v2\/types\/product"}],"wp:featuredmedia":[{"embeddable":true,"href":"https:\/\/www.claret.cat\/es\/wp-json\/wp\/v2\/media\/346783"}],"wp:attachment":[{"href":"https:\/\/www.claret.cat\/es\/wp-json\/wp\/v2\/media?parent=234280"}],"wp:term":[{"taxonomy":"product_brand","embeddable":true,"href":"https:\/\/www.claret.cat\/es\/wp-json\/wp\/v2\/product_brand?post=234280"},{"taxonomy":"product_cat","embeddable":true,"href":"https:\/\/www.claret.cat\/es\/wp-json\/wp\/v2\/product_cat?post=234280"},{"taxonomy":"product_tag","embeddable":true,"href":"https:\/\/www.claret.cat\/es\/wp-json\/wp\/v2\/product_tag?post=234280"}],"curies":[{"name":"wp","href":"https:\/\/api.w.org\/{rel}","templated":true}]}}