{"id":234369,"date":"2022-10-20T21:16:31","date_gmt":"2022-10-20T19:16:31","guid":{"rendered":"http:\/\/dev.claret.cat\/producte\/de-mica-en-mica-8\/"},"modified":"2026-03-10T12:10:04","modified_gmt":"2026-03-10T11:10:04","slug":"de-mica-en-mica-8-9788484129813","status":"publish","type":"product","link":"https:\/\/www.claret.cat\/es\/libro\/de-mica-en-mica-8-9788484129813\/","title":{"rendered":"DE MICA EN MICA 8"},"content":{"rendered":"<p>La col\u00b7lecci\u00f3 de contes de lectura progressiva &#8216;De mica en mica&#8217; consta de vint-i-un llibres, que pretenen afermar psicol\u00f2gicament aquesta sensaci\u00f3 que ja es &#8216;pot llegir&#8217;, quan l&#8221;infant domina algunes grafies.<br \/> A cada un dels llibres:<br \/> Es parteix de la freq\u00fc\u00e8ncia dels sons per treballar les distintes posicions dels fonemes conson\u00e0ntics.<br \/> S&#8221;utilitza el vocabulari b\u00e0sic dels infants, per afavorir la comprensi\u00f3 de les lectures.<br \/> Hi ha una hist\u00f2ria argumental que d\u00f3na una unitat global al contingut del text.<br \/> Les il\u00b7lustracions reforcen les hist\u00f2ries, el vocabulari i les maneres de dir, i faciliten la comprensi\u00f3 entre el que l&#8221;infant veu i el que llegeix.<br \/> En aquest conte introdu\u00efm el fonema vibrant m\u00faltiple \/rr\/. T\u00e9 dues representacions escrites: r  rr.<\/p>\n","protected":false},"excerpt":{"rendered":"<p>BASSA I MART\u00cdN, RAMON<\/p>\n","protected":false},"featured_media":1076863,"template":"","meta":{"_acf_changed":false,"om_disable_all_campaigns":false,"rs_blank_template":"","rs_page_bg_color":"","slide_template_v7":"","inline_featured_image":false,"_monsterinsights_skip_tracking":false,"_monsterinsights_sitenote_active":false,"_monsterinsights_sitenote_note":"","_monsterinsights_sitenote_category":0},"product_brand":[],"product_cat":[86,352],"product_tag":[],"class_list":{"0":"post-234369","1":"product","2":"type-product","3":"status-publish","4":"has-post-thumbnail","6":"product_cat-infantil","7":"product_cat-infantil-3_infantil-juvenil-spa","9":"first","10":"instock","11":"taxable","12":"shipping-taxable","13":"purchasable","14":"product-type-simple"},"acf":{"autor":"BASSA I MART\u00cdN, RAMON","codart":"848412981","libros-coleccion":"","ediciones":"1","encuadernacion":"R\u00fastica","fecha_de_publicacion":"01\/05\/2016","novedad":"0","paginas":"19","subtitulo":"LA RATA RUCA (LLIGADA-PAL) (R, RR)","orden":"999","portada":"0","idioma":"cat","autores-libros":[{"ID":167690,"post_author":"3","post_date":"2022-10-14 18:13:13","post_date_gmt":"2022-10-14 16:13:13","post_content":"","post_title":"RAMON BASSA I MARTIN","post_excerpt":"","post_status":"publish","comment_status":"closed","ping_status":"closed","post_password":"","post_name":"ramon-bassa-i-martin","to_ping":"","pinged":"","post_modified":"2022-10-14 18:13:13","post_modified_gmt":"2022-10-14 16:13:13","post_content_filtered":"","post_parent":0,"guid":"http:\/\/dev.claret.cat\/autor\/ramon-bassa-i-martin\/","menu_order":0,"post_type":"autor","post_mime_type":"","comment_count":"0","filter":"raw"}],"editorial":[{"ID":262462,"post_author":"3","post_date":"2022-10-24 11:24:41","post_date_gmt":"2022-10-24 09:24:41","post_content":"","post_title":"SALVATELLA, MIGUEL A.","post_excerpt":"","post_status":"publish","comment_status":"closed","ping_status":"closed","post_password":"","post_name":"salvatella-miguel-a","to_ping":"","pinged":"","post_modified":"2022-10-24 11:24:41","post_modified_gmt":"2022-10-24 09:24:41","post_content_filtered":"","post_parent":0,"guid":"http:\/\/dev.claret.cat\/editorial\/salvatella-miguel-a\/","menu_order":0,"post_type":"editorial","post_mime_type":"","comment_count":"0","filter":"raw"}],"booktrailer":"","resenas":""},"aioseo_notices":[],"_links":{"self":[{"href":"https:\/\/www.claret.cat\/es\/wp-json\/wp\/v2\/product\/234369","targetHints":{"allow":["GET"]}}],"collection":[{"href":"https:\/\/www.claret.cat\/es\/wp-json\/wp\/v2\/product"}],"about":[{"href":"https:\/\/www.claret.cat\/es\/wp-json\/wp\/v2\/types\/product"}],"wp:featuredmedia":[{"embeddable":true,"href":"https:\/\/www.claret.cat\/es\/wp-json\/wp\/v2\/media\/1076863"}],"wp:attachment":[{"href":"https:\/\/www.claret.cat\/es\/wp-json\/wp\/v2\/media?parent=234369"}],"wp:term":[{"taxonomy":"product_brand","embeddable":true,"href":"https:\/\/www.claret.cat\/es\/wp-json\/wp\/v2\/product_brand?post=234369"},{"taxonomy":"product_cat","embeddable":true,"href":"https:\/\/www.claret.cat\/es\/wp-json\/wp\/v2\/product_cat?post=234369"},{"taxonomy":"product_tag","embeddable":true,"href":"https:\/\/www.claret.cat\/es\/wp-json\/wp\/v2\/product_tag?post=234369"}],"curies":[{"name":"wp","href":"https:\/\/api.w.org\/{rel}","templated":true}]}}