{"id":234402,"date":"2022-10-20T21:17:16","date_gmt":"2022-10-20T19:17:16","guid":{"rendered":"http:\/\/dev.claret.cat\/producte\/apren-a-comptar-amb-els-teus-amics-els-nombres-divertits\/"},"modified":"2023-01-28T15:16:12","modified_gmt":"2023-01-28T14:16:12","slug":"apren-a-comptar-amb-els-teus-amics-els-nombres-divertits-9788499067186","status":"publish","type":"product","link":"https:\/\/www.claret.cat\/es\/libro\/apren-a-comptar-amb-els-teus-amics-els-nombres-divertits-9788499067186\/","title":{"rendered":"APR\u00c8N A COMPTAR AMB ELS TEUS AMICS ELS NOMBRES DIVERTITS"},"content":{"rendered":"<p>Aquest quadern ajudar\u00e0 l &apos; infant a desenvolupar les capacitats b\u00e0siques per aprendre a comptar gr\u00e0cies a:<br \/>  &amp; #9679; La identificaci\u00f3 dels nombres de l &apos; 1 al 100.<br \/>  &amp; #9679; L &apos; associaci\u00f3 d &apos; imatges-nombres.<br \/>  &amp; #9679; L &apos; estimulaci\u00f3 i ampliaci\u00f3 del vocabulari i dels primers coneixements matem\u00e0tics.<br \/>  &amp; #9679; L &apos; escriptura de nombres.<br \/>  &amp; #9679; El refor\u00e7 del pensament l\u00f2gic, la creativitat, la imaginaci\u00f3&#8230;<br \/> Per fomentar l &apos; aprenentatge dels nombres de la manera m\u00e9s divertida!<\/p>\n","protected":false},"excerpt":{"rendered":"<p>L\u00d3PEZ \u00c1VILA, PILAR<\/p>\n","protected":false},"featured_media":234403,"template":"","meta":{"_acf_changed":false,"om_disable_all_campaigns":false,"rs_blank_template":"","rs_page_bg_color":"","slide_template_v7":"","inline_featured_image":false,"_monsterinsights_skip_tracking":false,"_monsterinsights_sitenote_active":false,"_monsterinsights_sitenote_note":"","_monsterinsights_sitenote_category":0},"product_brand":[],"product_cat":[86],"product_tag":[],"class_list":{"0":"post-234402","1":"product","2":"type-product","3":"status-publish","4":"has-post-thumbnail","6":"product_cat-infantil","8":"first","9":"instock","10":"taxable","11":"shipping-taxable","12":"purchasable","13":"product-type-simple"},"acf":{"autor":"L\u00d3PEZ \u00c1VILA, PILAR","codart":"849906718","libros-coleccion":"","ediciones":"1","encuadernacion":"R\u00fastica","fecha_de_publicacion":"01\/05\/2016","novedad":"0","paginas":"47","subtitulo":"","orden":"999","portada":"0","idioma":"cat","autores-libros":[{"ID":167313,"post_author":"3","post_date":"2022-10-14 18:10:13","post_date_gmt":"2022-10-14 16:10:13","post_content":"","post_title":"PILAR L\u00d3PEZ \u00c1VILA","post_excerpt":"","post_status":"publish","comment_status":"closed","ping_status":"closed","post_password":"","post_name":"pilar-lopez-avila","to_ping":"","pinged":"","post_modified":"2022-10-14 18:10:13","post_modified_gmt":"2022-10-14 16:10:13","post_content_filtered":"","post_parent":0,"guid":"http:\/\/dev.claret.cat\/autor\/pilar-lopez-avila\/","menu_order":0,"post_type":"autor","post_mime_type":"","comment_count":"0","filter":"raw"}]},"aioseo_notices":[],"_links":{"self":[{"href":"https:\/\/www.claret.cat\/es\/wp-json\/wp\/v2\/product\/234402","targetHints":{"allow":["GET"]}}],"collection":[{"href":"https:\/\/www.claret.cat\/es\/wp-json\/wp\/v2\/product"}],"about":[{"href":"https:\/\/www.claret.cat\/es\/wp-json\/wp\/v2\/types\/product"}],"wp:featuredmedia":[{"embeddable":true,"href":"https:\/\/www.claret.cat\/es\/wp-json\/wp\/v2\/media\/234403"}],"wp:attachment":[{"href":"https:\/\/www.claret.cat\/es\/wp-json\/wp\/v2\/media?parent=234402"}],"wp:term":[{"taxonomy":"product_brand","embeddable":true,"href":"https:\/\/www.claret.cat\/es\/wp-json\/wp\/v2\/product_brand?post=234402"},{"taxonomy":"product_cat","embeddable":true,"href":"https:\/\/www.claret.cat\/es\/wp-json\/wp\/v2\/product_cat?post=234402"},{"taxonomy":"product_tag","embeddable":true,"href":"https:\/\/www.claret.cat\/es\/wp-json\/wp\/v2\/product_tag?post=234402"}],"curies":[{"name":"wp","href":"https:\/\/api.w.org\/{rel}","templated":true}]}}