{"id":234484,"date":"2022-10-20T21:19:09","date_gmt":"2022-10-20T19:19:09","guid":{"rendered":"http:\/\/dev.claret.cat\/producte\/missio-gairebe-impossible\/"},"modified":"2023-01-28T00:33:21","modified_gmt":"2023-01-27T23:33:21","slug":"missio-gairebe-impossible-9788448939281","status":"publish","type":"product","link":"https:\/\/www.claret.cat\/es\/libro\/missio-gairebe-impossible-9788448939281\/","title":{"rendered":"MISSI\u00d3 (GAIREB\u00c9) IMPOSSIBLE"},"content":{"rendered":"<p>L&#8221;Arman, en Tim i tota la colla han d&#8221;ajudar la Rosvita, una amiga de la Lij que viu al pa\u00eds ve\u00ed de Katxatxof. Necessitaran el Transmutador Distanciatiu i el poder secret de l&#8221;Arman per resoldre un misteri amb un lladre nocturn, uns documents comprometedors, un pol\u00edtic corrupte i un complot internacional. Aconseguiran els objectius que es proposin? Qu\u00e8 t\u00e9 a veure tot aix\u00f2 amb la mare de la Lij? I mentrestant, qu\u00e8 pretenen fer el Mika, el malvat ministre Zhirkov i el seu fidel esbirro Drazan Palurdovski?<\/p>\n","protected":false},"excerpt":{"rendered":"<p>LLORT, LLU\u00cdS \/ MACIP, SALVADOR<\/p>\n","protected":false},"featured_media":234485,"template":"","meta":{"_acf_changed":false,"om_disable_all_campaigns":false,"rs_blank_template":"","rs_page_bg_color":"","slide_template_v7":"","inline_featured_image":false,"_monsterinsights_skip_tracking":false,"_monsterinsights_sitenote_active":false,"_monsterinsights_sitenote_note":"","_monsterinsights_sitenote_category":0},"product_brand":[],"product_cat":[86],"product_tag":[],"class_list":{"0":"post-234484","1":"product","2":"type-product","3":"status-publish","4":"has-post-thumbnail","6":"product_cat-infantil","8":"first","9":"instock","10":"taxable","11":"shipping-taxable","12":"purchasable","13":"product-type-simple"},"acf":{"autor":"LLORT, LLU\u00cdS \/ MACIP, SALVADOR","codart":"844893928","libros-coleccion":"","ediciones":"1","encuadernacion":"Carton\u00e9","fecha_de_publicacion":"01\/05\/2016","novedad":"0","paginas":"185","subtitulo":"","orden":"999","portada":"0","idioma":"cat","editorial":[{"ID":147526,"post_author":"3","post_date":"2022-10-14 11:51:15","post_date_gmt":"2022-10-14 09:51:15","post_content":"","post_title":"BARCANOVA, EDITORIAL","post_excerpt":"","post_status":"publish","comment_status":"closed","ping_status":"closed","post_password":"","post_name":"barcanova-editorial","to_ping":"","pinged":"","post_modified":"2022-10-14 11:51:15","post_modified_gmt":"2022-10-14 09:51:15","post_content_filtered":"","post_parent":0,"guid":"http:\/\/dev.claret.cat\/editorial\/barcanova-editorial\/","menu_order":0,"post_type":"editorial","post_mime_type":"","comment_count":"0","filter":"raw"}],"autores-libros":[{"ID":6008,"post_author":"3","post_date":"2022-07-28 17:36:12","post_date_gmt":"2022-07-28 15:36:12","post_content":"","post_title":"SALVADOR MACIP","post_excerpt":"","post_status":"publish","comment_status":"closed","ping_status":"closed","post_password":"","post_name":"salvador-macip","to_ping":"","pinged":"","post_modified":"2022-07-28 17:36:12","post_modified_gmt":"2022-07-28 15:36:12","post_content_filtered":"","post_parent":0,"guid":"http:\/\/dev.claret.cat\/autor\/salvador-macip\/","menu_order":0,"post_type":"autor","post_mime_type":"","comment_count":"0","filter":"raw"},{"ID":162359,"post_author":"3","post_date":"2022-10-14 17:30:23","post_date_gmt":"2022-10-14 15:30:23","post_content":"","post_title":"LLUIS LLORT","post_excerpt":"","post_status":"publish","comment_status":"closed","ping_status":"closed","post_password":"","post_name":"lluis-llort","to_ping":"","pinged":"","post_modified":"2022-10-14 17:30:23","post_modified_gmt":"2022-10-14 15:30:23","post_content_filtered":"","post_parent":0,"guid":"http:\/\/dev.claret.cat\/autor\/lluis-llort\/","menu_order":0,"post_type":"autor","post_mime_type":"","comment_count":"0","filter":"raw"}]},"aioseo_notices":[],"_links":{"self":[{"href":"https:\/\/www.claret.cat\/es\/wp-json\/wp\/v2\/product\/234484","targetHints":{"allow":["GET"]}}],"collection":[{"href":"https:\/\/www.claret.cat\/es\/wp-json\/wp\/v2\/product"}],"about":[{"href":"https:\/\/www.claret.cat\/es\/wp-json\/wp\/v2\/types\/product"}],"wp:featuredmedia":[{"embeddable":true,"href":"https:\/\/www.claret.cat\/es\/wp-json\/wp\/v2\/media\/234485"}],"wp:attachment":[{"href":"https:\/\/www.claret.cat\/es\/wp-json\/wp\/v2\/media?parent=234484"}],"wp:term":[{"taxonomy":"product_brand","embeddable":true,"href":"https:\/\/www.claret.cat\/es\/wp-json\/wp\/v2\/product_brand?post=234484"},{"taxonomy":"product_cat","embeddable":true,"href":"https:\/\/www.claret.cat\/es\/wp-json\/wp\/v2\/product_cat?post=234484"},{"taxonomy":"product_tag","embeddable":true,"href":"https:\/\/www.claret.cat\/es\/wp-json\/wp\/v2\/product_tag?post=234484"}],"curies":[{"name":"wp","href":"https:\/\/api.w.org\/{rel}","templated":true}]}}