{"id":234561,"date":"2022-10-20T21:20:59","date_gmt":"2022-10-20T19:20:59","guid":{"rendered":"http:\/\/dev.claret.cat\/producte\/los-limites-de-nuestro-infinito\/"},"modified":"2023-01-28T16:41:15","modified_gmt":"2023-01-28T15:41:15","slug":"los-limites-de-nuestro-infinito-9788408150190","status":"publish","type":"product","link":"https:\/\/www.claret.cat\/es\/libro\/los-limites-de-nuestro-infinito-9788408150190\/","title":{"rendered":"LOS L\u00cdMITES DE NUESTRO INFINITO"},"content":{"rendered":"<p>Agatha ha pasado m\u00e1s de la mitad de su vida entre rejas. Ahora, con\u00a0m\u00e1s de sesenta a\u00f1os, decide escapar: ha llegado el momento de vivir la\u00a0vida que le arrebataron. Milly, una joven estudiante universitaria en Filadelfia,\u00a0lleva una vida sencilla y sin un rumbo claro, hasta que Agatha se\u00a0cruza en su camino. Aparentemente nada las une, pero juntas realizar\u00e1n\u00a0un viaje de cinco d\u00edas a trav\u00e9s de Estados Unidos que marcar\u00e1 un antes\u00a0y un despu\u00e9s para las dos. Aunque veinte a\u00f1os las separan, compartir\u00e1n\u00a0aquellos sue\u00f1os que nunca es tarde para cumplir y evocar\u00e1n esos amores\u00a0que no se apagan jam\u00e1s.\u00a0Al igual que Julia y su padre en Las cosas que no nos dijimos, Agatha\u00a0y Milly se convierten en dos personajes inolvidables, entra\u00f1ables y \u00fanicos,\u00a0que demuestran que juntos somos mejores y que es posible ver el\u00a0futuro con nuevos ojos.<br \/> \u00abSuspense, emoci\u00f3n, puro Marc Levy\u00bb, Voici\u00abCinco d\u00edas de una road-movie extraordinaria\u00bb, Le Figaro\u00abUna extraordinaria historia de amor y de amistad\u00bb, Paris- Match\u00abDesde las primeras l\u00edneas los lectores est\u00e1n de viaje, y Marc\u00a0Levy nos espera en una esquina para llevarnos en direcci\u00f3n a\u00a0la felicidad\u00bb, Notre temps\u00abD\u00e9jense recoger en autostop\u00bb, Le parisien<\/p>\n","protected":false},"excerpt":{"rendered":"<p>LEVY, MARC<\/p>\n","protected":false},"featured_media":234562,"template":"","meta":{"_acf_changed":false,"om_disable_all_campaigns":false,"rs_blank_template":"","rs_page_bg_color":"","slide_template_v7":"","inline_featured_image":false,"_monsterinsights_skip_tracking":false,"_monsterinsights_sitenote_active":false,"_monsterinsights_sitenote_note":"","_monsterinsights_sitenote_category":0},"product_brand":[],"product_cat":[87],"product_tag":[],"class_list":{"0":"post-234561","1":"product","2":"type-product","3":"status-publish","4":"has-post-thumbnail","6":"product_cat-literatura","8":"first","9":"instock","10":"taxable","11":"shipping-taxable","12":"purchasable","13":"product-type-simple"},"acf":{"autor":"LEVY, MARC","codart":"840815019","libros-coleccion":"","ediciones":"1","encuadernacion":"R\u00fastica","fecha_de_publicacion":"01\/05\/2016","novedad":"0","paginas":"332","subtitulo":"","orden":"999","portada":"0","idioma":"spa","editorial":[{"ID":6149,"post_author":"3","post_date":"2022-07-28 17:45:56","post_date_gmt":"2022-07-28 15:45:56","post_content":"","post_title":"BOOKET","post_excerpt":"","post_status":"publish","comment_status":"closed","ping_status":"closed","post_password":"","post_name":"booket","to_ping":"","pinged":"","post_modified":"2022-07-28 17:45:56","post_modified_gmt":"2022-07-28 15:45:56","post_content_filtered":"","post_parent":0,"guid":"http:\/\/dev.claret.cat\/editorial\/booket\/","menu_order":0,"post_type":"editorial","post_mime_type":"","comment_count":"0","filter":"raw"}],"autores-libros":[{"ID":163321,"post_author":"3","post_date":"2022-10-14 17:38:05","post_date_gmt":"2022-10-14 15:38:05","post_content":"","post_title":"MARC LEVY","post_excerpt":"","post_status":"publish","comment_status":"closed","ping_status":"closed","post_password":"","post_name":"marc-levy","to_ping":"","pinged":"","post_modified":"2022-10-14 17:38:05","post_modified_gmt":"2022-10-14 15:38:05","post_content_filtered":"","post_parent":0,"guid":"http:\/\/dev.claret.cat\/autor\/marc-levy\/","menu_order":0,"post_type":"autor","post_mime_type":"","comment_count":"0","filter":"raw"}]},"aioseo_notices":[],"_links":{"self":[{"href":"https:\/\/www.claret.cat\/es\/wp-json\/wp\/v2\/product\/234561","targetHints":{"allow":["GET"]}}],"collection":[{"href":"https:\/\/www.claret.cat\/es\/wp-json\/wp\/v2\/product"}],"about":[{"href":"https:\/\/www.claret.cat\/es\/wp-json\/wp\/v2\/types\/product"}],"wp:featuredmedia":[{"embeddable":true,"href":"https:\/\/www.claret.cat\/es\/wp-json\/wp\/v2\/media\/234562"}],"wp:attachment":[{"href":"https:\/\/www.claret.cat\/es\/wp-json\/wp\/v2\/media?parent=234561"}],"wp:term":[{"taxonomy":"product_brand","embeddable":true,"href":"https:\/\/www.claret.cat\/es\/wp-json\/wp\/v2\/product_brand?post=234561"},{"taxonomy":"product_cat","embeddable":true,"href":"https:\/\/www.claret.cat\/es\/wp-json\/wp\/v2\/product_cat?post=234561"},{"taxonomy":"product_tag","embeddable":true,"href":"https:\/\/www.claret.cat\/es\/wp-json\/wp\/v2\/product_tag?post=234561"}],"curies":[{"name":"wp","href":"https:\/\/api.w.org\/{rel}","templated":true}]}}