{"id":234631,"date":"2022-10-20T21:22:42","date_gmt":"2022-10-20T19:22:42","guid":{"rendered":"http:\/\/dev.claret.cat\/producte\/elogio-del-silencio\/"},"modified":"2026-04-16T11:20:34","modified_gmt":"2026-04-16T09:20:34","slug":"elogio-del-silencio-9788429315554","status":"publish","type":"product","link":"https:\/\/www.claret.cat\/es\/libro\/elogio-del-silencio-9788429315554\/","title":{"rendered":"ELOGIO DEL SILENCIO"},"content":{"rendered":"<p>En medio del bullicio de nuestro tiempo, son muchas las personas que sienten la necesidad de liberarse de su ruidoso ajetreo y encontrar la tranquilidad. A otros, en cambio, el silencio les resulta arduo y penoso.      Los monjes, tan dados al silencio, no hablan apasionadamente del mismo. El apasionarse es siempre un s\u00edntoma de que se han proyectado demasiados deseos inconscientes en un objeto. En los escritos mon\u00e1sticos se habla con mucha sobriedad del silencio, que nunca es definido como el \u00fanico medio del camino espiritual, sino que es contemplado siempre en relaci\u00f3n con todos los dem\u00e1s medios con los que el monje ha de familiarizarse: la oraci\u00f3n, la meditaci\u00f3n, la direcci\u00f3n espiritual, el trabajo, el ayuno, la limosna, el amor al hermano y la pr\u00e1ctica de la hospitalidad. El silencio como camino espiritual consta de tres fases: el encuentro consigo mismo, el desprendimiento o liberaci\u00f3n, y la unidad con Dios y con uno mismo.      El silencio es m\u00e1s que ausencia de palabras. Es una premisa para el cambio personal y, al mismo tiempo, un primer paso a lo largo del camino interior. Con ayuda del silencio, el ser humano accede a s\u00ed mismo, a la oraci\u00f3n, y al di\u00e1logo con Dios. ANSELM GR\u00dcN, nacido en 1945, monje y administrador de la abad\u00eda benedictina de M\u00fcnsterschwarzach, es acompa\u00f1ante y consejero espiritual de muchas personas y uno de los autores cristianos m\u00e1s le\u00eddos de la actualidad.<\/p>\n","protected":false},"excerpt":{"rendered":"<p>GR\u00dcN, ANSELM<\/p>\n","protected":false},"featured_media":339377,"template":"","meta":{"_acf_changed":false,"om_disable_all_campaigns":false,"rs_blank_template":"","rs_page_bg_color":"","slide_template_v7":"","inline_featured_image":false,"_monsterinsights_skip_tracking":false,"_monsterinsights_sitenote_active":false,"_monsterinsights_sitenote_note":"","_monsterinsights_sitenote_category":0},"product_brand":[],"product_cat":[345,79],"product_tag":[],"class_list":{"0":"post-234631","1":"product","2":"type-product","3":"status-publish","4":"has-post-thumbnail","6":"product_cat-espiritualidad","7":"product_cat-espiritualitat","9":"first","10":"instock","11":"taxable","12":"shipping-taxable","13":"purchasable","14":"product-type-simple"},"acf":{"autor":"GR\u00dcN, ANSELM","codart":"842931555","libros-coleccion":"ST Breve","ediciones":"1","encuadernacion":"R\u00fastica","fecha_de_publicacion":"01\/05\/2016","novedad":"0","paginas":"109","subtitulo":"","orden":"999","portada":"0","idioma":"spa","editorial":[{"ID":6355,"post_author":"3","post_date":"2022-07-28 17:50:25","post_date_gmt":"2022-07-28 15:50:25","post_content":"","post_title":"Salterrae","post_excerpt":"","post_status":"publish","comment_status":"closed","ping_status":"closed","post_password":"","post_name":"salterrae","to_ping":"","pinged":"","post_modified":"2022-07-28 17:50:25","post_modified_gmt":"2022-07-28 15:50:25","post_content_filtered":"","post_parent":0,"guid":"http:\/\/dev.claret.cat\/editorial\/salterrae\/","menu_order":0,"post_type":"editorial","post_mime_type":"","comment_count":"0","filter":"raw"}],"autores-libros":[{"ID":157153,"post_author":"3","post_date":"2022-10-14 15:26:32","post_date_gmt":"2022-10-14 13:26:32","post_content":"","post_title":"GR\u00dcN, ANSELM","post_excerpt":"","post_status":"publish","comment_status":"closed","ping_status":"closed","post_password":"","post_name":"grun-anselm-2","to_ping":"","pinged":"","post_modified":"2022-10-14 15:26:32","post_modified_gmt":"2022-10-14 13:26:32","post_content_filtered":"","post_parent":0,"guid":"http:\/\/dev.claret.cat\/autor\/grun-anselm-2\/","menu_order":0,"post_type":"autor","post_mime_type":"","comment_count":"0","filter":"raw"}],"booktrailer":"","resenas":""},"aioseo_notices":[],"_links":{"self":[{"href":"https:\/\/www.claret.cat\/es\/wp-json\/wp\/v2\/product\/234631","targetHints":{"allow":["GET"]}}],"collection":[{"href":"https:\/\/www.claret.cat\/es\/wp-json\/wp\/v2\/product"}],"about":[{"href":"https:\/\/www.claret.cat\/es\/wp-json\/wp\/v2\/types\/product"}],"wp:featuredmedia":[{"embeddable":true,"href":"https:\/\/www.claret.cat\/es\/wp-json\/wp\/v2\/media\/339377"}],"wp:attachment":[{"href":"https:\/\/www.claret.cat\/es\/wp-json\/wp\/v2\/media?parent=234631"}],"wp:term":[{"taxonomy":"product_brand","embeddable":true,"href":"https:\/\/www.claret.cat\/es\/wp-json\/wp\/v2\/product_brand?post=234631"},{"taxonomy":"product_cat","embeddable":true,"href":"https:\/\/www.claret.cat\/es\/wp-json\/wp\/v2\/product_cat?post=234631"},{"taxonomy":"product_tag","embeddable":true,"href":"https:\/\/www.claret.cat\/es\/wp-json\/wp\/v2\/product_tag?post=234631"}],"curies":[{"name":"wp","href":"https:\/\/api.w.org\/{rel}","templated":true}]}}