{"id":234685,"date":"2022-10-20T21:23:56","date_gmt":"2022-10-20T19:23:56","guid":{"rendered":"http:\/\/dev.claret.cat\/producte\/cuaderno-de-vacaciones-3-anos-paw-patrol-cuadernos-de-vacaciones\/"},"modified":"2023-01-28T06:58:15","modified_gmt":"2023-01-28T05:58:15","slug":"cuaderno-de-vacaciones-3-anos-paw-patrol-cuadernos-de-vacaciones-9788437201047","status":"publish","type":"product","link":"https:\/\/www.claret.cat\/es\/libro\/cuaderno-de-vacaciones-3-anos-paw-patrol-cuadernos-de-vacaciones-9788437201047\/","title":{"rendered":"CUADERNO DE VACACIONES. 3 A\u00d1OS (PAW PATROL. CUADERNOS DE VACACIONES)"},"content":{"rendered":"<p>Un cuaderno de vacaciones con un mont\u00f3n de actividades relacionadas  con la malla curricular de P3 protagonizados por la Patrulla Canina.El Cuaderno de vacaciones. 3 a\u00f1os de la Patrulla Canina tiene como  objetivo repasar los contenidos trabajados durante el curso escolar y  as\u00ed preparar al ni\u00f1o para iniciar con garant\u00edas de \u00e9xito P4.Con las actividades de este cuaderno los ni\u00f1os se divertir\u00e1n con Ryder,  Chase, Marshall, Rubble, Skye, Rocky y Zuma, al tiempo que dibujan,  recortan y repasan el abecedario, la caligraf\u00eda, la lectura, las matem\u00e1ticas y la creatividad.Este verano \u00a1elige los cuadernos m\u00e1s divertidos!<\/p>\n","protected":false},"excerpt":{"rendered":"<p>NICKELODEON<\/p>\n","protected":false},"featured_media":234686,"template":"","meta":{"_acf_changed":false,"om_disable_all_campaigns":false,"rs_blank_template":"","rs_page_bg_color":"","slide_template_v7":"","inline_featured_image":false,"_monsterinsights_skip_tracking":false,"_monsterinsights_sitenote_active":false,"_monsterinsights_sitenote_note":"","_monsterinsights_sitenote_category":0},"product_brand":[],"product_cat":[86],"product_tag":[],"class_list":{"0":"post-234685","1":"product","2":"type-product","3":"status-publish","4":"has-post-thumbnail","6":"product_cat-infantil","8":"first","9":"instock","10":"taxable","11":"shipping-taxable","12":"purchasable","13":"product-type-simple"},"acf":{"autor":"NICKELODEON","codart":"9788437201047","libros-coleccion":"","ediciones":"1","encuadernacion":"R\u00fastica","fecha_de_publicacion":"01\/05\/2016","novedad":"0","paginas":"54","subtitulo":"","orden":"999","portada":"0","idioma":"spa","editorial":[{"ID":147416,"post_author":"3","post_date":"2022-10-14 11:50:24","post_date_gmt":"2022-10-14 09:50:24","post_content":"","post_title":"ALTEA, EDICIONES","post_excerpt":"","post_status":"publish","comment_status":"closed","ping_status":"closed","post_password":"","post_name":"altea-ediciones","to_ping":"","pinged":"","post_modified":"2022-10-14 11:50:24","post_modified_gmt":"2022-10-14 09:50:24","post_content_filtered":"","post_parent":0,"guid":"http:\/\/dev.claret.cat\/editorial\/altea-ediciones\/","menu_order":0,"post_type":"editorial","post_mime_type":"","comment_count":"0","filter":"raw"}],"autores-libros":[{"ID":165803,"post_author":"3","post_date":"2022-10-14 17:58:04","post_date_gmt":"2022-10-14 15:58:04","post_content":"","post_title":"NICKELODEON","post_excerpt":"","post_status":"publish","comment_status":"closed","ping_status":"closed","post_password":"","post_name":"nickelodeon","to_ping":"","pinged":"","post_modified":"2022-10-14 17:58:04","post_modified_gmt":"2022-10-14 15:58:04","post_content_filtered":"","post_parent":0,"guid":"http:\/\/dev.claret.cat\/autor\/nickelodeon\/","menu_order":0,"post_type":"autor","post_mime_type":"","comment_count":"0","filter":"raw"}]},"aioseo_notices":[],"_links":{"self":[{"href":"https:\/\/www.claret.cat\/es\/wp-json\/wp\/v2\/product\/234685","targetHints":{"allow":["GET"]}}],"collection":[{"href":"https:\/\/www.claret.cat\/es\/wp-json\/wp\/v2\/product"}],"about":[{"href":"https:\/\/www.claret.cat\/es\/wp-json\/wp\/v2\/types\/product"}],"wp:featuredmedia":[{"embeddable":true,"href":"https:\/\/www.claret.cat\/es\/wp-json\/wp\/v2\/media\/234686"}],"wp:attachment":[{"href":"https:\/\/www.claret.cat\/es\/wp-json\/wp\/v2\/media?parent=234685"}],"wp:term":[{"taxonomy":"product_brand","embeddable":true,"href":"https:\/\/www.claret.cat\/es\/wp-json\/wp\/v2\/product_brand?post=234685"},{"taxonomy":"product_cat","embeddable":true,"href":"https:\/\/www.claret.cat\/es\/wp-json\/wp\/v2\/product_cat?post=234685"},{"taxonomy":"product_tag","embeddable":true,"href":"https:\/\/www.claret.cat\/es\/wp-json\/wp\/v2\/product_tag?post=234685"}],"curies":[{"name":"wp","href":"https:\/\/api.w.org\/{rel}","templated":true}]}}