{"id":234706,"date":"2022-10-20T21:24:28","date_gmt":"2022-10-20T19:24:28","guid":{"rendered":"http:\/\/dev.claret.cat\/producte\/la-flor-mas-grande-del-mundo\/"},"modified":"2023-01-28T15:05:04","modified_gmt":"2023-01-28T14:05:04","slug":"la-flor-mas-grande-del-mundo-9788448846046","status":"publish","type":"product","link":"https:\/\/www.claret.cat\/es\/libro\/la-flor-mas-grande-del-mundo-9788448846046\/","title":{"rendered":"LA FLOR M\u00c1S GRANDE DEL MUNDO"},"content":{"rendered":"<p>Si las historias para ni\u00f1os fueran de lectura obligada para los  adultos, \u00bfser\u00edamos capaces de aprender lo que, desde hace tanto tiempo, venimos ense\u00f1ando?Un bello relato para ni\u00f1os&#8230; y para adultos, de Jos\u00e9 Saramago, Premio Nobel de Literatura.La flor m\u00e1s grande del mundo narra la historia de un ni\u00f1o que,  recorriendo el mundo, encuentra una flor marchita. \u00ab\u00a1Oh! No hay agua por  aqu\u00ed, esta flor morir\u00e1\u00bb. Y entonces comienza a buscar agua por el mundo,  se aleja de su casa y atraviesa paisajes desconocidos buscando la forma de salvar la flor.Un cuento cargado de fuerza y energ\u00eda y un texto repleto de s\u00edmbolos y  enigmas. Con ilustraciones de Jo\u00e3o Caetano que contribuyen a  mantener la fuerza y la poes\u00eda del relato.<\/p>\n","protected":false},"excerpt":{"rendered":"<p>SARAMAGO, JOSE\/LETRIA, ANDRE<\/p>\n","protected":false},"featured_media":234707,"template":"","meta":{"_acf_changed":false,"om_disable_all_campaigns":false,"rs_blank_template":"","rs_page_bg_color":"","slide_template_v7":"","inline_featured_image":false,"_monsterinsights_skip_tracking":false,"_monsterinsights_sitenote_active":false,"_monsterinsights_sitenote_note":"","_monsterinsights_sitenote_category":0},"product_brand":[],"product_cat":[86],"product_tag":[],"class_list":{"0":"post-234706","1":"product","2":"type-product","3":"status-publish","4":"has-post-thumbnail","6":"product_cat-infantil","8":"first","9":"instock","10":"taxable","11":"shipping-taxable","12":"purchasable","13":"product-type-simple"},"acf":{"autor":"SARAMAGO, JOSE\/LETRIA, ANDRE","codart":"9788448846046","libros-coleccion":"","ediciones":"1","encuadernacion":"Carton\u00e9","fecha_de_publicacion":"01\/05\/2016","novedad":"0","paginas":"0","subtitulo":"","orden":"999","portada":"0","idioma":"spa","editorial":[{"ID":147537,"post_author":"3","post_date":"2022-10-14 11:51:20","post_date_gmt":"2022-10-14 09:51:20","post_content":"","post_title":"BEASCOA, EDICIONES S.A.","post_excerpt":"","post_status":"publish","comment_status":"closed","ping_status":"closed","post_password":"","post_name":"beascoa-ediciones-s-a","to_ping":"","pinged":"","post_modified":"2022-10-14 11:51:20","post_modified_gmt":"2022-10-14 09:51:20","post_content_filtered":"","post_parent":0,"guid":"http:\/\/dev.claret.cat\/editorial\/beascoa-ediciones-s-a\/","menu_order":0,"post_type":"editorial","post_mime_type":"","comment_count":"0","filter":"raw"}],"autores-libros":[{"ID":5650,"post_author":"3","post_date":"2022-07-28 17:28:32","post_date_gmt":"2022-07-28 15:28:32","post_content":"","post_title":"JOSE SARAMAGO","post_excerpt":"","post_status":"publish","comment_status":"closed","ping_status":"closed","post_password":"","post_name":"jose-saramago","to_ping":"","pinged":"","post_modified":"2022-07-28 17:28:32","post_modified_gmt":"2022-07-28 15:28:32","post_content_filtered":"","post_parent":0,"guid":"http:\/\/dev.claret.cat\/autor\/jose-saramago\/","menu_order":0,"post_type":"autor","post_mime_type":"","comment_count":"0","filter":"raw"}]},"aioseo_notices":[],"_links":{"self":[{"href":"https:\/\/www.claret.cat\/es\/wp-json\/wp\/v2\/product\/234706","targetHints":{"allow":["GET"]}}],"collection":[{"href":"https:\/\/www.claret.cat\/es\/wp-json\/wp\/v2\/product"}],"about":[{"href":"https:\/\/www.claret.cat\/es\/wp-json\/wp\/v2\/types\/product"}],"wp:featuredmedia":[{"embeddable":true,"href":"https:\/\/www.claret.cat\/es\/wp-json\/wp\/v2\/media\/234707"}],"wp:attachment":[{"href":"https:\/\/www.claret.cat\/es\/wp-json\/wp\/v2\/media?parent=234706"}],"wp:term":[{"taxonomy":"product_brand","embeddable":true,"href":"https:\/\/www.claret.cat\/es\/wp-json\/wp\/v2\/product_brand?post=234706"},{"taxonomy":"product_cat","embeddable":true,"href":"https:\/\/www.claret.cat\/es\/wp-json\/wp\/v2\/product_cat?post=234706"},{"taxonomy":"product_tag","embeddable":true,"href":"https:\/\/www.claret.cat\/es\/wp-json\/wp\/v2\/product_tag?post=234706"}],"curies":[{"name":"wp","href":"https:\/\/api.w.org\/{rel}","templated":true}]}}