{"id":23475,"date":"2022-10-02T10:03:08","date_gmt":"2022-10-02T08:03:08","guid":{"rendered":"http:\/\/dev.claret.cat\/producte\/el-diaconado-permanente-y-sus-aportaciones-en-una-iglesia-en-salida\/"},"modified":"2024-05-23T02:49:42","modified_gmt":"2024-05-23T00:49:42","slug":"el-diaconado-permanente-y-sus-aportaciones-en-una-iglesia-en-salida-9788491654889","status":"publish","type":"product","link":"https:\/\/www.claret.cat\/es\/libro\/el-diaconado-permanente-y-sus-aportaciones-en-una-iglesia-en-salida-9788491654889\/","title":{"rendered":"EL DIACONADO PERMANENTE Y  SUS APORTACIONES EN UNA IGLESIA EN SALIDA"},"content":{"rendered":"<p>Aunque haya pasado m\u00e1s de medio siglo desde el Concilio Vaticano II, el diaconado sigue suponiendo para muchos cristianos una novedad. \u00bfEntonces cu\u00e1l es el problema para que todav\u00eda haya dudas, a veces incluso rechazo hacia esta figura? Ciertamente la pr\u00e1ctica de la Iglesia, la teolog\u00eda y el sensus fidei de los cristianos de buena voluntad van clarificando cu\u00e1l es su lugar pero todav\u00eda hay mucho desconocimiento acerca de esta figura. Esta obra desea aportar desde la teolog\u00eda y la praxis a la clarificaci\u00f3n de la figura diaconal en todas sus dimensiones. Es importante que todos los miembros de la Iglesia entiendan la figura del di\u00e1cono como ministro ordenado, configurado con Cristo siervo y cabeza y al servicio del sacerdocio bautismal. Desde ah\u00ed entenderemos sus aportaciones, especialmente a una Iglesia en salida y a la obra evangelizadora a la que todos estamos llamados a colaborar en comuni\u00f3n y sin sentimientos de rivalidad. El diacono permanente tiene su lugar propio en la Iglesia. M\u00e1s all\u00e1 de la reflexi\u00f3n teol\u00f3gico-pr\u00e1ctica, esta obra tambi\u00e9n quiere dar ideas concretas para ubicar pastoral- y eclesialmente al di\u00e1cono. Eduardo Ludwig, nacido en 1974 es di\u00e1cono permanente c\u00e9libe en la di\u00f3cesis de Pamplona Tudela desde 2012. Licenciado en Econom\u00eda y en Ciencias Religiosas ejerce profesionalmente como profesor en el colegio Santa Mar\u00eda la Real (Maristas) de Sarriguren, Navarra. Anteriormente ha sido director titular de un colegio diocesano en la provincia de Zaragoza. Es director de una Escuela de Tiempo Libre y colabora en una parroquia. M\u00e1s all\u00e1 de su diacon\u00eda al servicio de la educaci\u00f3n de los ni\u00f1os y adolescentes se pueden mencionar tambi\u00e9n sus dos publicaciones: El diaconado, fundamento e identidad y El diaconado permanente en el debate actual.<\/p>\n","protected":false},"excerpt":{"rendered":"<p>LUDWIG SANZ-ORRIO, EDUARDO<\/p>\n","protected":false},"featured_media":0,"template":"","meta":{"_acf_changed":false,"om_disable_all_campaigns":false,"rs_blank_template":"","rs_page_bg_color":"","slide_template_v7":"","inline_featured_image":false,"_monsterinsights_skip_tracking":false,"_monsterinsights_sitenote_active":false,"_monsterinsights_sitenote_note":"","_monsterinsights_sitenote_category":0},"product_brand":[],"product_cat":[513,287],"product_tag":[],"class_list":{"0":"post-23475","1":"product","2":"type-product","3":"status-publish","5":"product_cat-ministerios-ordenados","6":"product_cat-ministeris-ordenats","8":"first","9":"instock","10":"taxable","11":"shipping-taxable","12":"purchasable","13":"product-type-simple"},"acf":{"autor":"LUDWIG SANZ-ORRIO, EDUARDO","codart":"849165488","libros-coleccion":"FORA DE COL.LECCI\u00d3","ediciones":"1","encuadernacion":"R\u00fastica","fecha_de_publicacion":"08\/02\/2022","novedad":"1","paginas":"96","subtitulo":"","orden":"0","portada":"0","idioma":"spa","editorial":[{"ID":6172,"post_author":"3","post_date":"2022-07-28 17:46:27","post_date_gmt":"2022-07-28 15:46:27","post_content":"","post_title":"CPL","post_excerpt":"","post_status":"publish","comment_status":"closed","ping_status":"closed","post_password":"","post_name":"cpl","to_ping":"","pinged":"","post_modified":"2022-07-28 17:46:27","post_modified_gmt":"2022-07-28 15:46:27","post_content_filtered":"","post_parent":0,"guid":"http:\/\/dev.claret.cat\/editorial\/cpl\/","menu_order":0,"post_type":"editorial","post_mime_type":"","comment_count":"0","filter":"raw"}],"autores-libros":[{"ID":154597,"post_author":"3","post_date":"2022-10-14 15:06:05","post_date_gmt":"2022-10-14 13:06:05","post_content":"","post_title":"EDUARDO LUDWIG SANZ-ORRIO","post_excerpt":"","post_status":"publish","comment_status":"closed","ping_status":"closed","post_password":"","post_name":"eduardo-ludwig-sanz-orrio","to_ping":"","pinged":"","post_modified":"2022-10-14 15:06:05","post_modified_gmt":"2022-10-14 13:06:05","post_content_filtered":"","post_parent":0,"guid":"http:\/\/dev.claret.cat\/autor\/eduardo-ludwig-sanz-orrio\/","menu_order":0,"post_type":"autor","post_mime_type":"","comment_count":"0","filter":"raw"}]},"aioseo_notices":[],"_links":{"self":[{"href":"https:\/\/www.claret.cat\/es\/wp-json\/wp\/v2\/product\/23475","targetHints":{"allow":["GET"]}}],"collection":[{"href":"https:\/\/www.claret.cat\/es\/wp-json\/wp\/v2\/product"}],"about":[{"href":"https:\/\/www.claret.cat\/es\/wp-json\/wp\/v2\/types\/product"}],"wp:attachment":[{"href":"https:\/\/www.claret.cat\/es\/wp-json\/wp\/v2\/media?parent=23475"}],"wp:term":[{"taxonomy":"product_brand","embeddable":true,"href":"https:\/\/www.claret.cat\/es\/wp-json\/wp\/v2\/product_brand?post=23475"},{"taxonomy":"product_cat","embeddable":true,"href":"https:\/\/www.claret.cat\/es\/wp-json\/wp\/v2\/product_cat?post=23475"},{"taxonomy":"product_tag","embeddable":true,"href":"https:\/\/www.claret.cat\/es\/wp-json\/wp\/v2\/product_tag?post=23475"}],"curies":[{"name":"wp","href":"https:\/\/api.w.org\/{rel}","templated":true}]}}