{"id":234790,"date":"2022-10-20T21:26:39","date_gmt":"2022-10-20T19:26:39","guid":{"rendered":"http:\/\/dev.claret.cat\/producte\/demian\/"},"modified":"2023-01-28T11:50:21","modified_gmt":"2023-01-28T10:50:21","slug":"demian-9788491043638","status":"publish","type":"product","link":"https:\/\/www.claret.cat\/es\/libro\/demian-9788491043638\/","title":{"rendered":"DEMIAN"},"content":{"rendered":"<p>EDICI\u00d3N ESPECIAL CONMEMORATIVA DEL 50 ANIVERSARIO DE ALIANZA EDITORIAL<\/p>\n<p>Publicada por Alianza Editorial en el significativo a\u00f1o 1968, &#8216;Demian&#8217; es una de las obras m\u00e1s emblem\u00e1ticas de Hermann Hesse (1877-1962). La novela -en la que late la repulsa de la sociedad burguesa y masificada y el llamamiento a los elegidos (los que llevan en su frente el \u00abestigma de Ca\u00edn\u00bb) para conquistar la autenticidad y emprender la reconstrucci\u00f3n comunitaria de la humanidad- narra, como reza su subt\u00edtulo, la \u00abhistoria de la juventud\u00bb de Emil Sinclair, quien, en ruptura con el mundo claro y seguro de su infancia, va a la busca de su personalidad y de su destino, s\u00f3lo realizables en el mundo oscuro, incierto y amenazador de los adultos.<\/p>\n","protected":false},"excerpt":{"rendered":"<p>HESSE, HERMANN<\/p>\n","protected":false},"featured_media":234791,"template":"","meta":{"_acf_changed":false,"om_disable_all_campaigns":false,"rs_blank_template":"","rs_page_bg_color":"","slide_template_v7":"","inline_featured_image":false,"_monsterinsights_skip_tracking":false,"_monsterinsights_sitenote_active":false,"_monsterinsights_sitenote_note":"","_monsterinsights_sitenote_category":0},"product_brand":[],"product_cat":[87],"product_tag":[],"class_list":{"0":"post-234790","1":"product","2":"type-product","3":"status-publish","4":"has-post-thumbnail","6":"product_cat-literatura","8":"first","9":"instock","10":"taxable","11":"shipping-taxable","12":"purchasable","13":"product-type-simple"},"acf":{"autor":"HESSE, HERMANN","codart":"849104363","libros-coleccion":"","ediciones":"1","encuadernacion":"R\u00fastica","fecha_de_publicacion":"01\/05\/2016","novedad":"0","paginas":"187","subtitulo":"","orden":"999","portada":"0","idioma":"spa","editorial":[{"ID":147398,"post_author":"3","post_date":"2022-10-14 11:50:16","post_date_gmt":"2022-10-14 09:50:16","post_content":"","post_title":"ALIANZA EDITORIAL, S. A.","post_excerpt":"","post_status":"publish","comment_status":"closed","ping_status":"closed","post_password":"","post_name":"alianza-editorial-s-a","to_ping":"","pinged":"","post_modified":"2022-10-14 11:50:16","post_modified_gmt":"2022-10-14 09:50:16","post_content_filtered":"","post_parent":0,"guid":"http:\/\/dev.claret.cat\/editorial\/alianza-editorial-s-a\/","menu_order":0,"post_type":"editorial","post_mime_type":"","comment_count":"0","filter":"raw"}],"autores-libros":[{"ID":157544,"post_author":"3","post_date":"2022-10-14 15:29:40","post_date_gmt":"2022-10-14 13:29:40","post_content":"","post_title":"HERMANN HESSE","post_excerpt":"","post_status":"publish","comment_status":"closed","ping_status":"closed","post_password":"","post_name":"hermann-hesse","to_ping":"","pinged":"","post_modified":"2022-10-14 15:29:40","post_modified_gmt":"2022-10-14 13:29:40","post_content_filtered":"","post_parent":0,"guid":"http:\/\/dev.claret.cat\/autor\/hermann-hesse\/","menu_order":0,"post_type":"autor","post_mime_type":"","comment_count":"0","filter":"raw"}]},"aioseo_notices":[],"_links":{"self":[{"href":"https:\/\/www.claret.cat\/es\/wp-json\/wp\/v2\/product\/234790","targetHints":{"allow":["GET"]}}],"collection":[{"href":"https:\/\/www.claret.cat\/es\/wp-json\/wp\/v2\/product"}],"about":[{"href":"https:\/\/www.claret.cat\/es\/wp-json\/wp\/v2\/types\/product"}],"wp:featuredmedia":[{"embeddable":true,"href":"https:\/\/www.claret.cat\/es\/wp-json\/wp\/v2\/media\/234791"}],"wp:attachment":[{"href":"https:\/\/www.claret.cat\/es\/wp-json\/wp\/v2\/media?parent=234790"}],"wp:term":[{"taxonomy":"product_brand","embeddable":true,"href":"https:\/\/www.claret.cat\/es\/wp-json\/wp\/v2\/product_brand?post=234790"},{"taxonomy":"product_cat","embeddable":true,"href":"https:\/\/www.claret.cat\/es\/wp-json\/wp\/v2\/product_cat?post=234790"},{"taxonomy":"product_tag","embeddable":true,"href":"https:\/\/www.claret.cat\/es\/wp-json\/wp\/v2\/product_tag?post=234790"}],"curies":[{"name":"wp","href":"https:\/\/api.w.org\/{rel}","templated":true}]}}