{"id":234880,"date":"2022-10-20T21:28:49","date_gmt":"2022-10-20T19:28:49","guid":{"rendered":"http:\/\/dev.claret.cat\/producte\/hamish-i-elsdelmai\/"},"modified":"2023-01-28T05:32:23","modified_gmt":"2023-01-28T04:32:23","slug":"hamish-i-elsdelmai-9788466141130","status":"publish","type":"product","link":"https:\/\/www.claret.cat\/es\/libro\/hamish-i-elsdelmai-9788466141130\/","title":{"rendered":"HAMISH I ELSDELMAI"},"content":{"rendered":"<p>Ning\u00fa no ho sap, encara, per\u00f2 tots els habitants de la Terra tenen un GRAN problema. Uns monstres sinistres, una ombra misteriosa, un ex\u00e8rcit met\u00e0l:lic i gent com tu i com jo \u00a0per\u00f2 que en el fons no s\u00f3n com nosaltres, amenacen l&#8221;exist\u00e8ncia de la ra\u00e7a humana.@import url(http:\/\/ecat.gesm.net\/CuteSoft_Client\/CuteEditor\/Load.ashx?type=style&amp;file=SyntaxHighlighter.css);<\/p>\n","protected":false},"excerpt":{"rendered":"<p>WALLACE, DANNY<\/p>\n","protected":false},"featured_media":234881,"template":"","meta":{"_acf_changed":false,"om_disable_all_campaigns":false,"rs_blank_template":"","rs_page_bg_color":"","slide_template_v7":"","inline_featured_image":false,"_monsterinsights_skip_tracking":false,"_monsterinsights_sitenote_active":false,"_monsterinsights_sitenote_note":"","_monsterinsights_sitenote_category":0},"product_brand":[],"product_cat":[86],"product_tag":[],"class_list":{"0":"post-234880","1":"product","2":"type-product","3":"status-publish","4":"has-post-thumbnail","6":"product_cat-infantil","8":"first","9":"instock","10":"taxable","11":"shipping-taxable","12":"purchasable","13":"product-type-simple"},"acf":{"autor":"WALLACE, DANNY","codart":"846614113","libros-coleccion":"","ediciones":"1","encuadernacion":"R\u00fastica","fecha_de_publicacion":"01\/05\/2016","novedad":"0","paginas":"319","subtitulo":"","orden":"999","portada":"0","idioma":"cat","editorial":[{"ID":147680,"post_author":"3","post_date":"2022-10-14 11:52:25","post_date_gmt":"2022-10-14 09:52:25","post_content":"","post_title":"CRUILLA, EDITORIAL","post_excerpt":"","post_status":"publish","comment_status":"closed","ping_status":"closed","post_password":"","post_name":"cruilla-editorial","to_ping":"","pinged":"","post_modified":"2022-10-14 11:52:25","post_modified_gmt":"2022-10-14 09:52:25","post_content_filtered":"","post_parent":0,"guid":"http:\/\/dev.claret.cat\/editorial\/cruilla-editorial\/","menu_order":0,"post_type":"editorial","post_mime_type":"","comment_count":"0","filter":"raw"}],"autores-libros":[{"ID":153682,"post_author":"3","post_date":"2022-10-14 14:58:41","post_date_gmt":"2022-10-14 12:58:41","post_content":"","post_title":"DANNY WALLACE","post_excerpt":"","post_status":"publish","comment_status":"closed","ping_status":"closed","post_password":"","post_name":"danny-wallace","to_ping":"","pinged":"","post_modified":"2022-10-14 14:58:41","post_modified_gmt":"2022-10-14 12:58:41","post_content_filtered":"","post_parent":0,"guid":"http:\/\/dev.claret.cat\/autor\/danny-wallace\/","menu_order":0,"post_type":"autor","post_mime_type":"","comment_count":"0","filter":"raw"}]},"aioseo_notices":[],"_links":{"self":[{"href":"https:\/\/www.claret.cat\/es\/wp-json\/wp\/v2\/product\/234880","targetHints":{"allow":["GET"]}}],"collection":[{"href":"https:\/\/www.claret.cat\/es\/wp-json\/wp\/v2\/product"}],"about":[{"href":"https:\/\/www.claret.cat\/es\/wp-json\/wp\/v2\/types\/product"}],"wp:featuredmedia":[{"embeddable":true,"href":"https:\/\/www.claret.cat\/es\/wp-json\/wp\/v2\/media\/234881"}],"wp:attachment":[{"href":"https:\/\/www.claret.cat\/es\/wp-json\/wp\/v2\/media?parent=234880"}],"wp:term":[{"taxonomy":"product_brand","embeddable":true,"href":"https:\/\/www.claret.cat\/es\/wp-json\/wp\/v2\/product_brand?post=234880"},{"taxonomy":"product_cat","embeddable":true,"href":"https:\/\/www.claret.cat\/es\/wp-json\/wp\/v2\/product_cat?post=234880"},{"taxonomy":"product_tag","embeddable":true,"href":"https:\/\/www.claret.cat\/es\/wp-json\/wp\/v2\/product_tag?post=234880"}],"curies":[{"name":"wp","href":"https:\/\/api.w.org\/{rel}","templated":true}]}}