{"id":234967,"date":"2022-10-20T21:30:57","date_gmt":"2022-10-20T19:30:57","guid":{"rendered":"http:\/\/dev.claret.cat\/producte\/el-angel-perdido\/"},"modified":"2025-04-30T10:20:32","modified_gmt":"2025-04-30T08:20:32","slug":"el-angel-perdido-9788408157021","status":"publish","type":"product","link":"https:\/\/www.claret.cat\/es\/libro\/el-angel-perdido-9788408157021\/","title":{"rendered":"EL \u00c1NGEL PERDIDO"},"content":{"rendered":"<p>Mientras trabaja en la restauraci\u00f3n del P\u00f3rtico de la Gloria de Santiago de Compostela, Julia \u00c1lvarez recibe una noticia devastadora: su marido ha sido secuestrado en una regi\u00f3n monta\u00f1osa del noreste de Turqu\u00eda. Sin quererlo, Julia se ver\u00e1envuelta en una ambiciosa carrera por controlar dos antiguas piedras que, al parecer, permiten el contacto con entidades sobrenaturales y por las que est\u00e1n interesados desde una misteriosa secta oriental hasta el presidente de los Estados Unidos.<br \/> El mejor Javier Sierra nos sumerge en un mundo en el que historia, magia, tecnolog\u00edas ancestrales y ciencia de vanguardia se a\u00fanan en un thriller tan evocador y documentado como original. Una obra que deja atr\u00e1s todos los convencionalismos del g\u00e9nero, reinvent\u00e1ndolo y empujando al lector a una aventura que no olvidar\u00e1.<\/p>\n","protected":false},"excerpt":{"rendered":"<p>SIERRA, JAVIER<\/p>\n","protected":false},"featured_media":1019436,"template":"","meta":{"_acf_changed":false,"om_disable_all_campaigns":false,"rs_blank_template":"","rs_page_bg_color":"","slide_template_v7":"","inline_featured_image":false,"_monsterinsights_skip_tracking":false,"_monsterinsights_sitenote_active":false,"_monsterinsights_sitenote_note":"","_monsterinsights_sitenote_category":0},"product_brand":[],"product_cat":[87,353],"product_tag":[],"class_list":{"0":"post-234967","1":"product","2":"type-product","3":"status-publish","4":"has-post-thumbnail","6":"product_cat-literatura","7":"product_cat-literatura-2_humanidades","9":"first","10":"outofstock","11":"taxable","12":"shipping-taxable","13":"purchasable","14":"product-type-simple"},"acf":{"autor":"SIERRA, JAVIER","codart":"840815702","libros-coleccion":"","ediciones":"1","encuadernacion":"R\u00fastica","fecha_de_publicacion":"01\/05\/2016","novedad":"0","paginas":"582","subtitulo":"","orden":"999","portada":"0","idioma":"spa","editorial":[{"ID":6149,"post_author":"3","post_date":"2022-07-28 17:45:56","post_date_gmt":"2022-07-28 15:45:56","post_content":"","post_title":"BOOKET","post_excerpt":"","post_status":"publish","comment_status":"closed","ping_status":"closed","post_password":"","post_name":"booket","to_ping":"","pinged":"","post_modified":"2022-07-28 17:45:56","post_modified_gmt":"2022-07-28 15:45:56","post_content_filtered":"","post_parent":0,"guid":"http:\/\/dev.claret.cat\/editorial\/booket\/","menu_order":0,"post_type":"editorial","post_mime_type":"","comment_count":"0","filter":"raw"}],"autores-libros":[{"ID":8351,"post_author":"3","post_date":"2022-09-30 09:47:55","post_date_gmt":"2022-09-30 07:47:55","post_content":"","post_title":"JAVIER SIERRA","post_excerpt":"","post_status":"publish","comment_status":"closed","ping_status":"closed","post_password":"","post_name":"javier-sierra","to_ping":"","pinged":"","post_modified":"2022-09-30 09:47:55","post_modified_gmt":"2022-09-30 07:47:55","post_content_filtered":"","post_parent":0,"guid":"http:\/\/dev.claret.cat\/autor\/javier-sierra\/","menu_order":0,"post_type":"autor","post_mime_type":"","comment_count":"0","filter":"raw"}],"booktrailer":"","resenas":""},"aioseo_notices":[],"_links":{"self":[{"href":"https:\/\/www.claret.cat\/es\/wp-json\/wp\/v2\/product\/234967","targetHints":{"allow":["GET"]}}],"collection":[{"href":"https:\/\/www.claret.cat\/es\/wp-json\/wp\/v2\/product"}],"about":[{"href":"https:\/\/www.claret.cat\/es\/wp-json\/wp\/v2\/types\/product"}],"wp:featuredmedia":[{"embeddable":true,"href":"https:\/\/www.claret.cat\/es\/wp-json\/wp\/v2\/media\/1019436"}],"wp:attachment":[{"href":"https:\/\/www.claret.cat\/es\/wp-json\/wp\/v2\/media?parent=234967"}],"wp:term":[{"taxonomy":"product_brand","embeddable":true,"href":"https:\/\/www.claret.cat\/es\/wp-json\/wp\/v2\/product_brand?post=234967"},{"taxonomy":"product_cat","embeddable":true,"href":"https:\/\/www.claret.cat\/es\/wp-json\/wp\/v2\/product_cat?post=234967"},{"taxonomy":"product_tag","embeddable":true,"href":"https:\/\/www.claret.cat\/es\/wp-json\/wp\/v2\/product_tag?post=234967"}],"curies":[{"name":"wp","href":"https:\/\/api.w.org\/{rel}","templated":true}]}}