{"id":234982,"date":"2022-10-20T21:31:19","date_gmt":"2022-10-20T19:31:19","guid":{"rendered":"http:\/\/dev.claret.cat\/producte\/soldados-de-salamina-3\/"},"modified":"2023-01-28T03:51:23","modified_gmt":"2023-01-28T02:51:23","slug":"soldados-de-salamina-9788466334402","status":"publish","type":"product","link":"https:\/\/www.claret.cat\/es\/libro\/soldados-de-salamina-9788466334402\/","title":{"rendered":"SOLDADOS DE SALAMINA"},"content":{"rendered":"<p>Edici\u00f3n escolar de esta obra imprescindible del siglo XXI. Incluye  material did\u00e1ctico a cargo de \u00c1ngel Esteban  del Campo y Yannelys Aparicio.A finales de enero de 1939, un grupo de prisioneros franquistas es  fusilado cerca de la frontera francesa por soldados republicanos. Entre  los prisioneros se halla Rafael S\u00e1nchez Mazas, ide\u00f3logo de la Falange,  quien consigue escapar y ocultarse en el bosque; hasta que un soldado lo descubre, y mir\u00e1ndolo a los ojos, le perdona la vida.Sesenta a\u00f1os m\u00e1s tarde, un novelista fracasado descubre este episodio y  emprende una investigaci\u00f3n para aclarar su sentido. \u00bfQui\u00e9n era de verdad  Rafael S\u00e1nchez Mazas? \u00bfCu\u00e1l fue su peripecia de guerra? \u00bfQui\u00e9n fue el  soldado que le dej\u00f3 escapar? \u00bfY por qu\u00e9 lo hizo?  \u00bfQu\u00e9 secreto escond\u00eda su mirada?Esta edici\u00f3n escolar de Soldados de Salamina, revisada a fondo y  rematada por un esclarecedor ep\u00edlogo, confirma que se trata,  como ha  dicho Vargas Llosa, de \u00abuna de las grandes novelas de nuestro tiempo\u00bb.La opini\u00f3n de la cr\u00edtica:<br \/>\u00abUna obra maestra.\u00bb<br \/>Kenzaburo O\u00e9\u00abUn libro maravilloso.\u00bb<br \/>Susan Sontag\u00abDeber\u00eda convertirse en un cl\u00e1sico.\u00bb<br \/>George Steiner\u00abCon esta novela Javier Cercas se sit\u00faa en el reducido grupo de cabeza de la literatura espa\u00f1ola.\u00bb<br \/>Roberto Bola\u00f1o<\/p>\n","protected":false},"excerpt":{"rendered":"<p>CERCAS, JAVIER<\/p>\n","protected":false},"featured_media":234983,"template":"","meta":{"_acf_changed":false,"om_disable_all_campaigns":false,"rs_blank_template":"","rs_page_bg_color":"","slide_template_v7":"","inline_featured_image":false,"_monsterinsights_skip_tracking":false,"_monsterinsights_sitenote_active":false,"_monsterinsights_sitenote_note":"","_monsterinsights_sitenote_category":0},"product_brand":[],"product_cat":[87],"product_tag":[],"class_list":{"0":"post-234982","1":"product","2":"type-product","3":"status-publish","4":"has-post-thumbnail","6":"product_cat-literatura","8":"first","9":"instock","10":"taxable","11":"shipping-taxable","12":"purchasable","13":"product-type-simple"},"acf":{"autor":"CERCAS, JAVIER","codart":"846633440","libros-coleccion":"","ediciones":"1","encuadernacion":"R\u00fastica","fecha_de_publicacion":"01\/05\/2016","novedad":"0","paginas":"287","subtitulo":"","orden":"999","portada":"0","idioma":"spa","editorial":[{"ID":6178,"post_author":"3","post_date":"2022-07-28 17:46:34","post_date_gmt":"2022-07-28 15:46:34","post_content":"","post_title":"DEBOLSILLO","post_excerpt":"","post_status":"publish","comment_status":"closed","ping_status":"closed","post_password":"","post_name":"debolsillo","to_ping":"","pinged":"","post_modified":"2022-07-28 17:46:34","post_modified_gmt":"2022-07-28 15:46:34","post_content_filtered":"","post_parent":0,"guid":"http:\/\/dev.claret.cat\/editorial\/debolsillo\/","menu_order":0,"post_type":"editorial","post_mime_type":"","comment_count":"0","filter":"raw"}],"autores-libros":[{"ID":158686,"post_author":"3","post_date":"2022-10-14 15:38:49","post_date_gmt":"2022-10-14 13:38:49","post_content":"","post_title":"JAVIER CERCAS","post_excerpt":"","post_status":"publish","comment_status":"closed","ping_status":"closed","post_password":"","post_name":"javier-cercas","to_ping":"","pinged":"","post_modified":"2022-10-14 15:38:49","post_modified_gmt":"2022-10-14 13:38:49","post_content_filtered":"","post_parent":0,"guid":"http:\/\/dev.claret.cat\/autor\/javier-cercas\/","menu_order":0,"post_type":"autor","post_mime_type":"","comment_count":"0","filter":"raw"}]},"aioseo_notices":[],"_links":{"self":[{"href":"https:\/\/www.claret.cat\/es\/wp-json\/wp\/v2\/product\/234982","targetHints":{"allow":["GET"]}}],"collection":[{"href":"https:\/\/www.claret.cat\/es\/wp-json\/wp\/v2\/product"}],"about":[{"href":"https:\/\/www.claret.cat\/es\/wp-json\/wp\/v2\/types\/product"}],"wp:featuredmedia":[{"embeddable":true,"href":"https:\/\/www.claret.cat\/es\/wp-json\/wp\/v2\/media\/234983"}],"wp:attachment":[{"href":"https:\/\/www.claret.cat\/es\/wp-json\/wp\/v2\/media?parent=234982"}],"wp:term":[{"taxonomy":"product_brand","embeddable":true,"href":"https:\/\/www.claret.cat\/es\/wp-json\/wp\/v2\/product_brand?post=234982"},{"taxonomy":"product_cat","embeddable":true,"href":"https:\/\/www.claret.cat\/es\/wp-json\/wp\/v2\/product_cat?post=234982"},{"taxonomy":"product_tag","embeddable":true,"href":"https:\/\/www.claret.cat\/es\/wp-json\/wp\/v2\/product_tag?post=234982"}],"curies":[{"name":"wp","href":"https:\/\/api.w.org\/{rel}","templated":true}]}}