{"id":235048,"date":"2022-10-20T21:32:58","date_gmt":"2022-10-20T19:32:58","guid":{"rendered":"http:\/\/dev.claret.cat\/producte\/psicofarmacos-que-matan\/"},"modified":"2026-01-26T10:10:34","modified_gmt":"2026-01-26T09:10:34","slug":"psicofarmacos-que-matan-9788415070641","status":"publish","type":"product","link":"https:\/\/www.claret.cat\/es\/libro\/psicofarmacos-que-matan-9788415070641\/","title":{"rendered":"PSICOF\u00c1RMACOS QUE MATAN"},"content":{"rendered":"<p>Tras el \u00e9xito de &#8216;Medicamentos que matan&#8217;, Peter Gotzsche analiza de forma muy cr\u00edtica los abusos combinados de la psiquiatr\u00eda y la industria farmac\u00e9utica en la medicalizaci\u00f3n de la vida cotidiana. Un alegato brutal contra unos medicamentos que se emplean sin ton ni son, y pueden llegar a provocar la muerte.<\/p>\n","protected":false},"excerpt":{"rendered":"<p>GOTZSCHE, PETER<\/p>\n","protected":false},"featured_media":1077851,"template":"","meta":{"_acf_changed":false,"om_disable_all_campaigns":false,"rs_blank_template":"","rs_page_bg_color":"","slide_template_v7":"","inline_featured_image":false,"_monsterinsights_skip_tracking":false,"_monsterinsights_sitenote_active":false,"_monsterinsights_sitenote_note":"","_monsterinsights_sitenote_category":0},"product_brand":[],"product_cat":[81,347],"product_tag":[],"class_list":{"0":"post-235048","1":"product","2":"type-product","3":"status-publish","4":"has-post-thumbnail","6":"product_cat-psicologia","7":"product_cat-psicologia-2_humanidades","9":"first","10":"outofstock","11":"taxable","12":"shipping-taxable","13":"purchasable","14":"product-type-simple"},"acf":{"autor":"GOTZSCHE, PETER","codart":"841507064","libros-coleccion":"","ediciones":"1","encuadernacion":"R\u00fastica","fecha_de_publicacion":"01\/05\/2016","novedad":"0","paginas":"422","subtitulo":"Y DENEGACI\u00d3N ORGANIZADA","orden":"999","portada":"0","idioma":"spa","autores-libros":[{"ID":5939,"post_author":"3","post_date":"2022-07-28 17:34:43","post_date_gmt":"2022-07-28 15:34:43","post_content":"","post_title":"PETER GOTZSCHE","post_excerpt":"","post_status":"publish","comment_status":"closed","ping_status":"closed","post_password":"","post_name":"peter-gotzsche","to_ping":"","pinged":"","post_modified":"2022-07-28 17:34:43","post_modified_gmt":"2022-07-28 15:34:43","post_content_filtered":"","post_parent":0,"guid":"http:\/\/dev.claret.cat\/autor\/peter-gotzsche\/","menu_order":0,"post_type":"autor","post_mime_type":"","comment_count":"0","filter":"raw"}],"editorial":[{"ID":262271,"post_author":"3","post_date":"2022-10-24 11:22:11","post_date_gmt":"2022-10-24 09:22:11","post_content":"","post_title":"LOS LIBROS DEL LINCE","post_excerpt":"","post_status":"publish","comment_status":"closed","ping_status":"closed","post_password":"","post_name":"los-libros-del-lince","to_ping":"","pinged":"","post_modified":"2022-10-24 11:22:11","post_modified_gmt":"2022-10-24 09:22:11","post_content_filtered":"","post_parent":0,"guid":"http:\/\/dev.claret.cat\/editorial\/los-libros-del-lince\/","menu_order":0,"post_type":"editorial","post_mime_type":"","comment_count":"0","filter":"raw"}],"booktrailer":"","resenas":""},"aioseo_notices":[],"_links":{"self":[{"href":"https:\/\/www.claret.cat\/es\/wp-json\/wp\/v2\/product\/235048","targetHints":{"allow":["GET"]}}],"collection":[{"href":"https:\/\/www.claret.cat\/es\/wp-json\/wp\/v2\/product"}],"about":[{"href":"https:\/\/www.claret.cat\/es\/wp-json\/wp\/v2\/types\/product"}],"wp:featuredmedia":[{"embeddable":true,"href":"https:\/\/www.claret.cat\/es\/wp-json\/wp\/v2\/media\/1077851"}],"wp:attachment":[{"href":"https:\/\/www.claret.cat\/es\/wp-json\/wp\/v2\/media?parent=235048"}],"wp:term":[{"taxonomy":"product_brand","embeddable":true,"href":"https:\/\/www.claret.cat\/es\/wp-json\/wp\/v2\/product_brand?post=235048"},{"taxonomy":"product_cat","embeddable":true,"href":"https:\/\/www.claret.cat\/es\/wp-json\/wp\/v2\/product_cat?post=235048"},{"taxonomy":"product_tag","embeddable":true,"href":"https:\/\/www.claret.cat\/es\/wp-json\/wp\/v2\/product_tag?post=235048"}],"curies":[{"name":"wp","href":"https:\/\/api.w.org\/{rel}","templated":true}]}}