{"id":235066,"date":"2022-10-20T21:33:25","date_gmt":"2022-10-20T19:33:25","guid":{"rendered":"http:\/\/dev.claret.cat\/producte\/las-aventuras-de-huckleberry-finn-6\/"},"modified":"2023-01-28T13:03:34","modified_gmt":"2023-01-28T12:03:34","slug":"las-aventuras-de-huckleberry-finn-9788439731627","status":"publish","type":"product","link":"https:\/\/www.claret.cat\/es\/libro\/las-aventuras-de-huckleberry-finn-9788439731627\/","title":{"rendered":"LAS AVENTURAS DE HUCKLEBERRY FINN"},"content":{"rendered":"<p>Un texto fundacional de la narrativa norteamericana, arquetipo de la  adolescencia y la libertad. Una lectura deliciosa, imprescindible a cualquier edad.\u00abDijimos que no hab\u00eda hogar como una balsa, despu\u00e9s de todo. Otros  sitios parecen estrechos y asfixiantes; pero una balsa, no.\u00bb Criticada y elogiada por igual, esta novela no solo constituye la  culminaci\u00f3n de la narrativa de Mark Twain, sino tambi\u00e9n el cl\u00e1sico por  excelencia de la literatura estadounidense. Mark Twain, con su ir\u00f3nico  sentido del humor y su prosa \u00e1gil y precisa, nos lleva por el  Mississippi de la mano del inolvidable Huck Finn y su fiel amigo Jim,  quien huye de la esclavitud. Novela sobre el racismo, la violencia, la amistad y la libertad en unos a\u00f1os turbulentos, Las aventuras de  Huckleberry Finn es una lectura imprescindible a cualquier edad.Roberto Bola\u00f1o, autor del pr\u00f3logo de esta edici\u00f3n, dijo&#8230;<br \/>\u00abSobrevivir. Esa es una de las magias que el lector encuentra en esta  novela. Capacidad para sobrevivir.\u00bb<\/p>\n","protected":false},"excerpt":{"rendered":"<p>TWAIN, MARK<\/p>\n","protected":false},"featured_media":235067,"template":"","meta":{"_acf_changed":false,"om_disable_all_campaigns":false,"rs_blank_template":"","rs_page_bg_color":"","slide_template_v7":"","inline_featured_image":false,"_monsterinsights_skip_tracking":false,"_monsterinsights_sitenote_active":false,"_monsterinsights_sitenote_note":"","_monsterinsights_sitenote_category":0},"product_brand":[],"product_cat":[87],"product_tag":[],"class_list":{"0":"post-235066","1":"product","2":"type-product","3":"status-publish","4":"has-post-thumbnail","6":"product_cat-literatura","8":"first","9":"instock","10":"taxable","11":"shipping-taxable","12":"purchasable","13":"product-type-simple"},"acf":{"autor":"TWAIN, MARK","codart":"843973162","libros-coleccion":"","ediciones":"1","encuadernacion":"Carton\u00e9","fecha_de_publicacion":"01\/05\/2016","novedad":"0","paginas":"370","subtitulo":"","orden":"999","portada":"0","idioma":"spa","editorial":[{"ID":6290,"post_author":"3","post_date":"2022-07-28 17:49:01","post_date_gmt":"2022-07-28 15:49:01","post_content":"","post_title":"LITERATURA RANDOM HOUSE","post_excerpt":"","post_status":"publish","comment_status":"closed","ping_status":"closed","post_password":"","post_name":"literatura-random-house","to_ping":"","pinged":"","post_modified":"2022-07-28 17:49:01","post_modified_gmt":"2022-07-28 15:49:01","post_content_filtered":"","post_parent":0,"guid":"http:\/\/dev.claret.cat\/editorial\/literatura-random-house\/","menu_order":0,"post_type":"editorial","post_mime_type":"","comment_count":"0","filter":"raw"}],"autores-libros":[{"ID":164092,"post_author":"3","post_date":"2022-10-14 17:44:17","post_date_gmt":"2022-10-14 15:44:17","post_content":"","post_title":"MARK TWAIN","post_excerpt":"","post_status":"publish","comment_status":"closed","ping_status":"closed","post_password":"","post_name":"mark-twain","to_ping":"","pinged":"","post_modified":"2022-10-14 17:44:17","post_modified_gmt":"2022-10-14 15:44:17","post_content_filtered":"","post_parent":0,"guid":"http:\/\/dev.claret.cat\/autor\/mark-twain\/","menu_order":0,"post_type":"autor","post_mime_type":"","comment_count":"0","filter":"raw"}]},"aioseo_notices":[],"_links":{"self":[{"href":"https:\/\/www.claret.cat\/es\/wp-json\/wp\/v2\/product\/235066","targetHints":{"allow":["GET"]}}],"collection":[{"href":"https:\/\/www.claret.cat\/es\/wp-json\/wp\/v2\/product"}],"about":[{"href":"https:\/\/www.claret.cat\/es\/wp-json\/wp\/v2\/types\/product"}],"wp:featuredmedia":[{"embeddable":true,"href":"https:\/\/www.claret.cat\/es\/wp-json\/wp\/v2\/media\/235067"}],"wp:attachment":[{"href":"https:\/\/www.claret.cat\/es\/wp-json\/wp\/v2\/media?parent=235066"}],"wp:term":[{"taxonomy":"product_brand","embeddable":true,"href":"https:\/\/www.claret.cat\/es\/wp-json\/wp\/v2\/product_brand?post=235066"},{"taxonomy":"product_cat","embeddable":true,"href":"https:\/\/www.claret.cat\/es\/wp-json\/wp\/v2\/product_cat?post=235066"},{"taxonomy":"product_tag","embeddable":true,"href":"https:\/\/www.claret.cat\/es\/wp-json\/wp\/v2\/product_tag?post=235066"}],"curies":[{"name":"wp","href":"https:\/\/api.w.org\/{rel}","templated":true}]}}