{"id":23509,"date":"2022-10-02T10:03:31","date_gmt":"2022-10-02T08:03:31","guid":{"rendered":"http:\/\/dev.claret.cat\/producte\/qui-ets-i-on-vas-esser-huma-modern\/"},"modified":"2024-05-23T02:48:41","modified_gmt":"2024-05-23T00:48:41","slug":"qui-ets-i-on-vas-esser-huma-modern-9788491655015","status":"publish","type":"product","link":"https:\/\/www.claret.cat\/es\/libro\/qui-ets-i-on-vas-esser-huma-modern-9788491655015\/","title":{"rendered":"\u00bfQUI ETS I ON VAS, \u00c9SSER HUM\u00c0 MODERN?"},"content":{"rendered":"<p>Oriol Xirinachs ha anat recollint de diversos articles i estudis sociol\u00f2gics i analistes del comportament hum\u00e0 uns trets espec\u00edfics que caracteritzen l\u2019\u00e9sser hum\u00e0; i que es repeteixen i coincideixen en moltes d\u2019aquestes publicacions. Es tracta d\u2019uns trets o tend\u00e8ncies generals presents en l\u2019ambient, per\u00f2 que hi s\u00f3n en graus i formes molt diferents en cada persona o grup social i, per tant, encara trobem el poble sa que no n\u2019est\u00e0 tan influenciat. Ara b\u00e9, l\u2019\u00e9sser hum\u00e0, pel sol fet de ser-ho, ell mateix ja \u00e9s una pregunta, que pot intentar ignorar, o pot buscar-ne resposta en les fonts que ara d\u00e8iem, o pot mantenir-la oberta, amb tota l\u2019angoixa que aix\u00f2 li comporta. Per la seva mateixa naturalesa, la seva dimensi\u00f3 relacional i espiritual, els elements i esdeveniments de l\u2019entorn on es mou, s\u00f3n unes realitats a les quals ha de donar resposta inexorablement i de manera vital: no les pot evadir o anar-les ajornant. Oriol Xirinachs (Barcelona, 1935) \u00e9s capell\u00e0 de la di\u00f2cesi de Barcelona i membre de l\u2019Associaci\u00f3 de Preveres del Prad\u00f3. Tot el seu ministeri com a capell\u00e0 l\u2019ha exercit en barris obrers i populars, alhora que ha estat membre actiu en organitzacions en el m\u00f3n de la marginaci\u00f3 i en tasques de pastoral social.<\/p>\n","protected":false},"excerpt":{"rendered":"<p>XIRINACHS, ORIOL<\/p>\n","protected":false},"featured_media":361584,"template":"","meta":{"_acf_changed":false,"om_disable_all_campaigns":false,"rs_blank_template":"","rs_page_bg_color":"","slide_template_v7":"","inline_featured_image":false,"_monsterinsights_skip_tracking":false,"_monsterinsights_sitenote_active":false,"_monsterinsights_sitenote_note":"","_monsterinsights_sitenote_category":0},"product_brand":[],"product_cat":[495,245],"product_tag":[],"class_list":{"0":"post-23509","1":"product","2":"type-product","3":"status-publish","4":"has-post-thumbnail","6":"product_cat-diversa-espiritualidad-1_espiritualidad","7":"product_cat-diversa","9":"first","10":"instock","11":"taxable","12":"shipping-taxable","13":"purchasable","14":"product-type-simple"},"acf":{"autor":"XIRINACHS, ORIOL","codart":"849165501","libros-coleccion":"Ema\u00fas","ediciones":"1","encuadernacion":"R\u00fastica","fecha_de_publicacion":"11\/04\/2022","novedad":"1","paginas":"104","subtitulo":"","orden":"0","portada":"0","idioma":"cat","editorial":[{"ID":6172,"post_author":"3","post_date":"2022-07-28 17:46:27","post_date_gmt":"2022-07-28 15:46:27","post_content":"","post_title":"CPL","post_excerpt":"","post_status":"publish","comment_status":"closed","ping_status":"closed","post_password":"","post_name":"cpl","to_ping":"","pinged":"","post_modified":"2022-07-28 17:46:27","post_modified_gmt":"2022-07-28 15:46:27","post_content_filtered":"","post_parent":0,"guid":"http:\/\/dev.claret.cat\/editorial\/cpl\/","menu_order":0,"post_type":"editorial","post_mime_type":"","comment_count":"0","filter":"raw"}],"autores-libros":[{"ID":166272,"post_author":"3","post_date":"2022-10-14 18:01:49","post_date_gmt":"2022-10-14 16:01:49","post_content":"","post_title":"ORIOL XIRINACHS","post_excerpt":"","post_status":"publish","comment_status":"closed","ping_status":"closed","post_password":"","post_name":"oriol-xirinachs","to_ping":"","pinged":"","post_modified":"2022-10-14 18:01:49","post_modified_gmt":"2022-10-14 16:01:49","post_content_filtered":"","post_parent":0,"guid":"http:\/\/dev.claret.cat\/autor\/oriol-xirinachs\/","menu_order":0,"post_type":"autor","post_mime_type":"","comment_count":"0","filter":"raw"}]},"aioseo_notices":[],"_links":{"self":[{"href":"https:\/\/www.claret.cat\/es\/wp-json\/wp\/v2\/product\/23509","targetHints":{"allow":["GET"]}}],"collection":[{"href":"https:\/\/www.claret.cat\/es\/wp-json\/wp\/v2\/product"}],"about":[{"href":"https:\/\/www.claret.cat\/es\/wp-json\/wp\/v2\/types\/product"}],"wp:featuredmedia":[{"embeddable":true,"href":"https:\/\/www.claret.cat\/es\/wp-json\/wp\/v2\/media\/361584"}],"wp:attachment":[{"href":"https:\/\/www.claret.cat\/es\/wp-json\/wp\/v2\/media?parent=23509"}],"wp:term":[{"taxonomy":"product_brand","embeddable":true,"href":"https:\/\/www.claret.cat\/es\/wp-json\/wp\/v2\/product_brand?post=23509"},{"taxonomy":"product_cat","embeddable":true,"href":"https:\/\/www.claret.cat\/es\/wp-json\/wp\/v2\/product_cat?post=23509"},{"taxonomy":"product_tag","embeddable":true,"href":"https:\/\/www.claret.cat\/es\/wp-json\/wp\/v2\/product_tag?post=23509"}],"curies":[{"name":"wp","href":"https:\/\/api.w.org\/{rel}","templated":true}]}}