{"id":235223,"date":"2022-10-20T21:37:23","date_gmt":"2022-10-20T19:37:23","guid":{"rendered":"http:\/\/dev.claret.cat\/producte\/cuina-felic\/"},"modified":"2024-01-31T17:27:42","modified_gmt":"2024-01-31T16:27:42","slug":"cuina-felic-9788466420877","status":"publish","type":"product","link":"https:\/\/www.claret.cat\/es\/libro\/cuina-felic-9788466420877\/","title":{"rendered":"CUINA FELI\u00c7"},"content":{"rendered":"<p>El bon temps i la perspectiva de les vacances d&#8217;estiu ens motiven a cuidar-nos m\u00e9s que la resta de l&#8217;any. Tenim m\u00e9s estones per a nosaltres, per pensar, sentir i relaxar-nos&#8230; i tamb\u00e9 per adquirir nous costums de vida saludable que milloraran el nostre dia a dia. Sucs verds, receptes de plats senzills per\u00f2 saborosos, menjars m\u00e9s sans i f\u00e0cils d&#8217;elaborar. Una dieta sana que ens doni una injecci\u00f3 d&#8217;energia di\u00e0ria i beneficis a nivell f\u00edsic, mental i emocional! Equilibri, energia i felicitat: tres desitjos per a un estiu perfecte&#8230;i per encarar la resta de l&#8217;any amb h\u00e0bits m\u00e9s saludables!<\/p>\n","protected":false},"excerpt":{"rendered":"<p>GARCIA SOTERAS, ANNA<\/p>\n","protected":false},"featured_media":235224,"template":"","meta":{"_acf_changed":false,"om_disable_all_campaigns":false,"rs_blank_template":"","rs_page_bg_color":"","slide_template_v7":"","inline_featured_image":false,"_monsterinsights_skip_tracking":false,"_monsterinsights_sitenote_active":false,"_monsterinsights_sitenote_note":"","_monsterinsights_sitenote_category":0},"product_brand":[],"product_cat":[553,103],"product_tag":[],"class_list":{"0":"post-235223","1":"product","2":"type-product","3":"status-publish","4":"has-post-thumbnail","6":"product_cat-cocina","7":"product_cat-cuina","9":"first","10":"instock","11":"taxable","12":"shipping-taxable","13":"purchasable","14":"product-type-simple"},"acf":{"autor":"GARCIA SOTERAS, ANNA","codart":"846642087","libros-coleccion":"","ediciones":"1","encuadernacion":"R\u00fastica","fecha_de_publicacion":"01\/05\/2016","novedad":"0","paginas":"155","subtitulo":"RECEPTES REFRESCANTS PER ENCARAR LA VIDA AMB ENERGIA","orden":"999","portada":"0","idioma":"cat","editorial":[{"ID":147644,"post_author":"3","post_date":"2022-10-14 11:52:09","post_date_gmt":"2022-10-14 09:52:09","post_content":"","post_title":"COLUMNA EDICIONS","post_excerpt":"","post_status":"publish","comment_status":"closed","ping_status":"closed","post_password":"","post_name":"columna-edicions","to_ping":"","pinged":"","post_modified":"2022-10-14 11:52:09","post_modified_gmt":"2022-10-14 09:52:09","post_content_filtered":"","post_parent":0,"guid":"http:\/\/dev.claret.cat\/editorial\/columna-edicions\/","menu_order":0,"post_type":"editorial","post_mime_type":"","comment_count":"0","filter":"raw"}],"autores-libros":[{"ID":150576,"post_author":"3","post_date":"2022-10-14 14:34:04","post_date_gmt":"2022-10-14 12:34:04","post_content":"","post_title":"ANNA GARCIA SOTERAS","post_excerpt":"","post_status":"publish","comment_status":"closed","ping_status":"closed","post_password":"","post_name":"anna-garcia-soteras","to_ping":"","pinged":"","post_modified":"2022-10-14 14:34:04","post_modified_gmt":"2022-10-14 12:34:04","post_content_filtered":"","post_parent":0,"guid":"http:\/\/dev.claret.cat\/autor\/anna-garcia-soteras\/","menu_order":0,"post_type":"autor","post_mime_type":"","comment_count":"0","filter":"raw"}]},"aioseo_notices":[],"_links":{"self":[{"href":"https:\/\/www.claret.cat\/es\/wp-json\/wp\/v2\/product\/235223","targetHints":{"allow":["GET"]}}],"collection":[{"href":"https:\/\/www.claret.cat\/es\/wp-json\/wp\/v2\/product"}],"about":[{"href":"https:\/\/www.claret.cat\/es\/wp-json\/wp\/v2\/types\/product"}],"wp:featuredmedia":[{"embeddable":true,"href":"https:\/\/www.claret.cat\/es\/wp-json\/wp\/v2\/media\/235224"}],"wp:attachment":[{"href":"https:\/\/www.claret.cat\/es\/wp-json\/wp\/v2\/media?parent=235223"}],"wp:term":[{"taxonomy":"product_brand","embeddable":true,"href":"https:\/\/www.claret.cat\/es\/wp-json\/wp\/v2\/product_brand?post=235223"},{"taxonomy":"product_cat","embeddable":true,"href":"https:\/\/www.claret.cat\/es\/wp-json\/wp\/v2\/product_cat?post=235223"},{"taxonomy":"product_tag","embeddable":true,"href":"https:\/\/www.claret.cat\/es\/wp-json\/wp\/v2\/product_tag?post=235223"}],"curies":[{"name":"wp","href":"https:\/\/api.w.org\/{rel}","templated":true}]}}