{"id":235244,"date":"2022-10-20T21:37:55","date_gmt":"2022-10-20T19:37:55","guid":{"rendered":"http:\/\/dev.claret.cat\/producte\/odissea\/"},"modified":"2025-07-03T19:05:23","modified_gmt":"2025-07-03T17:05:23","slug":"odissea-9788499309897","status":"publish","type":"product","link":"https:\/\/www.claret.cat\/es\/libro\/odissea-9788499309897\/","title":{"rendered":"ODISSEA"},"content":{"rendered":"<p>Homer, l&#8221;autor de la Il\u00edada i de l&#8221;Odissea, \u00e9s el pare de la literatura occidental: el principal llegat literari de l&#8221;antiga Gr\u00e8cia. Els 12.000 versos de l&#8221;Odissea, repartits en 24 cants, narren les aventures d&#8221;Ulisses durant l&#8221;accidentat i llargu\u00edssim retorn des de Troia fins a \u00cdtaca, l&#8221;illa on viuen la dona i el fill, esperant-lo, a m\u00e9s d&#8221;un bon nombre d&#8221;aspirants a rellevar-lo en el tron i en el llit nupcial. Episodis tan c\u00e8lebres com la seducci\u00f3 de les sirenes, la lluita amb el gegant Polifem, la visita al m\u00f3n dels morts, la venjan\u00e7a dels pretendents o el retrobament amb Pen\u00e8lope fan que l&#8221;Odissea sigui considerada, amb tota la ra\u00f3, la mare de les novel\u00b7les d&#8221;aventures. Una obra mestra de tots els temps, perfectament travada, plena de bellesa i amena en extrem.Joan F. Mira (Val\u00e8ncia, 1939) \u00e9s autor d&#8221;una obra narrativa i assag\u00edstica de gran import\u00e0ncia, antrop\u00f2leg i professor de grec i cultura cl\u00e0ssica. Ha excel\u00b7lit en la traducci\u00f3 de la Divina Com\u00e8dia, de Dante Alighieri, i dels Evangelis. La seva versi\u00f3 en hex\u00e0metres de l&#8221;Odissea trasllada d&#8221;una manera clara i fidel tota la grandesa, l&#8221;emoci\u00f3 i la vivacitat narrativa de l&#8221;original grec.<\/p>\n","protected":false},"excerpt":{"rendered":"<p>HOMER<\/p>\n","protected":false},"featured_media":235245,"template":"","meta":{"_acf_changed":false,"om_disable_all_campaigns":false,"rs_blank_template":"","rs_page_bg_color":"","slide_template_v7":"","inline_featured_image":false,"_monsterinsights_skip_tracking":false,"_monsterinsights_sitenote_active":false,"_monsterinsights_sitenote_note":"","_monsterinsights_sitenote_category":0},"product_brand":[],"product_cat":[90,540],"product_tag":[],"class_list":{"0":"post-235244","1":"product","2":"type-product","3":"status-publish","4":"has-post-thumbnail","6":"product_cat-altres","7":"product_cat-otros","9":"first","10":"instock","11":"taxable","12":"shipping-taxable","13":"purchasable","14":"product-type-simple"},"acf":{"autor":"HOMER","codart":"849930989","libros-coleccion":"","ediciones":"1","encuadernacion":"R\u00fastica","fecha_de_publicacion":"01\/05\/2016","novedad":"0","paginas":"0","subtitulo":"","orden":"999","portada":"0","idioma":"cat","editorial":[{"ID":6281,"post_author":"3","post_date":"2022-07-28 17:48:50","post_date_gmt":"2022-07-28 15:48:50","post_content":"","post_title":"LABUTXACA","post_excerpt":"","post_status":"publish","comment_status":"closed","ping_status":"closed","post_password":"","post_name":"labutxaca","to_ping":"","pinged":"","post_modified":"2022-07-28 17:48:50","post_modified_gmt":"2022-07-28 15:48:50","post_content_filtered":"","post_parent":0,"guid":"http:\/\/dev.claret.cat\/editorial\/labutxaca\/","menu_order":0,"post_type":"editorial","post_mime_type":"","comment_count":"0","filter":"raw"}],"autores-libros":[{"ID":5542,"post_author":"3","post_date":"2022-07-28 17:26:13","post_date_gmt":"2022-07-28 15:26:13","post_content":"","post_title":"HOMER","post_excerpt":"","post_status":"publish","comment_status":"closed","ping_status":"closed","post_password":"","post_name":"homer","to_ping":"","pinged":"","post_modified":"2022-07-28 17:26:13","post_modified_gmt":"2022-07-28 15:26:13","post_content_filtered":"","post_parent":0,"guid":"http:\/\/dev.claret.cat\/autor\/homer\/","menu_order":0,"post_type":"autor","post_mime_type":"","comment_count":"0","filter":"raw"}],"booktrailer":"","resenas":""},"aioseo_notices":[],"_links":{"self":[{"href":"https:\/\/www.claret.cat\/es\/wp-json\/wp\/v2\/product\/235244","targetHints":{"allow":["GET"]}}],"collection":[{"href":"https:\/\/www.claret.cat\/es\/wp-json\/wp\/v2\/product"}],"about":[{"href":"https:\/\/www.claret.cat\/es\/wp-json\/wp\/v2\/types\/product"}],"wp:featuredmedia":[{"embeddable":true,"href":"https:\/\/www.claret.cat\/es\/wp-json\/wp\/v2\/media\/235245"}],"wp:attachment":[{"href":"https:\/\/www.claret.cat\/es\/wp-json\/wp\/v2\/media?parent=235244"}],"wp:term":[{"taxonomy":"product_brand","embeddable":true,"href":"https:\/\/www.claret.cat\/es\/wp-json\/wp\/v2\/product_brand?post=235244"},{"taxonomy":"product_cat","embeddable":true,"href":"https:\/\/www.claret.cat\/es\/wp-json\/wp\/v2\/product_cat?post=235244"},{"taxonomy":"product_tag","embeddable":true,"href":"https:\/\/www.claret.cat\/es\/wp-json\/wp\/v2\/product_tag?post=235244"}],"curies":[{"name":"wp","href":"https:\/\/api.w.org\/{rel}","templated":true}]}}