{"id":235253,"date":"2022-10-20T21:38:08","date_gmt":"2022-10-20T19:38:08","guid":{"rendered":"http:\/\/dev.claret.cat\/producte\/radio-4-40-anys-en-catala-1976-2016\/"},"modified":"2025-12-02T14:10:12","modified_gmt":"2025-12-02T13:10:12","slug":"radio-4-40-anys-en-catala-19762016-9788494101960","status":"publish","type":"product","link":"https:\/\/www.claret.cat\/es\/libro\/radio-4-40-anys-en-catala-19762016-9788494101960\/","title":{"rendered":"R\u00c0DIO 4, 40 ANYS EN CATAL\u00c0. 1976-2016"},"content":{"rendered":"<p>Aquesta \u00e9s la hist\u00f2ria de la primera r\u00e0dio p\u00fablica que va emetre en llengua catalana explicada des de dins. 40 anys d&#8217;\u00e8xits per\u00f2 tamb\u00e9 de lluita constant per la superviv\u00e8ncia de l&#8217;emissora. R\u00e0dio 4 ha estat un element fonamental en la hist\u00f2ria de la radiodifusi\u00f3 a Catalunya. Nascuda el 1976, va convertir-se en la primera emissora de r\u00e0dio p\u00fablica en llengua catalana de la hist\u00f2ria. Les veus sorgides d\u2019aquells micr\u00f2fons ens han acompanyat narrant l\u2019esdevenir hist\u00f2ric del pa\u00eds. La seva petjada, per\u00f2, adquireix el m\u00e0xim significat durant la Transici\u00f3 i els primers anys de la vida democr\u00e0tica del nostre pa\u00eds. Malauradament la r\u00e0dio no ha tingut la sort que es mereixen els seus professionals, per raons estrictament pol\u00edtiques. Josep Maria Adell narra una hist\u00f2ria que ha viscut en pr\u00f2pia pell, en un recorregut rigorsament cronol\u00f2gic, a peu de micr\u00f2fon.<\/p>\n","protected":false},"excerpt":{"rendered":"<p>ADELL BARBIER, JOSEP MARIA<\/p>\n","protected":false},"featured_media":235254,"template":"","meta":{"_acf_changed":false,"om_disable_all_campaigns":false,"rs_blank_template":"","rs_page_bg_color":"","slide_template_v7":"","inline_featured_image":false,"_monsterinsights_skip_tracking":false,"_monsterinsights_sitenote_active":false,"_monsterinsights_sitenote_note":"","_monsterinsights_sitenote_category":0},"product_brand":[],"product_cat":[85,351],"product_tag":[],"class_list":{"0":"post-235253","1":"product","2":"type-product","3":"status-publish","4":"has-post-thumbnail","6":"product_cat-historia","7":"product_cat-historia-2_humanidades","9":"first","10":"instock","11":"taxable","12":"shipping-taxable","13":"purchasable","14":"product-type-simple"},"acf":{"autor":"ADELL BARBIER, JOSEP MARIA","codart":"849410196","libros-coleccion":"","ediciones":"1","encuadernacion":"R\u00fastica","fecha_de_publicacion":"01\/05\/2016","novedad":"0","paginas":"316","subtitulo":"","orden":"999","portada":"0","idioma":"cat","booktrailer":"","resenas":"","editorial":[{"ID":262346,"post_author":"3","post_date":"2022-10-24 11:23:10","post_date_gmt":"2022-10-24 09:23:10","post_content":"","post_title":"NAUTILUS","post_excerpt":"","post_status":"publish","comment_status":"closed","ping_status":"closed","post_password":"","post_name":"nautilus","to_ping":"","pinged":"","post_modified":"2022-10-24 11:23:10","post_modified_gmt":"2022-10-24 09:23:10","post_content_filtered":"","post_parent":0,"guid":"http:\/\/dev.claret.cat\/editorial\/nautilus\/","menu_order":0,"post_type":"editorial","post_mime_type":"","comment_count":"0","filter":"raw"}],"autores-libros":[{"ID":424700,"post_author":"3","post_date":"2023-05-16 08:06:01","post_date_gmt":"2023-05-16 06:06:01","post_content":"","post_title":"JOSEP MARIA ADELL BARBIER","post_excerpt":"","post_status":"publish","comment_status":"closed","ping_status":"closed","post_password":"","post_name":"josep-maria-adell-barbier","to_ping":"","pinged":"","post_modified":"2023-05-16 08:06:01","post_modified_gmt":"2023-05-16 06:06:01","post_content_filtered":"","post_parent":0,"guid":"https:\/\/www.claret.cat\/autor\/josep-maria-adell-barbier\/","menu_order":0,"post_type":"autor","post_mime_type":"","comment_count":"0","filter":"raw"}]},"aioseo_notices":[],"_links":{"self":[{"href":"https:\/\/www.claret.cat\/es\/wp-json\/wp\/v2\/product\/235253","targetHints":{"allow":["GET"]}}],"collection":[{"href":"https:\/\/www.claret.cat\/es\/wp-json\/wp\/v2\/product"}],"about":[{"href":"https:\/\/www.claret.cat\/es\/wp-json\/wp\/v2\/types\/product"}],"wp:featuredmedia":[{"embeddable":true,"href":"https:\/\/www.claret.cat\/es\/wp-json\/wp\/v2\/media\/235254"}],"wp:attachment":[{"href":"https:\/\/www.claret.cat\/es\/wp-json\/wp\/v2\/media?parent=235253"}],"wp:term":[{"taxonomy":"product_brand","embeddable":true,"href":"https:\/\/www.claret.cat\/es\/wp-json\/wp\/v2\/product_brand?post=235253"},{"taxonomy":"product_cat","embeddable":true,"href":"https:\/\/www.claret.cat\/es\/wp-json\/wp\/v2\/product_cat?post=235253"},{"taxonomy":"product_tag","embeddable":true,"href":"https:\/\/www.claret.cat\/es\/wp-json\/wp\/v2\/product_tag?post=235253"}],"curies":[{"name":"wp","href":"https:\/\/api.w.org\/{rel}","templated":true}]}}