{"id":23557,"date":"2022-10-02T10:04:04","date_gmt":"2022-10-02T08:04:04","guid":{"rendered":"http:\/\/dev.claret.cat\/producte\/10-celebraciones-de-la-palabra-de-dios-sobre-la-misericordia\/"},"modified":"2024-05-23T06:47:50","modified_gmt":"2024-05-23T04:47:50","slug":"10-celebraciones-de-la-palabra-de-dios-sobre-la-misericordia-9788490233184","status":"publish","type":"product","link":"https:\/\/www.claret.cat\/es\/libro\/10-celebraciones-de-la-palabra-de-dios-sobre-la-misericordia-9788490233184\/","title":{"rendered":"10 CELEBRACIONES DE LA PALABRA DE DIOS SOBRE LA MISERICORDIA"},"content":{"rendered":"<p>La proclamaci\u00f3n de un A\u00f1o Santo Extraordinario o Jubileo de la Misericordia nos invita a descubrir y celebrar al Dios de la misericordia que en Jes\u00fas se nos ha revelado en toda su originalidad y plenitud. Estas celebraciones son una aportaci\u00f3n a las comunidades cristianas para adentrarse en la ternura del coraz\u00f3n de Dios. El comentario a la Palabra est\u00e1 extra\u00eddo de la bula de convocatoria del A\u00f1o Jubilar, Misericordiae vultus.<\/p>\n","protected":false},"excerpt":{"rendered":"<p>BENAVIDES, LUIS M.; GESSAGHI, LILIANA G.<\/p>\n","protected":false},"featured_media":359101,"template":"","meta":{"_acf_changed":false,"om_disable_all_campaigns":false,"rs_blank_template":"","rs_page_bg_color":"","slide_template_v7":"","inline_featured_image":false,"_monsterinsights_skip_tracking":false,"_monsterinsights_sitenote_active":false,"_monsterinsights_sitenote_note":"","_monsterinsights_sitenote_category":0},"product_brand":[],"product_cat":[92,542],"product_tag":[],"class_list":{"0":"post-23557","1":"product","2":"type-product","3":"status-publish","4":"has-post-thumbnail","6":"product_cat-vida-religiosa","7":"product_cat-vida-religiosa-1_espiritualidad-spa","9":"first","10":"instock","11":"taxable","12":"shipping-taxable","13":"purchasable","14":"product-type-simple"},"acf":{"autor":"BENAVIDES, LUIS M.; GESSAGHI, LILIANA G.","codart":"849023318","libros-coleccion":"","ediciones":"1","encuadernacion":"R\u00fastica","fecha_de_publicacion":"20\/11\/2015","novedad":"0","paginas":"76","subtitulo":"COMENTARIOS EXTRA\u00cdDOS DE LA BULA MISERICORDIAE VULTUS DEL PAPA FRANCISCO","orden":"999","portada":"0","idioma":"spa","editorial":[{"ID":6155,"post_author":"3","post_date":"2022-07-28 17:46:04","post_date_gmt":"2022-07-28 15:46:04","post_content":"","post_title":"Central Catequ\u00edstica Salesiana","post_excerpt":"","post_status":"publish","comment_status":"closed","ping_status":"closed","post_password":"","post_name":"central-catequistica-salesiana","to_ping":"","pinged":"","post_modified":"2022-07-28 17:46:04","post_modified_gmt":"2022-07-28 15:46:04","post_content_filtered":"","post_parent":0,"guid":"http:\/\/dev.claret.cat\/editorial\/central-catequistica-salesiana\/","menu_order":0,"post_type":"editorial","post_mime_type":"","comment_count":"0","filter":"raw"}],"autores-libros":[{"ID":162215,"post_author":"3","post_date":"2022-10-14 17:29:15","post_date_gmt":"2022-10-14 15:29:15","post_content":"","post_title":"LILIANA G. GESSAGHI","post_excerpt":"","post_status":"publish","comment_status":"closed","ping_status":"closed","post_password":"","post_name":"liliana-g-gessaghi","to_ping":"","pinged":"","post_modified":"2022-10-14 17:29:15","post_modified_gmt":"2022-10-14 15:29:15","post_content_filtered":"","post_parent":0,"guid":"http:\/\/dev.claret.cat\/autor\/liliana-g-gessaghi\/","menu_order":0,"post_type":"autor","post_mime_type":"","comment_count":"0","filter":"raw"},{"ID":162739,"post_author":"3","post_date":"2022-10-14 17:33:25","post_date_gmt":"2022-10-14 15:33:25","post_content":"","post_title":"LUIS M. BENAVIDES","post_excerpt":"","post_status":"publish","comment_status":"closed","ping_status":"closed","post_password":"","post_name":"luis-m-benavides","to_ping":"","pinged":"","post_modified":"2022-10-14 17:33:25","post_modified_gmt":"2022-10-14 15:33:25","post_content_filtered":"","post_parent":0,"guid":"http:\/\/dev.claret.cat\/autor\/luis-m-benavides\/","menu_order":0,"post_type":"autor","post_mime_type":"","comment_count":"0","filter":"raw"}]},"aioseo_notices":[],"_links":{"self":[{"href":"https:\/\/www.claret.cat\/es\/wp-json\/wp\/v2\/product\/23557","targetHints":{"allow":["GET"]}}],"collection":[{"href":"https:\/\/www.claret.cat\/es\/wp-json\/wp\/v2\/product"}],"about":[{"href":"https:\/\/www.claret.cat\/es\/wp-json\/wp\/v2\/types\/product"}],"wp:featuredmedia":[{"embeddable":true,"href":"https:\/\/www.claret.cat\/es\/wp-json\/wp\/v2\/media\/359101"}],"wp:attachment":[{"href":"https:\/\/www.claret.cat\/es\/wp-json\/wp\/v2\/media?parent=23557"}],"wp:term":[{"taxonomy":"product_brand","embeddable":true,"href":"https:\/\/www.claret.cat\/es\/wp-json\/wp\/v2\/product_brand?post=23557"},{"taxonomy":"product_cat","embeddable":true,"href":"https:\/\/www.claret.cat\/es\/wp-json\/wp\/v2\/product_cat?post=23557"},{"taxonomy":"product_tag","embeddable":true,"href":"https:\/\/www.claret.cat\/es\/wp-json\/wp\/v2\/product_tag?post=23557"}],"curies":[{"name":"wp","href":"https:\/\/api.w.org\/{rel}","templated":true}]}}