{"id":235592,"date":"2022-10-20T21:46:40","date_gmt":"2022-10-20T19:46:40","guid":{"rendered":"http:\/\/dev.claret.cat\/producte\/hola-soy-german-garmendia-chupaelperro\/"},"modified":"2023-01-28T18:48:20","modified_gmt":"2023-01-28T17:48:20","slug":"hola-soy-german-garmendia-chupaelperro-9788420488202","status":"publish","type":"product","link":"https:\/\/www.claret.cat\/es\/libro\/hola-soy-german-garmendia-chupaelperro-9788420488202\/","title":{"rendered":"HOLA SOY GERM\u00c1N GARMENDIA #CHUPAELPERRO"},"content":{"rendered":"<p>Hola, soy Germ\u00e1n Garmendia. Antes de nada, tom\u00e9monos un tiempo para apreciar el hecho de que escrib\u00ed un libro: \u00a1YUJUUUU! Me duele el trasero de tanto escribir pero aqu\u00ed est\u00e1, al fin. \u00bfQu\u00e9 para qu\u00e9 lo escrib\u00ed? Puede que est\u00e9s pasando por un momento dif\u00edcil, que hayas cometido un error del que te arrepientas, o  simplemente te preocupe el futuro. Mi intenci\u00f3n es echarte una mano con alg\u00fan que otro Germansejo. No me considero un gur\u00fa ni un sabio, pero aqu\u00ed te hablo de cosas en las que he tenido experiencia en la vida, y este libro te puede servir para decir: \u00abHeeeey, no estoy solo en  esto\u00bb. Si t\u00fa tambi\u00e9n crees que un buen libro te puede ayudar a ponerle una  mejor cara a la vida, acomp\u00e1\u00f1ame en estas p\u00e1ginas. Y si solo lo est\u00e1s ojeando, pero no lo vas a comprar,\u00a1CHUPA EL PERRO!<\/p>\n","protected":false},"excerpt":{"rendered":"<p>GARMENDIA, GERMAN<\/p>\n","protected":false},"featured_media":235593,"template":"","meta":{"_acf_changed":false,"om_disable_all_campaigns":false,"rs_blank_template":"","rs_page_bg_color":"","slide_template_v7":"","inline_featured_image":false,"_monsterinsights_skip_tracking":false,"_monsterinsights_sitenote_active":false,"_monsterinsights_sitenote_note":"","_monsterinsights_sitenote_category":0},"product_brand":[],"product_cat":[90,105],"product_tag":[],"class_list":{"0":"post-235592","1":"product","2":"type-product","3":"status-publish","4":"has-post-thumbnail","6":"product_cat-altres","7":"product_cat-regal","9":"first","10":"instock","11":"taxable","12":"shipping-taxable","13":"purchasable","14":"product-type-simple"},"acf":{"autor":"GARMENDIA, GERMAN","codart":"842048820","libros-coleccion":"","ediciones":"1","encuadernacion":"R\u00fastica","fecha_de_publicacion":"01\/05\/2016","novedad":"0","paginas":"171","subtitulo":"ALG\u00daN QUE OTRO CONSEJO PARA QUE NO TE PASE LO QUE A UN AMIGO","orden":"999","portada":"0","idioma":"spa","editorial":[{"ID":147392,"post_author":"3","post_date":"2022-10-14 11:50:13","post_date_gmt":"2022-10-14 09:50:13","post_content":"","post_title":"ALFAGUARA, EDITORIAL","post_excerpt":"","post_status":"publish","comment_status":"closed","ping_status":"closed","post_password":"","post_name":"alfaguara-editorial","to_ping":"","pinged":"","post_modified":"2022-10-14 11:50:13","post_modified_gmt":"2022-10-14 09:50:13","post_content_filtered":"","post_parent":0,"guid":"http:\/\/dev.claret.cat\/editorial\/alfaguara-editorial\/","menu_order":0,"post_type":"editorial","post_mime_type":"","comment_count":"0","filter":"raw"}]},"aioseo_notices":[],"_links":{"self":[{"href":"https:\/\/www.claret.cat\/es\/wp-json\/wp\/v2\/product\/235592","targetHints":{"allow":["GET"]}}],"collection":[{"href":"https:\/\/www.claret.cat\/es\/wp-json\/wp\/v2\/product"}],"about":[{"href":"https:\/\/www.claret.cat\/es\/wp-json\/wp\/v2\/types\/product"}],"wp:featuredmedia":[{"embeddable":true,"href":"https:\/\/www.claret.cat\/es\/wp-json\/wp\/v2\/media\/235593"}],"wp:attachment":[{"href":"https:\/\/www.claret.cat\/es\/wp-json\/wp\/v2\/media?parent=235592"}],"wp:term":[{"taxonomy":"product_brand","embeddable":true,"href":"https:\/\/www.claret.cat\/es\/wp-json\/wp\/v2\/product_brand?post=235592"},{"taxonomy":"product_cat","embeddable":true,"href":"https:\/\/www.claret.cat\/es\/wp-json\/wp\/v2\/product_cat?post=235592"},{"taxonomy":"product_tag","embeddable":true,"href":"https:\/\/www.claret.cat\/es\/wp-json\/wp\/v2\/product_tag?post=235592"}],"curies":[{"name":"wp","href":"https:\/\/api.w.org\/{rel}","templated":true}]}}