{"id":23570,"date":"2022-10-02T10:04:16","date_gmt":"2022-10-02T08:04:16","guid":{"rendered":"http:\/\/dev.claret.cat\/producte\/breve-manual-de-lengua-espanola\/"},"modified":"2024-05-23T06:48:49","modified_gmt":"2024-05-23T04:48:49","slug":"breve-manual-de-lengua-espanola-9788490233238","status":"publish","type":"product","link":"https:\/\/www.claret.cat\/es\/libro\/breve-manual-de-lengua-espanola-9788490233238\/","title":{"rendered":"BREVE MANUAL DE LENGUA ESPA\u00d1OLA"},"content":{"rendered":"<p>Esta obra pretende ofrecer una introducci\u00f3n a los conceptos b\u00e1sicos de la gram\u00e1tica espa\u00f1ola.  Puede ser de utilidad a profesores, estudiantes, o lectores interesados en conocer los fundamentos del espa\u00f1ol.  El texto b\u00e1sico se complementa con m\u00e1s de 300 notas a pie de p\u00e1gina que ofrecen informaci\u00f3n adicional y permiten profundizar en algunas peculiaridades de este idioma.  Cuenta, adem\u00e1s, con un ap\u00e9ndice dedicado a dos aspectos especialmente dif\u00edciles de dominar para extranjeros (los verbos ser y estar y el modo subjuntivo) y con otro adicional dedicado a la ortograf\u00eda b\u00e1sica de esta lengua.<\/p>\n","protected":false},"excerpt":{"rendered":"<p>MOLINA, JOS\u00c9 ANTONIO<\/p>\n","protected":false},"featured_media":359109,"template":"","meta":{"_acf_changed":false,"om_disable_all_campaigns":false,"rs_blank_template":"","rs_page_bg_color":"","slide_template_v7":"","inline_featured_image":false,"_monsterinsights_skip_tracking":false,"_monsterinsights_sitenote_active":false,"_monsterinsights_sitenote_note":"","_monsterinsights_sitenote_category":0},"product_brand":[],"product_cat":[90,540],"product_tag":[],"class_list":{"0":"post-23570","1":"product","2":"type-product","3":"status-publish","4":"has-post-thumbnail","6":"product_cat-altres","7":"product_cat-otros","9":"first","10":"instock","11":"taxable","12":"shipping-taxable","13":"purchasable","14":"product-type-simple"},"acf":{"autor":"MOLINA, JOS\u00c9 ANTONIO","codart":"849023323","libros-coleccion":"","ediciones":"1","encuadernacion":"R\u00fastica","fecha_de_publicacion":"04\/02\/2016","novedad":"0","paginas":"232","subtitulo":"","orden":"999","portada":"0","idioma":"spa","editorial":[{"ID":6155,"post_author":"3","post_date":"2022-07-28 17:46:04","post_date_gmt":"2022-07-28 15:46:04","post_content":"","post_title":"Central Catequ\u00edstica Salesiana","post_excerpt":"","post_status":"publish","comment_status":"closed","ping_status":"closed","post_password":"","post_name":"central-catequistica-salesiana","to_ping":"","pinged":"","post_modified":"2022-07-28 17:46:04","post_modified_gmt":"2022-07-28 15:46:04","post_content_filtered":"","post_parent":0,"guid":"http:\/\/dev.claret.cat\/editorial\/central-catequistica-salesiana\/","menu_order":0,"post_type":"editorial","post_mime_type":"","comment_count":"0","filter":"raw"}],"autores-libros":[{"ID":160184,"post_author":"3","post_date":"2022-10-14 15:50:58","post_date_gmt":"2022-10-14 13:50:58","post_content":"","post_title":"JOS\u00c9 ANTONIO MOLINA","post_excerpt":"","post_status":"publish","comment_status":"closed","ping_status":"closed","post_password":"","post_name":"jose-antonio-molina","to_ping":"","pinged":"","post_modified":"2022-10-14 15:50:58","post_modified_gmt":"2022-10-14 13:50:58","post_content_filtered":"","post_parent":0,"guid":"http:\/\/dev.claret.cat\/autor\/jose-antonio-molina\/","menu_order":0,"post_type":"autor","post_mime_type":"","comment_count":"0","filter":"raw"}]},"aioseo_notices":[],"_links":{"self":[{"href":"https:\/\/www.claret.cat\/es\/wp-json\/wp\/v2\/product\/23570","targetHints":{"allow":["GET"]}}],"collection":[{"href":"https:\/\/www.claret.cat\/es\/wp-json\/wp\/v2\/product"}],"about":[{"href":"https:\/\/www.claret.cat\/es\/wp-json\/wp\/v2\/types\/product"}],"wp:featuredmedia":[{"embeddable":true,"href":"https:\/\/www.claret.cat\/es\/wp-json\/wp\/v2\/media\/359109"}],"wp:attachment":[{"href":"https:\/\/www.claret.cat\/es\/wp-json\/wp\/v2\/media?parent=23570"}],"wp:term":[{"taxonomy":"product_brand","embeddable":true,"href":"https:\/\/www.claret.cat\/es\/wp-json\/wp\/v2\/product_brand?post=23570"},{"taxonomy":"product_cat","embeddable":true,"href":"https:\/\/www.claret.cat\/es\/wp-json\/wp\/v2\/product_cat?post=23570"},{"taxonomy":"product_tag","embeddable":true,"href":"https:\/\/www.claret.cat\/es\/wp-json\/wp\/v2\/product_tag?post=23570"}],"curies":[{"name":"wp","href":"https:\/\/api.w.org\/{rel}","templated":true}]}}