{"id":235814,"date":"2022-10-20T21:52:10","date_gmt":"2022-10-20T19:52:10","guid":{"rendered":"http:\/\/dev.claret.cat\/producte\/100-coses-per-fer-a-catalunya\/"},"modified":"2023-01-28T20:46:53","modified_gmt":"2023-01-28T19:46:53","slug":"100-coses-per-fer-a-catalunya-9788490344613","status":"publish","type":"product","link":"https:\/\/www.claret.cat\/es\/libro\/100-coses-per-fer-a-catalunya-9788490344613\/","title":{"rendered":"100 COSES PER FER A CATALUNYA"},"content":{"rendered":"<p>Descobreix Catalunya a partir de 100 propostes que has de fer almenys una vegada a la vida. Podr\u00e0s visitar d&#8221;una manera m\u00e9s original aquells indrets dels quals ja n&#8221;havies sentit parlar, o no, o que potser ja havies visitat, per\u00f2 aquest cop ho far\u00e0s de manera diferent. Perqu\u00e8 totes les idees del llibre tenen l&#8221;originalitat i la innovaci\u00f3 com a nexe com\u00fa. T&#8221;ofereix activitats per fer tant a l&#8221;aire com a terra o al fons del mar. Propostes gastron\u00f2miques, itineraris per la natura, activitats per a la mainada i molt m\u00e9s. Concretament, apadrinar\u00e0s una tortuga, escoltar\u00e0s m\u00fasica subterr\u00e0nia, hissar\u00e0s veles, et far\u00e0s el Ter en caiac i et convertir\u00e0s en titellaire per unes hores. El llibre nom\u00e9s et demana una cosa, que deixis volar la imaginaci\u00f3!<\/p>\n","protected":false},"excerpt":{"rendered":"<p>BASTART I CASS\u00c9, JORDI<\/p>\n","protected":false},"featured_media":320079,"template":"","meta":{"_acf_changed":false,"om_disable_all_campaigns":false,"rs_blank_template":"","rs_page_bg_color":"","slide_template_v7":"","inline_featured_image":false,"_monsterinsights_skip_tracking":false,"_monsterinsights_sitenote_active":false,"_monsterinsights_sitenote_note":"","_monsterinsights_sitenote_category":0},"product_brand":[],"product_cat":[557,107],"product_tag":[],"class_list":{"0":"post-235814","1":"product","2":"type-product","3":"status-publish","4":"has-post-thumbnail","6":"product_cat-guias-de-viaje","7":"product_cat-guies-de-viatge","9":"first","10":"instock","11":"taxable","12":"shipping-taxable","13":"purchasable","14":"product-type-simple"},"acf":{"autor":"BASTART I CASS\u00c9, JORDI","codart":"849034461","libros-coleccion":"","ediciones":"1","encuadernacion":"R\u00fastica","fecha_de_publicacion":"01\/05\/2016","novedad":"0","paginas":"1400","subtitulo":"ALMENYS UNA VEGADA A LA VIDA","orden":"999","portada":"0","idioma":"cat","editorial":[{"ID":6171,"post_author":"3","post_date":"2022-07-28 17:46:25","post_date_gmt":"2022-07-28 15:46:25","post_content":"","post_title":"COSSETANIA EDICIONS","post_excerpt":"","post_status":"publish","comment_status":"closed","ping_status":"closed","post_password":"","post_name":"cossetania-edicions","to_ping":"","pinged":"","post_modified":"2022-07-28 17:46:25","post_modified_gmt":"2022-07-28 15:46:25","post_content_filtered":"","post_parent":0,"guid":"http:\/\/dev.claret.cat\/editorial\/cossetania-edicions\/","menu_order":0,"post_type":"editorial","post_mime_type":"","comment_count":"0","filter":"raw"}],"autores-libros":[{"ID":159827,"post_author":"3","post_date":"2022-10-14 15:48:03","post_date_gmt":"2022-10-14 13:48:03","post_content":"","post_title":"JORDI BASTART I CASS\u00c9","post_excerpt":"","post_status":"publish","comment_status":"closed","ping_status":"closed","post_password":"","post_name":"jordi-bastart-i-casse","to_ping":"","pinged":"","post_modified":"2022-10-14 15:48:03","post_modified_gmt":"2022-10-14 13:48:03","post_content_filtered":"","post_parent":0,"guid":"http:\/\/dev.claret.cat\/autor\/jordi-bastart-i-casse\/","menu_order":0,"post_type":"autor","post_mime_type":"","comment_count":"0","filter":"raw"}]},"aioseo_notices":[],"_links":{"self":[{"href":"https:\/\/www.claret.cat\/es\/wp-json\/wp\/v2\/product\/235814","targetHints":{"allow":["GET"]}}],"collection":[{"href":"https:\/\/www.claret.cat\/es\/wp-json\/wp\/v2\/product"}],"about":[{"href":"https:\/\/www.claret.cat\/es\/wp-json\/wp\/v2\/types\/product"}],"wp:featuredmedia":[{"embeddable":true,"href":"https:\/\/www.claret.cat\/es\/wp-json\/wp\/v2\/media\/320079"}],"wp:attachment":[{"href":"https:\/\/www.claret.cat\/es\/wp-json\/wp\/v2\/media?parent=235814"}],"wp:term":[{"taxonomy":"product_brand","embeddable":true,"href":"https:\/\/www.claret.cat\/es\/wp-json\/wp\/v2\/product_brand?post=235814"},{"taxonomy":"product_cat","embeddable":true,"href":"https:\/\/www.claret.cat\/es\/wp-json\/wp\/v2\/product_cat?post=235814"},{"taxonomy":"product_tag","embeddable":true,"href":"https:\/\/www.claret.cat\/es\/wp-json\/wp\/v2\/product_tag?post=235814"}],"curies":[{"name":"wp","href":"https:\/\/api.w.org\/{rel}","templated":true}]}}