{"id":235823,"date":"2022-10-20T21:52:23","date_gmt":"2022-10-20T19:52:23","guid":{"rendered":"http:\/\/dev.claret.cat\/producte\/guia-sentimental-de-lempordanet\/"},"modified":"2024-01-31T21:18:33","modified_gmt":"2024-01-31T20:18:33","slug":"guia-sentimental-de-lempordanet-9788498093667","status":"publish","type":"product","link":"https:\/\/www.claret.cat\/es\/libro\/guia-sentimental-de-lempordanet-9788498093667\/","title":{"rendered":"GUIA SENTIMENTAL DE L&#8217;EMPORDANET"},"content":{"rendered":"<p>L?Empordanet no existeix. Aquesta \u00e9s la primera afirmaci\u00f3 que es trobar\u00e0 el lector quan obri la guia que t\u00e9 a les mans. Un cop superada la sorpresa, descobrir\u00e0 el pacte que li proposa l?Adri\u00e0 Pujol Cruells. Si li fa confian\u00e7a, l?autor el conduir\u00e0 pels pobles i ve\u00efnats que s?estenen al sud del Montgr\u00ed i al voltant del mercat de la Bisbal, li descobrir\u00e0 racons secrets, el far\u00e0 enfilar-se fins a les talaies amb m\u00e9s bona vista, el dur\u00e0 per carreteres on ve de gust conduir amb la finestra oberta, li descobrir\u00e0 capricis geol\u00f2gics, ermites solit\u00e0ries, bars oblidats i algunes de les cales m\u00e9s boniques de l?univers. El nostre guia no oblida la gastronomia, la parla local i encara menys la hist\u00f2ria: la petjada dels \u00edbers, la dels grecs, els nyaps del franquisme. Fotografies i mapes detallats acabaran de fer necessari aquest llibre. Despr\u00e9s de Josep Pla i de Gaziel, alg\u00fa podria pensar que ja s?ha dit tot sobre aquesta comarca tan visitada i mitificada, per\u00f2 la guia de l?Adri\u00e0 Pujol \u00e9s una font de sorpreses i d?humor propi. Val la pena fer-li confian\u00e7a.<\/p>\n","protected":false},"excerpt":{"rendered":"<p>PUJOL CRUELLS, ADRI\u00c0<\/p>\n","protected":false},"featured_media":235824,"template":"","meta":{"_acf_changed":false,"om_disable_all_campaigns":false,"rs_blank_template":"","rs_page_bg_color":"","slide_template_v7":"","inline_featured_image":false,"_monsterinsights_skip_tracking":false,"_monsterinsights_sitenote_active":false,"_monsterinsights_sitenote_note":"","_monsterinsights_sitenote_category":0},"product_brand":[],"product_cat":[557,107],"product_tag":[],"class_list":{"0":"post-235823","1":"product","2":"type-product","3":"status-publish","4":"has-post-thumbnail","6":"product_cat-guias-de-viaje","7":"product_cat-guies-de-viatge","9":"first","10":"instock","11":"taxable","12":"shipping-taxable","13":"purchasable","14":"product-type-simple"},"acf":{"autor":"PUJOL CRUELLS, ADRI\u00c0","codart":"849809366","libros-coleccion":"","ediciones":"1","encuadernacion":"R\u00fastica","fecha_de_publicacion":"01\/05\/2016","novedad":"0","paginas":"270","subtitulo":"","orden":"999","portada":"0","idioma":"cat","editorial":[{"ID":148691,"post_author":"3","post_date":"2022-10-14 12:00:14","post_date_gmt":"2022-10-14 10:00:14","post_content":"","post_title":"PORTIC, EDITORIAL","post_excerpt":"","post_status":"publish","comment_status":"closed","ping_status":"closed","post_password":"","post_name":"portic-editorial","to_ping":"","pinged":"","post_modified":"2022-10-14 12:00:14","post_modified_gmt":"2022-10-14 10:00:14","post_content_filtered":"","post_parent":0,"guid":"http:\/\/dev.claret.cat\/editorial\/portic-editorial\/","menu_order":0,"post_type":"editorial","post_mime_type":"","comment_count":"0","filter":"raw"}],"autores-libros":[{"ID":149171,"post_author":"3","post_date":"2022-10-14 14:22:43","post_date_gmt":"2022-10-14 12:22:43","post_content":"","post_title":"ADRI\u00c0 PUJOL CRUELLS","post_excerpt":"","post_status":"publish","comment_status":"closed","ping_status":"closed","post_password":"","post_name":"adria-pujol-cruells","to_ping":"","pinged":"","post_modified":"2022-10-14 14:22:43","post_modified_gmt":"2022-10-14 12:22:43","post_content_filtered":"","post_parent":0,"guid":"http:\/\/dev.claret.cat\/autor\/adria-pujol-cruells\/","menu_order":0,"post_type":"autor","post_mime_type":"","comment_count":"0","filter":"raw"}]},"aioseo_notices":[],"_links":{"self":[{"href":"https:\/\/www.claret.cat\/es\/wp-json\/wp\/v2\/product\/235823","targetHints":{"allow":["GET"]}}],"collection":[{"href":"https:\/\/www.claret.cat\/es\/wp-json\/wp\/v2\/product"}],"about":[{"href":"https:\/\/www.claret.cat\/es\/wp-json\/wp\/v2\/types\/product"}],"wp:featuredmedia":[{"embeddable":true,"href":"https:\/\/www.claret.cat\/es\/wp-json\/wp\/v2\/media\/235824"}],"wp:attachment":[{"href":"https:\/\/www.claret.cat\/es\/wp-json\/wp\/v2\/media?parent=235823"}],"wp:term":[{"taxonomy":"product_brand","embeddable":true,"href":"https:\/\/www.claret.cat\/es\/wp-json\/wp\/v2\/product_brand?post=235823"},{"taxonomy":"product_cat","embeddable":true,"href":"https:\/\/www.claret.cat\/es\/wp-json\/wp\/v2\/product_cat?post=235823"},{"taxonomy":"product_tag","embeddable":true,"href":"https:\/\/www.claret.cat\/es\/wp-json\/wp\/v2\/product_tag?post=235823"}],"curies":[{"name":"wp","href":"https:\/\/api.w.org\/{rel}","templated":true}]}}