{"id":235916,"date":"2022-10-20T21:54:39","date_gmt":"2022-10-20T19:54:39","guid":{"rendered":"http:\/\/dev.claret.cat\/producte\/guia-del-camino-ignaciano\/"},"modified":"2024-05-02T12:58:18","modified_gmt":"2024-05-02T10:58:18","slug":"guia-del-camino-ignaciano-9788427138735","status":"publish","type":"product","link":"https:\/\/www.claret.cat\/es\/libro\/guia-del-camino-ignaciano-9788427138735\/","title":{"rendered":"GU\u00cdA DEL CAMINO IGNACIANO"},"content":{"rendered":"<p>La peregrinaci\u00f3n de San Ignacio desde Loyola hasta Manresa en 1522 cambi\u00f3 la vida del fundador de la Compa\u00f1ia de Jes\u00fas y cambi\u00f3 la historia. Una gu\u00eda pr\u00e1ctica en ruta de los 700 kil\u00f3metros que separan los dos santuarios y tambi\u00e9n como gu\u00eda espiritual que ilumina el d\u00eda a d\u00eda con meditaciones y reflexiones.<\/p>\n","protected":false},"excerpt":{"rendered":"<p>IRIBERRI, JOSE LUIS \/ LOWNEY, CHRIS<\/p>\n","protected":false},"featured_media":332231,"template":"","meta":{"_acf_changed":false,"om_disable_all_campaigns":false,"rs_blank_template":"","rs_page_bg_color":"","slide_template_v7":"","inline_featured_image":false,"_monsterinsights_skip_tracking":false,"_monsterinsights_sitenote_active":false,"_monsterinsights_sitenote_note":"","_monsterinsights_sitenote_category":0},"product_brand":[],"product_cat":[557,107],"product_tag":[],"class_list":{"0":"post-235916","1":"product","2":"type-product","3":"status-publish","4":"has-post-thumbnail","6":"product_cat-guias-de-viaje","7":"product_cat-guies-de-viatge","9":"first","10":"instock","11":"taxable","12":"shipping-taxable","13":"purchasable","14":"product-type-simple"},"acf":{"autor":"IRIBERRI, JOSE LUIS \/ LOWNEY, CHRIS","codart":"842713873","libros-coleccion":"","ediciones":"1","encuadernacion":"R\u00fastica","fecha_de_publicacion":"01\/05\/2016","novedad":"0","paginas":"218","subtitulo":"","orden":"999","portada":"0","idioma":"spa","editorial":[{"ID":8258,"post_author":"3","post_date":"2022-09-30 09:21:32","post_date_gmt":"2022-09-30 07:21:32","post_content":"","post_title":"MENSAJERO","post_excerpt":"","post_status":"publish","comment_status":"closed","ping_status":"closed","post_password":"","post_name":"mensajero","to_ping":"","pinged":"","post_modified":"2022-09-30 09:21:32","post_modified_gmt":"2022-09-30 07:21:32","post_content_filtered":"","post_parent":0,"guid":"http:\/\/dev.claret.cat\/editorial\/mensajero\/","menu_order":0,"post_type":"editorial","post_mime_type":"","comment_count":"0","filter":"raw"}],"autores-libros":[{"ID":152868,"post_author":"3","post_date":"2022-10-14 14:52:14","post_date_gmt":"2022-10-14 12:52:14","post_content":"","post_title":"CHRIS LOWNEY","post_excerpt":"","post_status":"publish","comment_status":"closed","ping_status":"closed","post_password":"","post_name":"chris-lowney","to_ping":"","pinged":"","post_modified":"2022-10-14 14:52:14","post_modified_gmt":"2022-10-14 12:52:14","post_content_filtered":"","post_parent":0,"guid":"http:\/\/dev.claret.cat\/autor\/chris-lowney\/","menu_order":0,"post_type":"autor","post_mime_type":"","comment_count":"0","filter":"raw"},{"ID":282530,"post_author":"3","post_date":"2022-12-10 00:31:48","post_date_gmt":"2022-12-09 23:31:48","post_content":"","post_title":"JOS\u00c9 LUIS IRIBERRI","post_excerpt":"","post_status":"publish","comment_status":"closed","ping_status":"closed","post_password":"","post_name":"jose-luis-iriberri-2","to_ping":"","pinged":"","post_modified":"2022-12-10 00:31:48","post_modified_gmt":"2022-12-09 23:31:48","post_content_filtered":"","post_parent":0,"guid":"http:\/\/dev.claret.cat\/autor\/jose-luis-iriberri-2\/","menu_order":0,"post_type":"autor","post_mime_type":"","comment_count":"0","filter":"raw"}]},"aioseo_notices":[],"_links":{"self":[{"href":"https:\/\/www.claret.cat\/es\/wp-json\/wp\/v2\/product\/235916","targetHints":{"allow":["GET"]}}],"collection":[{"href":"https:\/\/www.claret.cat\/es\/wp-json\/wp\/v2\/product"}],"about":[{"href":"https:\/\/www.claret.cat\/es\/wp-json\/wp\/v2\/types\/product"}],"wp:featuredmedia":[{"embeddable":true,"href":"https:\/\/www.claret.cat\/es\/wp-json\/wp\/v2\/media\/332231"}],"wp:attachment":[{"href":"https:\/\/www.claret.cat\/es\/wp-json\/wp\/v2\/media?parent=235916"}],"wp:term":[{"taxonomy":"product_brand","embeddable":true,"href":"https:\/\/www.claret.cat\/es\/wp-json\/wp\/v2\/product_brand?post=235916"},{"taxonomy":"product_cat","embeddable":true,"href":"https:\/\/www.claret.cat\/es\/wp-json\/wp\/v2\/product_cat?post=235916"},{"taxonomy":"product_tag","embeddable":true,"href":"https:\/\/www.claret.cat\/es\/wp-json\/wp\/v2\/product_tag?post=235916"}],"curies":[{"name":"wp","href":"https:\/\/api.w.org\/{rel}","templated":true}]}}