{"id":235946,"date":"2022-10-20T21:55:24","date_gmt":"2022-10-20T19:55:24","guid":{"rendered":"http:\/\/dev.claret.cat\/producte\/petita-historia-de-lescolania-de-montserrat\/"},"modified":"2025-01-16T17:54:09","modified_gmt":"2025-01-16T16:54:09","slug":"petita-historia-de-lescolania-de-montserrat-9788499794570","status":"publish","type":"product","link":"https:\/\/www.claret.cat\/es\/libro\/petita-historia-de-lescolania-de-montserrat-9788499794570\/","title":{"rendered":"PETITA HIST\u00d2RIA DE L&#8217;ESCOLANIA DE MONTSERRAT"},"content":{"rendered":"<p>Aquesta petita hist\u00f2ria ens explica com es la vida dels joves estudiants de l&#8221;Escolania de Montserrat, les seves viv\u00e8ncies, experi\u00e8ncies i la seva forta vinculaci\u00f3 amb el m\u00f3n de la m\u00fasica.<\/p>\n","protected":false},"excerpt":{"rendered":"<p>MARGARIT, MERITXELL<\/p>\n","protected":false},"featured_media":235947,"template":"","meta":{"_acf_changed":false,"om_disable_all_campaigns":false,"rs_blank_template":"","rs_page_bg_color":"","slide_template_v7":"","inline_featured_image":false,"_monsterinsights_skip_tracking":false,"_monsterinsights_sitenote_active":false,"_monsterinsights_sitenote_note":"","_monsterinsights_sitenote_category":0},"product_brand":[],"product_cat":[86,352],"product_tag":[],"class_list":{"0":"post-235946","1":"product","2":"type-product","3":"status-publish","4":"has-post-thumbnail","6":"product_cat-infantil","7":"product_cat-infantil-3_infantil-juvenil-spa","9":"first","10":"instock","11":"taxable","12":"shipping-taxable","13":"purchasable","14":"product-type-simple"},"acf":{"autor":"MARGARIT, MERITXELL","codart":"849979457","libros-coleccion":"","ediciones":"1","encuadernacion":"R\u00fastica","fecha_de_publicacion":"01\/05\/2016","novedad":"0","paginas":"12","subtitulo":"","orden":"999","portada":"0","idioma":"spa","editorial":[{"ID":8235,"post_author":"3","post_date":"2022-09-30 09:21:22","post_date_gmt":"2022-09-30 07:21:22","post_content":"","post_title":"EDITORIAL MEDITERRANIA","post_excerpt":"","post_status":"publish","comment_status":"closed","ping_status":"closed","post_password":"","post_name":"editorial-mediterrania","to_ping":"","pinged":"","post_modified":"2022-09-30 09:21:22","post_modified_gmt":"2022-09-30 07:21:22","post_content_filtered":"","post_parent":0,"guid":"http:\/\/dev.claret.cat\/editorial\/editorial-mediterrania\/","menu_order":0,"post_type":"editorial","post_mime_type":"","comment_count":"0","filter":"raw"}],"autores-libros":[{"ID":164752,"post_author":"3","post_date":"2022-10-14 17:49:36","post_date_gmt":"2022-10-14 15:49:36","post_content":"","post_title":"MERITXELL MARGARIT","post_excerpt":"","post_status":"publish","comment_status":"closed","ping_status":"closed","post_password":"","post_name":"meritxell-margarit","to_ping":"","pinged":"","post_modified":"2022-10-14 17:49:36","post_modified_gmt":"2022-10-14 15:49:36","post_content_filtered":"","post_parent":0,"guid":"http:\/\/dev.claret.cat\/autor\/meritxell-margarit\/","menu_order":0,"post_type":"autor","post_mime_type":"","comment_count":"0","filter":"raw"}]},"aioseo_notices":[],"_links":{"self":[{"href":"https:\/\/www.claret.cat\/es\/wp-json\/wp\/v2\/product\/235946","targetHints":{"allow":["GET"]}}],"collection":[{"href":"https:\/\/www.claret.cat\/es\/wp-json\/wp\/v2\/product"}],"about":[{"href":"https:\/\/www.claret.cat\/es\/wp-json\/wp\/v2\/types\/product"}],"wp:featuredmedia":[{"embeddable":true,"href":"https:\/\/www.claret.cat\/es\/wp-json\/wp\/v2\/media\/235947"}],"wp:attachment":[{"href":"https:\/\/www.claret.cat\/es\/wp-json\/wp\/v2\/media?parent=235946"}],"wp:term":[{"taxonomy":"product_brand","embeddable":true,"href":"https:\/\/www.claret.cat\/es\/wp-json\/wp\/v2\/product_brand?post=235946"},{"taxonomy":"product_cat","embeddable":true,"href":"https:\/\/www.claret.cat\/es\/wp-json\/wp\/v2\/product_cat?post=235946"},{"taxonomy":"product_tag","embeddable":true,"href":"https:\/\/www.claret.cat\/es\/wp-json\/wp\/v2\/product_tag?post=235946"}],"curies":[{"name":"wp","href":"https:\/\/api.w.org\/{rel}","templated":true}]}}