{"id":236177,"date":"2022-10-20T22:01:13","date_gmt":"2022-10-20T20:01:13","guid":{"rendered":"http:\/\/dev.claret.cat\/producte\/el-signo-del-dragon-2\/"},"modified":"2026-02-23T11:17:11","modified_gmt":"2026-02-23T10:17:11","slug":"el-signo-del-dragon-9788416363841","status":"publish","type":"product","link":"https:\/\/www.claret.cat\/es\/libro\/el-signo-del-dragon-9788416363841\/","title":{"rendered":"EL SIGNO DEL DRAG\u00d3N"},"content":{"rendered":"<p>La trilog\u00eda del Zod\u00edaco: Un a\u00f1o, un signo, un crimen.El primer y apasionante thriller de una trilog\u00eda ambientada en San Sebasti\u00e1n. En El signo del drag\u00f3n, la rueda del Zod\u00edaco empieza a girar.<\/p>\n","protected":false},"excerpt":{"rendered":"<p>AL\u00cdA, RICARDO<\/p>\n","protected":false},"featured_media":1085459,"template":"","meta":{"_acf_changed":false,"om_disable_all_campaigns":false,"rs_blank_template":"","rs_page_bg_color":"","slide_template_v7":"","inline_featured_image":false,"_monsterinsights_skip_tracking":false,"_monsterinsights_sitenote_active":false,"_monsterinsights_sitenote_note":"","_monsterinsights_sitenote_category":0},"product_brand":[],"product_cat":[87,353],"product_tag":[],"class_list":{"0":"post-236177","1":"product","2":"type-product","3":"status-publish","4":"has-post-thumbnail","6":"product_cat-literatura","7":"product_cat-literatura-2_humanidades","9":"first","10":"outofstock","11":"taxable","12":"shipping-taxable","13":"purchasable","14":"product-type-simple"},"acf":{"autor":"AL\u00cdA, RICARDO","codart":"841636384","libros-coleccion":"","ediciones":"1","encuadernacion":"R\u00fastica","fecha_de_publicacion":"18\/04\/2016","novedad":"0","paginas":"360","subtitulo":"TRILOG\u00cdA DEL ZOD\u00cdACO","orden":"999","portada":"0","idioma":"spa","editorial":[{"ID":148486,"post_author":"3","post_date":"2022-10-14 11:58:37","post_date_gmt":"2022-10-14 09:58:37","post_content":"","post_title":"MAEVA EDITORIAL","post_excerpt":"","post_status":"publish","comment_status":"closed","ping_status":"closed","post_password":"","post_name":"maeva-editorial","to_ping":"","pinged":"","post_modified":"2022-10-14 11:58:37","post_modified_gmt":"2022-10-14 09:58:37","post_content_filtered":"","post_parent":0,"guid":"http:\/\/dev.claret.cat\/editorial\/maeva-editorial\/","menu_order":0,"post_type":"editorial","post_mime_type":"","comment_count":"0","filter":"raw"}],"autores-libros":[{"ID":428041,"post_author":"3","post_date":"2023-05-16 09:18:42","post_date_gmt":"2023-05-16 07:18:42","post_content":"","post_title":"RICARDO AL\u00cdA","post_excerpt":"","post_status":"publish","comment_status":"closed","ping_status":"closed","post_password":"","post_name":"ricardo-alia","to_ping":"","pinged":"","post_modified":"2023-05-16 09:18:42","post_modified_gmt":"2023-05-16 07:18:42","post_content_filtered":"","post_parent":0,"guid":"https:\/\/www.claret.cat\/autor\/ricardo-alia\/","menu_order":0,"post_type":"autor","post_mime_type":"","comment_count":"0","filter":"raw"}],"booktrailer":"","resenas":""},"aioseo_notices":[],"_links":{"self":[{"href":"https:\/\/www.claret.cat\/es\/wp-json\/wp\/v2\/product\/236177","targetHints":{"allow":["GET"]}}],"collection":[{"href":"https:\/\/www.claret.cat\/es\/wp-json\/wp\/v2\/product"}],"about":[{"href":"https:\/\/www.claret.cat\/es\/wp-json\/wp\/v2\/types\/product"}],"wp:featuredmedia":[{"embeddable":true,"href":"https:\/\/www.claret.cat\/es\/wp-json\/wp\/v2\/media\/1085459"}],"wp:attachment":[{"href":"https:\/\/www.claret.cat\/es\/wp-json\/wp\/v2\/media?parent=236177"}],"wp:term":[{"taxonomy":"product_brand","embeddable":true,"href":"https:\/\/www.claret.cat\/es\/wp-json\/wp\/v2\/product_brand?post=236177"},{"taxonomy":"product_cat","embeddable":true,"href":"https:\/\/www.claret.cat\/es\/wp-json\/wp\/v2\/product_cat?post=236177"},{"taxonomy":"product_tag","embeddable":true,"href":"https:\/\/www.claret.cat\/es\/wp-json\/wp\/v2\/product_tag?post=236177"}],"curies":[{"name":"wp","href":"https:\/\/api.w.org\/{rel}","templated":true}]}}