{"id":236201,"date":"2022-10-20T22:01:50","date_gmt":"2022-10-20T20:01:50","guid":{"rendered":"http:\/\/dev.claret.cat\/producte\/el-bello-escandalo-de-la-caridad\/"},"modified":"2024-05-02T11:46:30","modified_gmt":"2024-05-02T09:46:30","slug":"el-bello-escandalo-de-la-caridad-9788427721548","status":"publish","type":"product","link":"https:\/\/www.claret.cat\/es\/libro\/el-bello-escandalo-de-la-caridad-9788427721548\/","title":{"rendered":"EL BELLO ESC\u00c1NDALO DE LA CARIDAD"},"content":{"rendered":"<p>La misericordia es una de las mejores claves para comprender la vida de Madeleine Delbr\u00eal, tan pr\u00f3xima siempre a la miseria en cualquiera de sus manifestaciones. Sus experiencias le impulsaban a desbordarse en ternura ante las situaciones concretas a las que dedic\u00f3 su vida y que podemos rastrear en su misal, en su \u00abHerbario\u00bb. Los autores nos presentan cuatro de sus textos m\u00e1s importantes, ilustr\u00e1ndolos con sus conocimientos sobre el contenido de ese misal que es uno de los objetos m\u00e1s bellos que Madeleine nos ha dejado.<\/p>\n","protected":false},"excerpt":{"rendered":"<p>FRAN\u00c7OIS, GILLES; PITAUD, BERNARD<\/p>\n","protected":false},"featured_media":333132,"template":"","meta":{"_acf_changed":false,"om_disable_all_campaigns":false,"rs_blank_template":"","rs_page_bg_color":"","slide_template_v7":"","inline_featured_image":false,"_monsterinsights_skip_tracking":false,"_monsterinsights_sitenote_active":false,"_monsterinsights_sitenote_note":"","_monsterinsights_sitenote_category":0},"product_brand":[],"product_cat":[345,79],"product_tag":[],"class_list":{"0":"post-236201","1":"product","2":"type-product","3":"status-publish","4":"has-post-thumbnail","6":"product_cat-espiritualidad","7":"product_cat-espiritualitat","9":"first","10":"instock","11":"taxable","12":"shipping-taxable","13":"purchasable","14":"product-type-simple"},"acf":{"autor":"FRAN\u00c7OIS, GILLES; PITAUD, BERNARD","codart":"842772154","libros-coleccion":"","ediciones":"1","encuadernacion":"R\u00fastica","fecha_de_publicacion":"15\/04\/2016","novedad":"0","paginas":"110","subtitulo":"LA MISERICORDIA SEG\u00daN MADELEINE DELBR\u00caL","orden":"0","portada":"0","idioma":"spa","editorial":[{"ID":8261,"post_author":"3","post_date":"2022-09-30 09:21:34","post_date_gmt":"2022-09-30 07:21:34","post_content":"","post_title":"Narcea","post_excerpt":"","post_status":"publish","comment_status":"closed","ping_status":"closed","post_password":"","post_name":"narcea","to_ping":"","pinged":"","post_modified":"2022-09-30 09:21:34","post_modified_gmt":"2022-09-30 07:21:34","post_content_filtered":"","post_parent":0,"guid":"http:\/\/dev.claret.cat\/editorial\/narcea\/","menu_order":0,"post_type":"editorial","post_mime_type":"","comment_count":"0","filter":"raw"}],"autores-libros":[{"ID":156897,"post_author":"3","post_date":"2022-10-14 15:24:30","post_date_gmt":"2022-10-14 13:24:30","post_content":"","post_title":"GILLES FRAN\u00c7OIS","post_excerpt":"","post_status":"publish","comment_status":"closed","ping_status":"closed","post_password":"","post_name":"gilles-francois","to_ping":"","pinged":"","post_modified":"2022-10-14 15:24:30","post_modified_gmt":"2022-10-14 13:24:30","post_content_filtered":"","post_parent":0,"guid":"http:\/\/dev.claret.cat\/autor\/gilles-francois\/","menu_order":0,"post_type":"autor","post_mime_type":"","comment_count":"0","filter":"raw"},{"ID":151613,"post_author":"3","post_date":"2022-10-14 14:42:15","post_date_gmt":"2022-10-14 12:42:15","post_content":"","post_title":"BERNARD PITAUD","post_excerpt":"","post_status":"publish","comment_status":"closed","ping_status":"closed","post_password":"","post_name":"bernard-pitaud","to_ping":"","pinged":"","post_modified":"2022-10-14 14:42:15","post_modified_gmt":"2022-10-14 12:42:15","post_content_filtered":"","post_parent":0,"guid":"http:\/\/dev.claret.cat\/autor\/bernard-pitaud\/","menu_order":0,"post_type":"autor","post_mime_type":"","comment_count":"0","filter":"raw"}]},"aioseo_notices":[],"_links":{"self":[{"href":"https:\/\/www.claret.cat\/es\/wp-json\/wp\/v2\/product\/236201","targetHints":{"allow":["GET"]}}],"collection":[{"href":"https:\/\/www.claret.cat\/es\/wp-json\/wp\/v2\/product"}],"about":[{"href":"https:\/\/www.claret.cat\/es\/wp-json\/wp\/v2\/types\/product"}],"wp:featuredmedia":[{"embeddable":true,"href":"https:\/\/www.claret.cat\/es\/wp-json\/wp\/v2\/media\/333132"}],"wp:attachment":[{"href":"https:\/\/www.claret.cat\/es\/wp-json\/wp\/v2\/media?parent=236201"}],"wp:term":[{"taxonomy":"product_brand","embeddable":true,"href":"https:\/\/www.claret.cat\/es\/wp-json\/wp\/v2\/product_brand?post=236201"},{"taxonomy":"product_cat","embeddable":true,"href":"https:\/\/www.claret.cat\/es\/wp-json\/wp\/v2\/product_cat?post=236201"},{"taxonomy":"product_tag","embeddable":true,"href":"https:\/\/www.claret.cat\/es\/wp-json\/wp\/v2\/product_tag?post=236201"}],"curies":[{"name":"wp","href":"https:\/\/api.w.org\/{rel}","templated":true}]}}