{"id":236279,"date":"2022-10-20T22:03:48","date_gmt":"2022-10-20T20:03:48","guid":{"rendered":"http:\/\/dev.claret.cat\/producte\/misterioso-asesinato-en-casa-de-cervantes-2\/"},"modified":"2023-01-28T19:29:57","modified_gmt":"2023-01-28T18:29:57","slug":"misterioso-asesinato-en-casa-de-cervantes-9788467047455","status":"publish","type":"product","link":"https:\/\/www.claret.cat\/es\/libro\/misterioso-asesinato-en-casa-de-cervantes-9788467047455\/","title":{"rendered":"MISTERIOSO ASESINATO EN CASA DE CERVANTES"},"content":{"rendered":"<p>A las puertas de la casa de Miguel de Cervantes ha aparecido el cad\u00e1ver del hidalgo Gaspar de Ezpeleta, al que han apu\u00f1alado. Una vecina beata acusa al escritor y a sus alegres hermanas, las Cervantas, de estar implicados en el asunto y acaban encarcelados. La duquesa de Arjona, gran admiradora de Cervantes, requiere los servicios de la joven Dorotea de Osuna para que acuda a Valladolid e investigue el caso, conocedora de sus habilidades en este campo.<br \/> A trav\u00e9s de la investigaci\u00f3n detectivesca de Dorotea para defender la inocencia del autor de El Quijote asistimos a un retablo de la Espa\u00f1a del Siglo de Oro: un pa\u00eds agotado por las guerras, anegado de clases ociosas e improductivas, nobles y cl\u00e9rigos, lleno de prejuicios, con una legi\u00f3n de mendigos, veteranos de las guerras tullidos, p\u00edcaros, busconas y criadillos. Una aut\u00e9ntica corte de los milagros en la que la mujer se rebela y lucha denodadamente por escapar del papel secundario al que la sociedad la relega.<\/p>\n","protected":false},"excerpt":{"rendered":"<p>ESLAVA GAL\u00c1N, JUAN<\/p>\n","protected":false},"featured_media":236280,"template":"","meta":{"_acf_changed":false,"om_disable_all_campaigns":false,"rs_blank_template":"","rs_page_bg_color":"","slide_template_v7":"","inline_featured_image":false,"_monsterinsights_skip_tracking":false,"_monsterinsights_sitenote_active":false,"_monsterinsights_sitenote_note":"","_monsterinsights_sitenote_category":0},"product_brand":[],"product_cat":[87],"product_tag":[],"class_list":{"0":"post-236279","1":"product","2":"type-product","3":"status-publish","4":"has-post-thumbnail","6":"product_cat-literatura","8":"first","9":"instock","10":"taxable","11":"shipping-taxable","12":"purchasable","13":"product-type-simple"},"acf":{"autor":"ESLAVA GAL\u00c1N, JUAN","codart":"846704745","libros-coleccion":"","ediciones":"1","encuadernacion":"R\u00fastica","fecha_de_publicacion":"14\/04\/2016","novedad":"0","paginas":"288","subtitulo":"PREMIO PRIMAVERA DE NOVELA 2015","orden":"999","portada":"0","idioma":"spa","editorial":[{"ID":6149,"post_author":"3","post_date":"2022-07-28 17:45:56","post_date_gmt":"2022-07-28 15:45:56","post_content":"","post_title":"BOOKET","post_excerpt":"","post_status":"publish","comment_status":"closed","ping_status":"closed","post_password":"","post_name":"booket","to_ping":"","pinged":"","post_modified":"2022-07-28 17:45:56","post_modified_gmt":"2022-07-28 15:45:56","post_content_filtered":"","post_parent":0,"guid":"http:\/\/dev.claret.cat\/editorial\/booket\/","menu_order":0,"post_type":"editorial","post_mime_type":"","comment_count":"0","filter":"raw"}],"autores-libros":[{"ID":161034,"post_author":"3","post_date":"2022-10-14 15:57:52","post_date_gmt":"2022-10-14 13:57:52","post_content":"","post_title":"JUAN ESLAVA GAL\u00c1N","post_excerpt":"","post_status":"publish","comment_status":"closed","ping_status":"closed","post_password":"","post_name":"juan-eslava-galan","to_ping":"","pinged":"","post_modified":"2022-10-14 15:57:52","post_modified_gmt":"2022-10-14 13:57:52","post_content_filtered":"","post_parent":0,"guid":"http:\/\/dev.claret.cat\/autor\/juan-eslava-galan\/","menu_order":0,"post_type":"autor","post_mime_type":"","comment_count":"0","filter":"raw"}]},"aioseo_notices":[],"_links":{"self":[{"href":"https:\/\/www.claret.cat\/es\/wp-json\/wp\/v2\/product\/236279","targetHints":{"allow":["GET"]}}],"collection":[{"href":"https:\/\/www.claret.cat\/es\/wp-json\/wp\/v2\/product"}],"about":[{"href":"https:\/\/www.claret.cat\/es\/wp-json\/wp\/v2\/types\/product"}],"wp:featuredmedia":[{"embeddable":true,"href":"https:\/\/www.claret.cat\/es\/wp-json\/wp\/v2\/media\/236280"}],"wp:attachment":[{"href":"https:\/\/www.claret.cat\/es\/wp-json\/wp\/v2\/media?parent=236279"}],"wp:term":[{"taxonomy":"product_brand","embeddable":true,"href":"https:\/\/www.claret.cat\/es\/wp-json\/wp\/v2\/product_brand?post=236279"},{"taxonomy":"product_cat","embeddable":true,"href":"https:\/\/www.claret.cat\/es\/wp-json\/wp\/v2\/product_cat?post=236279"},{"taxonomy":"product_tag","embeddable":true,"href":"https:\/\/www.claret.cat\/es\/wp-json\/wp\/v2\/product_tag?post=236279"}],"curies":[{"name":"wp","href":"https:\/\/api.w.org\/{rel}","templated":true}]}}