{"id":236325,"date":"2022-10-20T22:04:58","date_gmt":"2022-10-20T20:04:58","guid":{"rendered":"http:\/\/dev.claret.cat\/producte\/breve-historia-del-mundo-para-jovenes-lectores-2\/"},"modified":"2025-10-17T19:20:01","modified_gmt":"2025-10-17T17:20:01","slug":"breve-historia-del-mundo-para-jovenes-lectores-9788499425047-2","status":"publish","type":"product","link":"https:\/\/www.claret.cat\/es\/libro\/breve-historia-del-mundo-para-jovenes-lectores-9788499425047-2\/","title":{"rendered":"BREVE HISTORIA DEL MUNDO PARA J\u00d3VENES LECTORES"},"content":{"rendered":"<p>Todo lo que siempre quiso saber sobre historia y nunca se atrevi\u00f3 a preguntar. Sin duda, una de las carencias m\u00e1s importantes de las generaciones j\u00f3venes es la falta de perspectiva hist\u00f3rica, lo que constituye un obst\u00e1culo de primera magnitud para comprenderse a s\u00ed mismos y el mundo que les rodea. La Breve historia del mundo para j\u00f3venes lectores de Manfred Mai tiene como objetivo declarado colmar esa carencia. Dividida en cincuenta cap\u00edtulos breves, se va desarrollando en ella la historia de la humanidad siguiendo un orden cronol\u00f3gico y respetando el equilibrio entre la visi\u00f3n que proporciona sobre el mundo occidental y el oriental. A ello, se suman, adem\u00e1s, un estilo muy claro y conciso y un tono ecu\u00e1nime. El resultado es una obra extremadamente did\u00e1ctica, de gran atractivo por la facilidad con que se lee y la visi\u00f3n r\u00e1pida pero precisa que proporciona sobre los principales hechos y movimientos hist\u00f3ricos.<\/p>\n","protected":false},"excerpt":{"rendered":"<p>Todo lo que siempre quiso saber sobre historia y nunca se atrevi\u00f3 a preguntar. Sin duda, una de las carencias m\u00e1s importantes de las generaciones j\u00f3venes es la falta de perspectiva hist\u00f3rica, lo que constituye un obst\u00e1culo de primera magnitud para comprenderse a s\u00ed mismos y el mundo que les rodea. La Breve historia del [&hellip;]<\/p>\n","protected":false},"featured_media":1058825,"template":"","meta":{"_acf_changed":false,"om_disable_all_campaigns":false,"rs_blank_template":"","rs_page_bg_color":"","slide_template_v7":"","inline_featured_image":false,"_monsterinsights_skip_tracking":false,"_monsterinsights_sitenote_active":false,"_monsterinsights_sitenote_note":"","_monsterinsights_sitenote_category":0},"product_brand":[],"product_cat":[85],"product_tag":[],"class_list":{"0":"post-236325","1":"product","2":"type-product","3":"status-publish","4":"has-post-thumbnail","6":"product_cat-historia","8":"first","9":"instock","10":"taxable","11":"shipping-taxable","12":"purchasable","13":"product-type-simple"},"acf":{"autor":"MAI, MANFRED","codart":"9788499425047","libros-coleccion":"","ediciones":"1","encuadernacion":"R\u00fastica","fecha_de_publicacion":"13\/04\/2016","novedad":"0","paginas":"234","subtitulo":"","orden":"999","portada":"0","idioma":"spa","booktrailer":"","resenas":"","editorial":[{"ID":262387,"post_author":"3","post_date":"2022-10-24 11:23:43","post_date_gmt":"2022-10-24 09:23:43","post_content":"","post_title":"PENINSULA, EDITORIAL","post_excerpt":"","post_status":"publish","comment_status":"closed","ping_status":"closed","post_password":"","post_name":"peninsula-editorial","to_ping":"","pinged":"","post_modified":"2022-10-24 11:23:43","post_modified_gmt":"2022-10-24 09:23:43","post_content_filtered":"","post_parent":0,"guid":"http:\/\/dev.claret.cat\/editorial\/peninsula-editorial\/","menu_order":0,"post_type":"editorial","post_mime_type":"","comment_count":"0","filter":"raw"}],"autores-libros":[{"ID":425873,"post_author":"3","post_date":"2023-05-16 08:31:01","post_date_gmt":"2023-05-16 06:31:01","post_content":"","post_title":"MANFRED MAI","post_excerpt":"","post_status":"publish","comment_status":"closed","ping_status":"closed","post_password":"","post_name":"manfred-mai","to_ping":"","pinged":"","post_modified":"2023-05-16 08:31:01","post_modified_gmt":"2023-05-16 06:31:01","post_content_filtered":"","post_parent":0,"guid":"https:\/\/www.claret.cat\/autor\/manfred-mai\/","menu_order":0,"post_type":"autor","post_mime_type":"","comment_count":"0","filter":"raw"}]},"aioseo_notices":[],"_links":{"self":[{"href":"https:\/\/www.claret.cat\/es\/wp-json\/wp\/v2\/product\/236325","targetHints":{"allow":["GET"]}}],"collection":[{"href":"https:\/\/www.claret.cat\/es\/wp-json\/wp\/v2\/product"}],"about":[{"href":"https:\/\/www.claret.cat\/es\/wp-json\/wp\/v2\/types\/product"}],"wp:featuredmedia":[{"embeddable":true,"href":"https:\/\/www.claret.cat\/es\/wp-json\/wp\/v2\/media\/1058825"}],"wp:attachment":[{"href":"https:\/\/www.claret.cat\/es\/wp-json\/wp\/v2\/media?parent=236325"}],"wp:term":[{"taxonomy":"product_brand","embeddable":true,"href":"https:\/\/www.claret.cat\/es\/wp-json\/wp\/v2\/product_brand?post=236325"},{"taxonomy":"product_cat","embeddable":true,"href":"https:\/\/www.claret.cat\/es\/wp-json\/wp\/v2\/product_cat?post=236325"},{"taxonomy":"product_tag","embeddable":true,"href":"https:\/\/www.claret.cat\/es\/wp-json\/wp\/v2\/product_tag?post=236325"}],"curies":[{"name":"wp","href":"https:\/\/api.w.org\/{rel}","templated":true}]}}