{"id":236337,"date":"2022-10-20T22:05:15","date_gmt":"2022-10-20T20:05:15","guid":{"rendered":"http:\/\/dev.claret.cat\/producte\/roma-de-cerca-4\/"},"modified":"2023-01-28T01:35:10","modified_gmt":"2023-01-28T00:35:10","slug":"roma-de-cerca-4-9788408148487","status":"publish","type":"product","link":"https:\/\/www.claret.cat\/es\/libro\/roma-de-cerca-4-9788408148487\/","title":{"rendered":"ROMA DE CERCA 4"},"content":{"rendered":"<p>\u00c9pica y monumental, la animada capital italiana cautiva al instante. Aunque la estancia sea breve, sus imponentes obras de arte y emblem\u00e1ticas ruinas, las plazas barrocas y la intensa vida en la calle fascinar\u00e1n al viajero. Repleta de bulliciosos caf\u00e9s y trattorias, elegantes boutiques con la \u00faltima moda y bares abiertos hasta pasada la medianoche, basta una sola visita para querer volver una y otra vez.<\/p>\n","protected":false},"excerpt":{"rendered":"<p>GARWOOD, DUNCAN<\/p>\n","protected":false},"featured_media":236338,"template":"","meta":{"_acf_changed":false,"om_disable_all_campaigns":false,"rs_blank_template":"","rs_page_bg_color":"","slide_template_v7":"","inline_featured_image":false,"_monsterinsights_skip_tracking":false,"_monsterinsights_sitenote_active":false,"_monsterinsights_sitenote_note":"","_monsterinsights_sitenote_category":0},"product_brand":[],"product_cat":[107],"product_tag":[],"class_list":{"0":"post-236337","1":"product","2":"type-product","3":"status-publish","4":"has-post-thumbnail","6":"product_cat-guies-de-viatge","8":"first","9":"instock","10":"taxable","11":"shipping-taxable","12":"purchasable","13":"product-type-simple"},"acf":{"autor":"GARWOOD, DUNCAN","codart":"840814848","libros-coleccion":"","ediciones":"1","encuadernacion":"R\u00fastica","fecha_de_publicacion":"13\/04\/2016","novedad":"0","paginas":"192","subtitulo":"","orden":"999","portada":"0","idioma":"spa","editorial":[{"ID":8244,"post_author":"3","post_date":"2022-09-30 09:21:26","post_date_gmt":"2022-09-30 07:21:26","post_content":"","post_title":"GEOPLANETA EDITORIAL","post_excerpt":"","post_status":"publish","comment_status":"closed","ping_status":"closed","post_password":"","post_name":"geoplaneta-editorial","to_ping":"","pinged":"","post_modified":"2022-09-30 09:21:26","post_modified_gmt":"2022-09-30 07:21:26","post_content_filtered":"","post_parent":0,"guid":"http:\/\/dev.claret.cat\/editorial\/geoplaneta-editorial\/","menu_order":0,"post_type":"editorial","post_mime_type":"","comment_count":"0","filter":"raw"}],"autores-libros":[{"ID":154426,"post_author":"3","post_date":"2022-10-14 15:04:43","post_date_gmt":"2022-10-14 13:04:43","post_content":"","post_title":"DUNCAN GARWOOD","post_excerpt":"","post_status":"publish","comment_status":"closed","ping_status":"closed","post_password":"","post_name":"duncan-garwood","to_ping":"","pinged":"","post_modified":"2022-10-14 15:04:43","post_modified_gmt":"2022-10-14 13:04:43","post_content_filtered":"","post_parent":0,"guid":"http:\/\/dev.claret.cat\/autor\/duncan-garwood\/","menu_order":0,"post_type":"autor","post_mime_type":"","comment_count":"0","filter":"raw"}]},"aioseo_notices":[],"_links":{"self":[{"href":"https:\/\/www.claret.cat\/es\/wp-json\/wp\/v2\/product\/236337","targetHints":{"allow":["GET"]}}],"collection":[{"href":"https:\/\/www.claret.cat\/es\/wp-json\/wp\/v2\/product"}],"about":[{"href":"https:\/\/www.claret.cat\/es\/wp-json\/wp\/v2\/types\/product"}],"wp:featuredmedia":[{"embeddable":true,"href":"https:\/\/www.claret.cat\/es\/wp-json\/wp\/v2\/media\/236338"}],"wp:attachment":[{"href":"https:\/\/www.claret.cat\/es\/wp-json\/wp\/v2\/media?parent=236337"}],"wp:term":[{"taxonomy":"product_brand","embeddable":true,"href":"https:\/\/www.claret.cat\/es\/wp-json\/wp\/v2\/product_brand?post=236337"},{"taxonomy":"product_cat","embeddable":true,"href":"https:\/\/www.claret.cat\/es\/wp-json\/wp\/v2\/product_cat?post=236337"},{"taxonomy":"product_tag","embeddable":true,"href":"https:\/\/www.claret.cat\/es\/wp-json\/wp\/v2\/product_tag?post=236337"}],"curies":[{"name":"wp","href":"https:\/\/api.w.org\/{rel}","templated":true}]}}