{"id":236388,"date":"2022-10-20T22:06:30","date_gmt":"2022-10-20T20:06:30","guid":{"rendered":"http:\/\/dev.claret.cat\/producte\/cuando-el-hierro-era-mas-caro-que-el-oro\/"},"modified":"2023-01-28T18:48:32","modified_gmt":"2023-01-28T17:48:32","slug":"cuando-el-hierro-era-mas-caro-que-el-oro-9788434423602","status":"publish","type":"product","link":"https:\/\/www.claret.cat\/es\/libro\/cuando-el-hierro-era-mas-caro-que-el-oro-9788434423602\/","title":{"rendered":"CUANDO EL HIERRO ERA M\u00c1S CARO QUE EL ORO"},"content":{"rendered":"<p>60 cap\u00edtulos que nos explican peque\u00f1os cambios econ\u00f3micos de consecuencias hist\u00f3ricas. \u00bfSab\u00eda que los holandeses cedieron el control sobre Manhattan para poder quedarse con la Isla del Rhun, en Indonesia, primer productor mundial de nuez moscada? \u00bfQue en el af\u00e1n impositivo de los gobiernos se han llegado a aprobar tasas por las ventanas, polvos para pelucas e incluso por el tama\u00f1o de la sombra de los edificios sobre la v\u00eda p\u00fablica? \u00bfSab\u00eda que, batallas y conquistas al margen, Napole\u00f3n utiliz\u00f3 una trama de moneda falsa para destruir la econom\u00eda de sus enemigos? Este es un libro a medio camino entre la historia y la econom\u00eda, exento de gr\u00e1ficos y teor\u00edas, y en el que las peque\u00f1as an\u00e9cdotas cobran un car\u00e1cter ilustrativo que ayuda a entender mucho mejor el devenir de la humanidad, desde la Edad de Piedra hasta el presente.<\/p>\n","protected":false},"excerpt":{"rendered":"<p>GIRAUDO, ALESSANDRO<\/p>\n","protected":false},"featured_media":236389,"template":"","meta":{"_acf_changed":false,"om_disable_all_campaigns":false,"rs_blank_template":"","rs_page_bg_color":"","slide_template_v7":"","inline_featured_image":false,"_monsterinsights_skip_tracking":false,"_monsterinsights_sitenote_active":false,"_monsterinsights_sitenote_note":"","_monsterinsights_sitenote_category":0},"product_brand":[],"product_cat":[84],"product_tag":[],"class_list":{"0":"post-236388","1":"product","2":"type-product","3":"status-publish","4":"has-post-thumbnail","6":"product_cat-sociologia","8":"first","9":"instock","10":"taxable","11":"shipping-taxable","12":"purchasable","13":"product-type-simple"},"acf":{"autor":"GIRAUDO, ALESSANDRO","codart":"843442360","libros-coleccion":"","ediciones":"1","encuadernacion":"R\u00fastica","fecha_de_publicacion":"13\/04\/2016","novedad":"0","paginas":"405","subtitulo":"60 HISTORIAS PARA ENTENDER LA ECONOM\u00cdA MUNDIAL","orden":"999","portada":"0","idioma":"spa"},"aioseo_notices":[],"_links":{"self":[{"href":"https:\/\/www.claret.cat\/es\/wp-json\/wp\/v2\/product\/236388","targetHints":{"allow":["GET"]}}],"collection":[{"href":"https:\/\/www.claret.cat\/es\/wp-json\/wp\/v2\/product"}],"about":[{"href":"https:\/\/www.claret.cat\/es\/wp-json\/wp\/v2\/types\/product"}],"wp:featuredmedia":[{"embeddable":true,"href":"https:\/\/www.claret.cat\/es\/wp-json\/wp\/v2\/media\/236389"}],"wp:attachment":[{"href":"https:\/\/www.claret.cat\/es\/wp-json\/wp\/v2\/media?parent=236388"}],"wp:term":[{"taxonomy":"product_brand","embeddable":true,"href":"https:\/\/www.claret.cat\/es\/wp-json\/wp\/v2\/product_brand?post=236388"},{"taxonomy":"product_cat","embeddable":true,"href":"https:\/\/www.claret.cat\/es\/wp-json\/wp\/v2\/product_cat?post=236388"},{"taxonomy":"product_tag","embeddable":true,"href":"https:\/\/www.claret.cat\/es\/wp-json\/wp\/v2\/product_tag?post=236388"}],"curies":[{"name":"wp","href":"https:\/\/api.w.org\/{rel}","templated":true}]}}