{"id":23640,"date":"2022-10-02T10:05:05","date_gmt":"2022-10-02T08:05:05","guid":{"rendered":"http:\/\/dev.claret.cat\/producte\/cuina-mes-exquisida-de-la-costa-brava-la\/"},"modified":"2023-01-28T13:10:37","modified_gmt":"2023-01-28T12:10:37","slug":"cuina-mes-exquisida-de-la-costa-brava-la-9788492811991","status":"publish","type":"product","link":"https:\/\/www.claret.cat\/es\/libro\/cuina-mes-exquisida-de-la-costa-brava-la-9788492811991\/","title":{"rendered":"CUINA MES EXQUISIDA DE LA COSTA BRAVA, LA"},"content":{"rendered":"<p>La cuina m\u00e9s suculenta i enlluernadora de la Costa Brava era la dels tapers, un col\u00b7lectiu que treballava a preu fet i disposava de temps per a dedicar-lo a les \u201cxefles\u201d i bevien xampany; una mena d\u2019aristocr\u00e0cia de la classe obrera. \u00c9s una cuina popular i refinada que aplegava les millors tradicions de la cuina familiar i la del mar i muntanya, que inclou la dels pescadors, pagesos i la de les viles. Varen crear o recrear l\u2019estil \u201cmar i muntanya\u201d, una cuina de senyors, que inclou els plats m\u00e9s sorprenents de la cuina catalana: el peixopalo amb patates o cigrons, el niu, el pollastre amb tripes de bacall\u00e0, el pollastre amb llagosta o gambes; aix\u00ed com d\u2019altres plats compartits amb tota la poblaci\u00f3 -de pag\u00e8s o de les viles- com la pota i tripa, els guisats de vedella, pollastre o xai, etc. La publicaci\u00f3 tamb\u00e9 reivindica la cuina m\u00e9s de subsist\u00e8ncia, nascuda al voltant de la Primera Guerra Mundial, quan la classe obrera tapera va passar fam. En aquest cas s\u00f3n plats de diari, m\u00e9s sobris, amb ingredients senzills, per\u00f2 elaborats, com les tripes de bacall\u00e0, el bacall\u00e0 o el peix, uns plats que ara s\u00f3n de cuina benestant.<\/p>\n","protected":false},"excerpt":{"rendered":"<p>FABREGA, JAUME<\/p>\n","protected":false},"featured_media":270511,"template":"","meta":{"_acf_changed":false,"om_disable_all_campaigns":false,"rs_blank_template":"","rs_page_bg_color":"","slide_template_v7":"","inline_featured_image":false,"_monsterinsights_skip_tracking":false,"_monsterinsights_sitenote_active":false,"_monsterinsights_sitenote_note":"","_monsterinsights_sitenote_category":0},"product_brand":[],"product_cat":[553,103],"product_tag":[],"class_list":{"0":"post-23640","1":"product","2":"type-product","3":"status-publish","4":"has-post-thumbnail","6":"product_cat-cocina","7":"product_cat-cuina","9":"first","10":"instock","11":"taxable","12":"shipping-taxable","13":"purchasable","14":"product-type-simple"},"acf":{"autor":"FABREGA, JAUME","codart":"849281199","libros-coleccion":"REBOST I CUINA","ediciones":"1","encuadernacion":"R\u00fastica","fecha_de_publicacion":"01\/02\/2018","novedad":"1","paginas":"127","subtitulo":"","orden":"0","portada":"0","idioma":"cat","editorial":[{"ID":148137,"post_author":"3","post_date":"2022-10-14 11:55:55","post_date_gmt":"2022-10-14 09:55:55","post_content":"","post_title":"Farell Editors","post_excerpt":"","post_status":"publish","comment_status":"closed","ping_status":"closed","post_password":"","post_name":"farell-editors","to_ping":"","pinged":"","post_modified":"2022-10-14 11:55:55","post_modified_gmt":"2022-10-14 09:55:55","post_content_filtered":"","post_parent":0,"guid":"http:\/\/dev.claret.cat\/editorial\/farell-editors\/","menu_order":0,"post_type":"editorial","post_mime_type":"","comment_count":"0","filter":"raw"}],"autores-libros":[{"ID":158583,"post_author":"3","post_date":"2022-10-14 15:38:00","post_date_gmt":"2022-10-14 13:38:00","post_content":"","post_title":"JAUME F\u00c0BREGA","post_excerpt":"","post_status":"publish","comment_status":"closed","ping_status":"closed","post_password":"","post_name":"jaume-fabrega","to_ping":"","pinged":"","post_modified":"2022-10-14 15:38:00","post_modified_gmt":"2022-10-14 13:38:00","post_content_filtered":"","post_parent":0,"guid":"http:\/\/dev.claret.cat\/autor\/jaume-fabrega\/","menu_order":0,"post_type":"autor","post_mime_type":"","comment_count":"0","filter":"raw"}]},"aioseo_notices":[],"_links":{"self":[{"href":"https:\/\/www.claret.cat\/es\/wp-json\/wp\/v2\/product\/23640","targetHints":{"allow":["GET"]}}],"collection":[{"href":"https:\/\/www.claret.cat\/es\/wp-json\/wp\/v2\/product"}],"about":[{"href":"https:\/\/www.claret.cat\/es\/wp-json\/wp\/v2\/types\/product"}],"wp:featuredmedia":[{"embeddable":true,"href":"https:\/\/www.claret.cat\/es\/wp-json\/wp\/v2\/media\/270511"}],"wp:attachment":[{"href":"https:\/\/www.claret.cat\/es\/wp-json\/wp\/v2\/media?parent=23640"}],"wp:term":[{"taxonomy":"product_brand","embeddable":true,"href":"https:\/\/www.claret.cat\/es\/wp-json\/wp\/v2\/product_brand?post=23640"},{"taxonomy":"product_cat","embeddable":true,"href":"https:\/\/www.claret.cat\/es\/wp-json\/wp\/v2\/product_cat?post=23640"},{"taxonomy":"product_tag","embeddable":true,"href":"https:\/\/www.claret.cat\/es\/wp-json\/wp\/v2\/product_tag?post=23640"}],"curies":[{"name":"wp","href":"https:\/\/api.w.org\/{rel}","templated":true}]}}