{"id":236466,"date":"2022-10-20T22:08:24","date_gmt":"2022-10-20T20:08:24","guid":{"rendered":"http:\/\/dev.claret.cat\/producte\/la-doncella-sin-manos\/"},"modified":"2024-05-24T05:12:37","modified_gmt":"2024-05-24T03:12:37","slug":"la-doncella-sin-manos-9788432146343","status":"publish","type":"product","link":"https:\/\/www.claret.cat\/es\/libro\/la-doncella-sin-manos-9788432146343\/","title":{"rendered":"LA DONCELLA SIN MANOS"},"content":{"rendered":"<p>La doncella sin manos consigui\u00f3 un acc\u00e9sit del Premio Adon\u00e1is 2015 &#8216;por su atrevimiento rom\u00e1ntico y la sugerente narrativa de sus poemas&#8217;, seg\u00fan comunic\u00f3 el jurado. El t\u00edtulo trae a la memoria un famoso cuento de los hermanos Grimm en que un padre se ve obligado a cortarle las manos a su hija, narraci\u00f3n de la que este volumen es, en cierta medida, una reinterpretaci\u00f3n sui g\u00e9neris en el que la muchacha emprende un viaje cargado de vicisitudes, de encuentros y desencuentros, b\u00fasquedas que no culminan, hallazgos felices y enfrentamiento de verdades y emociones; paralelamente, el poemario plantea otro viaje interior en el que se cuestionan temores y certezas y en el que se intenta ahondar en los oscuros entresijos del ser humano, concibi\u00e9ndose la idea de que no hay un destino definitivo sino, la insinuaci\u00f3n de lo inconcluso, de lo que queda siempre latente.<\/p>\n","protected":false},"excerpt":{"rendered":"<p>CAMARGO LEMIESZEK, MAGDALENA<\/p>\n","protected":false},"featured_media":343649,"template":"","meta":{"_acf_changed":false,"om_disable_all_campaigns":false,"rs_blank_template":"","rs_page_bg_color":"","slide_template_v7":"","inline_featured_image":false,"_monsterinsights_skip_tracking":false,"_monsterinsights_sitenote_active":false,"_monsterinsights_sitenote_note":"","_monsterinsights_sitenote_category":0},"product_brand":[],"product_cat":[87,353],"product_tag":[],"class_list":{"0":"post-236466","1":"product","2":"type-product","3":"status-publish","4":"has-post-thumbnail","6":"product_cat-literatura","7":"product_cat-literatura-2_humanidades","9":"first","10":"instock","11":"taxable","12":"shipping-taxable","13":"purchasable","14":"product-type-simple"},"acf":{"autor":"CAMARGO LEMIESZEK, MAGDALENA","codart":"843214634","libros-coleccion":"","ediciones":"1","encuadernacion":"R\u00fastica","fecha_de_publicacion":"12\/04\/2016","novedad":"0","paginas":"72","subtitulo":"","orden":"999","portada":"0","idioma":"spa","editorial":[{"ID":6348,"post_author":"3","post_date":"2022-07-28 17:50:16","post_date_gmt":"2022-07-28 15:50:16","post_content":"","post_title":"Rialp","post_excerpt":"","post_status":"publish","comment_status":"closed","ping_status":"closed","post_password":"","post_name":"rialp","to_ping":"","pinged":"","post_modified":"2022-07-28 17:50:16","post_modified_gmt":"2022-07-28 15:50:16","post_content_filtered":"","post_parent":0,"guid":"http:\/\/dev.claret.cat\/editorial\/rialp\/","menu_order":0,"post_type":"editorial","post_mime_type":"","comment_count":"0","filter":"raw"}],"autores-libros":[{"ID":343648,"post_author":"3","post_date":"2023-01-13 18:17:12","post_date_gmt":"2023-01-13 17:17:12","post_content":"","post_title":"MAGDALENA CAMARGO LEMIESZEK","post_excerpt":"","post_status":"publish","comment_status":"closed","ping_status":"closed","post_password":"","post_name":"magdalena-camargo-lemieszek","to_ping":"","pinged":"","post_modified":"2023-01-13 18:17:12","post_modified_gmt":"2023-01-13 17:17:12","post_content_filtered":"","post_parent":0,"guid":"https:\/\/www.claret.cat\/autor\/magdalena-camargo-lemieszek\/","menu_order":0,"post_type":"autor","post_mime_type":"","comment_count":"0","filter":"raw"}]},"aioseo_notices":[],"_links":{"self":[{"href":"https:\/\/www.claret.cat\/es\/wp-json\/wp\/v2\/product\/236466","targetHints":{"allow":["GET"]}}],"collection":[{"href":"https:\/\/www.claret.cat\/es\/wp-json\/wp\/v2\/product"}],"about":[{"href":"https:\/\/www.claret.cat\/es\/wp-json\/wp\/v2\/types\/product"}],"wp:featuredmedia":[{"embeddable":true,"href":"https:\/\/www.claret.cat\/es\/wp-json\/wp\/v2\/media\/343649"}],"wp:attachment":[{"href":"https:\/\/www.claret.cat\/es\/wp-json\/wp\/v2\/media?parent=236466"}],"wp:term":[{"taxonomy":"product_brand","embeddable":true,"href":"https:\/\/www.claret.cat\/es\/wp-json\/wp\/v2\/product_brand?post=236466"},{"taxonomy":"product_cat","embeddable":true,"href":"https:\/\/www.claret.cat\/es\/wp-json\/wp\/v2\/product_cat?post=236466"},{"taxonomy":"product_tag","embeddable":true,"href":"https:\/\/www.claret.cat\/es\/wp-json\/wp\/v2\/product_tag?post=236466"}],"curies":[{"name":"wp","href":"https:\/\/api.w.org\/{rel}","templated":true}]}}