{"id":236475,"date":"2022-10-20T22:08:37","date_gmt":"2022-10-20T20:08:37","guid":{"rendered":"http:\/\/dev.claret.cat\/producte\/vida-de-cesar\/"},"modified":"2024-05-24T05:14:23","modified_gmt":"2024-05-24T03:14:23","slug":"vida-de-cesar-9788432145988","status":"publish","type":"product","link":"https:\/\/www.claret.cat\/es\/libro\/vida-de-cesar-9788432145988\/","title":{"rendered":"VIDA DE C\u00c9SAR"},"content":{"rendered":"<p>Esta biograf\u00eda forma parte de Vidas paralelas, obra m\u00e1s general que inaugura el g\u00e9nero biogr\u00e1fico y enfrenta por parejas a cuarenta y seis personajes griegos y romanos.<\/p>\n<p> Julio C\u00e9sar (100-44 a. C.) destac\u00f3 por su visi\u00f3n pol\u00edtica y militar, por sus victorias, su resistencia f\u00edsica y su trabajo constante, y tambi\u00e9n por su clemencia. Su genio sigue inspirando a grandes y poderosos.  <\/p>\n<p> Plutarco fue un escritor griego de finales del  s. I y principios del II. Estudi\u00f3 en la Academia de Atenas, y es considerado uno de los grandes autores de la literatura hel\u00e9nica de todos los tiempos. Escribi\u00f3 numerosos tratados, de los que se conservan 78 bajo el nombre de Obras morales, de valor inestimable para conocer la historia, las costumbres y el pensamiento de la Antig\u00fcedad.<\/p>\n","protected":false},"excerpt":{"rendered":"<p>PLUTARCO<\/p>\n","protected":false},"featured_media":343327,"template":"","meta":{"_acf_changed":false,"om_disable_all_campaigns":false,"rs_blank_template":"","rs_page_bg_color":"","slide_template_v7":"","inline_featured_image":false,"_monsterinsights_skip_tracking":false,"_monsterinsights_sitenote_active":false,"_monsterinsights_sitenote_note":"","_monsterinsights_sitenote_category":0},"product_brand":[],"product_cat":[87,353],"product_tag":[],"class_list":{"0":"post-236475","1":"product","2":"type-product","3":"status-publish","4":"has-post-thumbnail","6":"product_cat-literatura","7":"product_cat-literatura-2_humanidades","9":"first","10":"instock","11":"taxable","12":"shipping-taxable","13":"purchasable","14":"product-type-simple"},"acf":{"autor":"PLUTARCO","codart":"843214598","libros-coleccion":"","ediciones":"1","encuadernacion":"R\u00fastica","fecha_de_publicacion":"12\/04\/2016","novedad":"0","paginas":"136","subtitulo":"","orden":"999","portada":"0","idioma":"spa","editorial":[{"ID":6348,"post_author":"3","post_date":"2022-07-28 17:50:16","post_date_gmt":"2022-07-28 15:50:16","post_content":"","post_title":"Rialp","post_excerpt":"","post_status":"publish","comment_status":"closed","ping_status":"closed","post_password":"","post_name":"rialp","to_ping":"","pinged":"","post_modified":"2022-07-28 17:50:16","post_modified_gmt":"2022-07-28 15:50:16","post_content_filtered":"","post_parent":0,"guid":"http:\/\/dev.claret.cat\/editorial\/rialp\/","menu_order":0,"post_type":"editorial","post_mime_type":"","comment_count":"0","filter":"raw"}],"autores-libros":[{"ID":167371,"post_author":"3","post_date":"2022-10-14 18:10:40","post_date_gmt":"2022-10-14 16:10:40","post_content":"","post_title":"PLUTARCO","post_excerpt":"","post_status":"publish","comment_status":"closed","ping_status":"closed","post_password":"","post_name":"plutarco","to_ping":"","pinged":"","post_modified":"2022-10-14 18:10:40","post_modified_gmt":"2022-10-14 16:10:40","post_content_filtered":"","post_parent":0,"guid":"http:\/\/dev.claret.cat\/autor\/plutarco\/","menu_order":0,"post_type":"autor","post_mime_type":"","comment_count":"0","filter":"raw"}]},"aioseo_notices":[],"_links":{"self":[{"href":"https:\/\/www.claret.cat\/es\/wp-json\/wp\/v2\/product\/236475","targetHints":{"allow":["GET"]}}],"collection":[{"href":"https:\/\/www.claret.cat\/es\/wp-json\/wp\/v2\/product"}],"about":[{"href":"https:\/\/www.claret.cat\/es\/wp-json\/wp\/v2\/types\/product"}],"wp:featuredmedia":[{"embeddable":true,"href":"https:\/\/www.claret.cat\/es\/wp-json\/wp\/v2\/media\/343327"}],"wp:attachment":[{"href":"https:\/\/www.claret.cat\/es\/wp-json\/wp\/v2\/media?parent=236475"}],"wp:term":[{"taxonomy":"product_brand","embeddable":true,"href":"https:\/\/www.claret.cat\/es\/wp-json\/wp\/v2\/product_brand?post=236475"},{"taxonomy":"product_cat","embeddable":true,"href":"https:\/\/www.claret.cat\/es\/wp-json\/wp\/v2\/product_cat?post=236475"},{"taxonomy":"product_tag","embeddable":true,"href":"https:\/\/www.claret.cat\/es\/wp-json\/wp\/v2\/product_tag?post=236475"}],"curies":[{"name":"wp","href":"https:\/\/api.w.org\/{rel}","templated":true}]}}