{"id":236481,"date":"2022-10-20T22:08:46","date_gmt":"2022-10-20T20:08:46","guid":{"rendered":"http:\/\/dev.claret.cat\/producte\/la-estela-de-los-perfumes\/"},"modified":"2023-01-28T08:43:33","modified_gmt":"2023-01-28T07:43:33","slug":"la-estela-de-los-perfumes-9788416087365","status":"publish","type":"product","link":"https:\/\/www.claret.cat\/es\/libro\/la-estela-de-los-perfumes-9788416087365\/","title":{"rendered":"LA ESTELA DE LOS PERFUMES"},"content":{"rendered":"<p>\u00bfQu\u00e9 relaci\u00f3n hay entre los perfumes y las emociones? El aroma de las rosas refuerza los deseos, la lavanda proporciona relajaci\u00f3n y el jazm\u00edn potencia la pasi\u00f3n. \u00bfCu\u00e1l es el aroma ideal para ti?<\/p>\n","protected":false},"excerpt":{"rendered":"<p>CABONI, CRISTINA<\/p>\n","protected":false},"featured_media":236482,"template":"","meta":{"_acf_changed":false,"om_disable_all_campaigns":false,"rs_blank_template":"","rs_page_bg_color":"","slide_template_v7":"","inline_featured_image":false,"_monsterinsights_skip_tracking":false,"_monsterinsights_sitenote_active":false,"_monsterinsights_sitenote_note":"","_monsterinsights_sitenote_category":0},"product_brand":[],"product_cat":[87],"product_tag":[],"class_list":{"0":"post-236481","1":"product","2":"type-product","3":"status-publish","4":"has-post-thumbnail","6":"product_cat-literatura","8":"first","9":"instock","10":"taxable","11":"shipping-taxable","12":"purchasable","13":"product-type-simple"},"acf":{"autor":"CABONI, CRISTINA","codart":"841608736","libros-coleccion":"","ediciones":"1","encuadernacion":"R\u00fastica","fecha_de_publicacion":"12\/04\/2016","novedad":"0","paginas":"448","subtitulo":"UNA MUJER CAPAZ DE CREAR UNA FRAGANCIA PARA CADA PERSONA","orden":"999","portada":"0","idioma":"spa","editorial":[{"ID":148087,"post_author":"3","post_date":"2022-10-14 11:55:32","post_date_gmt":"2022-10-14 09:55:32","post_content":"","post_title":"EMBOLSILLO","post_excerpt":"","post_status":"publish","comment_status":"closed","ping_status":"closed","post_password":"","post_name":"embolsillo","to_ping":"","pinged":"","post_modified":"2022-10-14 11:55:32","post_modified_gmt":"2022-10-14 09:55:32","post_content_filtered":"","post_parent":0,"guid":"http:\/\/dev.claret.cat\/editorial\/embolsillo\/","menu_order":0,"post_type":"editorial","post_mime_type":"","comment_count":"0","filter":"raw"}],"autores-libros":[{"ID":153324,"post_author":"3","post_date":"2022-10-14 14:55:52","post_date_gmt":"2022-10-14 12:55:52","post_content":"","post_title":"CRISTINA CABONI","post_excerpt":"","post_status":"publish","comment_status":"closed","ping_status":"closed","post_password":"","post_name":"cristina-caboni","to_ping":"","pinged":"","post_modified":"2022-10-14 14:55:52","post_modified_gmt":"2022-10-14 12:55:52","post_content_filtered":"","post_parent":0,"guid":"http:\/\/dev.claret.cat\/autor\/cristina-caboni\/","menu_order":0,"post_type":"autor","post_mime_type":"","comment_count":"0","filter":"raw"}]},"aioseo_notices":[],"_links":{"self":[{"href":"https:\/\/www.claret.cat\/es\/wp-json\/wp\/v2\/product\/236481","targetHints":{"allow":["GET"]}}],"collection":[{"href":"https:\/\/www.claret.cat\/es\/wp-json\/wp\/v2\/product"}],"about":[{"href":"https:\/\/www.claret.cat\/es\/wp-json\/wp\/v2\/types\/product"}],"wp:featuredmedia":[{"embeddable":true,"href":"https:\/\/www.claret.cat\/es\/wp-json\/wp\/v2\/media\/236482"}],"wp:attachment":[{"href":"https:\/\/www.claret.cat\/es\/wp-json\/wp\/v2\/media?parent=236481"}],"wp:term":[{"taxonomy":"product_brand","embeddable":true,"href":"https:\/\/www.claret.cat\/es\/wp-json\/wp\/v2\/product_brand?post=236481"},{"taxonomy":"product_cat","embeddable":true,"href":"https:\/\/www.claret.cat\/es\/wp-json\/wp\/v2\/product_cat?post=236481"},{"taxonomy":"product_tag","embeddable":true,"href":"https:\/\/www.claret.cat\/es\/wp-json\/wp\/v2\/product_tag?post=236481"}],"curies":[{"name":"wp","href":"https:\/\/api.w.org\/{rel}","templated":true}]}}