{"id":236496,"date":"2022-10-20T22:09:08","date_gmt":"2022-10-20T20:09:08","guid":{"rendered":"http:\/\/dev.claret.cat\/producte\/gaudi-larquitecte-de-la-sagrada-familia\/"},"modified":"2025-02-17T10:25:23","modified_gmt":"2025-02-17T09:25:23","slug":"gaudi-larquitecte-de-la-sagrada-familia-9788460853138","status":"publish","type":"product","link":"https:\/\/www.claret.cat\/es\/libro\/gaudi-larquitecte-de-la-sagrada-familia-9788460853138\/","title":{"rendered":"GAUD\u00cd, L&#8217;ARQUITECTE DE LA SAGRADA FAM\u00cdLIA"},"content":{"rendered":"","protected":false},"excerpt":{"rendered":"<p>TARRAGONA CLARAS\u00d3, JOSEP MARIA<\/p>\n","protected":false},"featured_media":960684,"template":"","meta":{"_acf_changed":false,"om_disable_all_campaigns":false,"rs_blank_template":"","rs_page_bg_color":"","slide_template_v7":"","inline_featured_image":false,"_monsterinsights_skip_tracking":false,"_monsterinsights_sitenote_active":false,"_monsterinsights_sitenote_note":"","_monsterinsights_sitenote_category":0},"product_brand":[],"product_cat":[110,560,549,99],"product_tag":[],"class_list":{"0":"post-236496","1":"product","2":"type-product","3":"status-publish","4":"has-post-thumbnail","6":"product_cat-art","7":"product_cat-arte","8":"product_cat-biografias","9":"product_cat-biografies","11":"first","12":"instock","13":"taxable","14":"shipping-taxable","15":"purchasable","16":"product-type-simple"},"acf":{"autor":"TARRAGONA CLARAS\u00d3, JOSEP MARIA","codart":"846085313","libros-coleccion":"","ediciones":"1","encuadernacion":"Carton\u00e9","fecha_de_publicacion":"12\/04\/2016","novedad":"0","paginas":"379","subtitulo":"BIOGRAFIA BREU","orden":"999","portada":"0","idioma":"cat","editorial":[{"ID":6134,"post_author":"3","post_date":"2022-07-28 17:45:37","post_date_gmt":"2022-07-28 15:45:37","post_content":"","post_title":"AUTOR - EDITOR","post_excerpt":"","post_status":"publish","comment_status":"closed","ping_status":"closed","post_password":"","post_name":"autor-editor","to_ping":"","pinged":"","post_modified":"2022-07-28 17:45:37","post_modified_gmt":"2022-07-28 15:45:37","post_content_filtered":"","post_parent":0,"guid":"http:\/\/dev.claret.cat\/editorial\/autor-editor\/","menu_order":0,"post_type":"editorial","post_mime_type":"","comment_count":"0","filter":"raw"}],"autores-libros":[{"ID":424723,"post_author":"3","post_date":"2023-05-16 08:06:32","post_date_gmt":"2023-05-16 06:06:32","post_content":"","post_title":"JOSEP MARIA TARRAGONA CLARAS\u00d3","post_excerpt":"","post_status":"publish","comment_status":"closed","ping_status":"closed","post_password":"","post_name":"josep-maria-tarragona-claraso","to_ping":"","pinged":"","post_modified":"2023-05-16 08:06:32","post_modified_gmt":"2023-05-16 06:06:32","post_content_filtered":"","post_parent":0,"guid":"https:\/\/www.claret.cat\/autor\/josep-maria-tarragona-claraso\/","menu_order":0,"post_type":"autor","post_mime_type":"","comment_count":"0","filter":"raw"}]},"aioseo_notices":[],"_links":{"self":[{"href":"https:\/\/www.claret.cat\/es\/wp-json\/wp\/v2\/product\/236496","targetHints":{"allow":["GET"]}}],"collection":[{"href":"https:\/\/www.claret.cat\/es\/wp-json\/wp\/v2\/product"}],"about":[{"href":"https:\/\/www.claret.cat\/es\/wp-json\/wp\/v2\/types\/product"}],"wp:featuredmedia":[{"embeddable":true,"href":"https:\/\/www.claret.cat\/es\/wp-json\/wp\/v2\/media\/960684"}],"wp:attachment":[{"href":"https:\/\/www.claret.cat\/es\/wp-json\/wp\/v2\/media?parent=236496"}],"wp:term":[{"taxonomy":"product_brand","embeddable":true,"href":"https:\/\/www.claret.cat\/es\/wp-json\/wp\/v2\/product_brand?post=236496"},{"taxonomy":"product_cat","embeddable":true,"href":"https:\/\/www.claret.cat\/es\/wp-json\/wp\/v2\/product_cat?post=236496"},{"taxonomy":"product_tag","embeddable":true,"href":"https:\/\/www.claret.cat\/es\/wp-json\/wp\/v2\/product_tag?post=236496"}],"curies":[{"name":"wp","href":"https:\/\/api.w.org\/{rel}","templated":true}]}}