{"id":236505,"date":"2022-10-20T22:09:21","date_gmt":"2022-10-20T20:09:21","guid":{"rendered":"http:\/\/dev.claret.cat\/producte\/la-teranyina-de-la-carlota\/"},"modified":"2025-02-01T00:45:41","modified_gmt":"2025-01-31T23:45:41","slug":"la-teranyina-de-la-carlota-9788483308844","status":"publish","type":"product","link":"https:\/\/www.claret.cat\/es\/libro\/la-teranyina-de-la-carlota-9788483308844\/","title":{"rendered":"LA TERANYINA DE LA CARLOTA"},"content":{"rendered":"<p>Aquesta \u00e9s la hist\u00f2ria d&#8221;una nena que rescata un porquet anomenat Wilbur, que ha nascut molt escanyolit, i de la millor amiga d&#8221;en Wilbur, una aranya grisa i peluda que es diu Carlota. I d&#8221;uns grangers que tenen la intenci\u00f3 de preparar un espl\u00e8ndid dinar que no pinta gaire b\u00e9 si ets un porquet molt tendre. Per sort, la Carlota t\u00e9 un pla magn\u00edfic per salvar la vida d&#8221;en Wilbur. Ella \u00e9s molt llesta i sap fer molt bona lletra&#8230; i aix\u00f2, en aquesta hist\u00f2ria, \u00e9s molt important.<\/p>\n","protected":false},"excerpt":{"rendered":"<p>WHITE, ELWYN BROOKS<\/p>\n","protected":false},"featured_media":236506,"template":"","meta":{"_acf_changed":false,"om_disable_all_campaigns":false,"rs_blank_template":"","rs_page_bg_color":"","slide_template_v7":"","inline_featured_image":false,"_monsterinsights_skip_tracking":false,"_monsterinsights_sitenote_active":false,"_monsterinsights_sitenote_note":"","_monsterinsights_sitenote_category":0},"product_brand":[],"product_cat":[86,352],"product_tag":[],"class_list":{"0":"post-236505","1":"product","2":"type-product","3":"status-publish","4":"has-post-thumbnail","6":"product_cat-infantil","7":"product_cat-infantil-3_infantil-juvenil-spa","9":"first","10":"instock","11":"taxable","12":"shipping-taxable","13":"purchasable","14":"product-type-simple"},"acf":{"autor":"WHITE, ELWYN BROOKS","codart":"848330884","libros-coleccion":"","ediciones":"1","encuadernacion":"Carton\u00e9","fecha_de_publicacion":"12\/04\/2016","novedad":"0","paginas":"160","subtitulo":"","orden":"999","portada":"0","idioma":"cat","editorial":[{"ID":262572,"post_author":"3","post_date":"2022-10-24 11:26:07","post_date_gmt":"2022-10-24 09:26:07","post_content":"","post_title":"VIENA EDICIONES","post_excerpt":"","post_status":"publish","comment_status":"closed","ping_status":"closed","post_password":"","post_name":"viena-ediciones","to_ping":"","pinged":"","post_modified":"2022-10-24 11:26:07","post_modified_gmt":"2022-10-24 09:26:07","post_content_filtered":"","post_parent":0,"guid":"http:\/\/dev.claret.cat\/editorial\/viena-ediciones\/","menu_order":0,"post_type":"editorial","post_mime_type":"","comment_count":"0","filter":"raw"}],"autores-libros":[{"ID":422213,"post_author":"3","post_date":"2023-05-16 07:14:19","post_date_gmt":"2023-05-16 05:14:19","post_content":"","post_title":"ELWYN BROOKS WHITE","post_excerpt":"","post_status":"publish","comment_status":"closed","ping_status":"closed","post_password":"","post_name":"elwyn-brooks-white","to_ping":"","pinged":"","post_modified":"2023-05-16 07:14:19","post_modified_gmt":"2023-05-16 05:14:19","post_content_filtered":"","post_parent":0,"guid":"https:\/\/www.claret.cat\/autor\/elwyn-brooks-white\/","menu_order":0,"post_type":"autor","post_mime_type":"","comment_count":"0","filter":"raw"}]},"aioseo_notices":[],"_links":{"self":[{"href":"https:\/\/www.claret.cat\/es\/wp-json\/wp\/v2\/product\/236505","targetHints":{"allow":["GET"]}}],"collection":[{"href":"https:\/\/www.claret.cat\/es\/wp-json\/wp\/v2\/product"}],"about":[{"href":"https:\/\/www.claret.cat\/es\/wp-json\/wp\/v2\/types\/product"}],"wp:featuredmedia":[{"embeddable":true,"href":"https:\/\/www.claret.cat\/es\/wp-json\/wp\/v2\/media\/236506"}],"wp:attachment":[{"href":"https:\/\/www.claret.cat\/es\/wp-json\/wp\/v2\/media?parent=236505"}],"wp:term":[{"taxonomy":"product_brand","embeddable":true,"href":"https:\/\/www.claret.cat\/es\/wp-json\/wp\/v2\/product_brand?post=236505"},{"taxonomy":"product_cat","embeddable":true,"href":"https:\/\/www.claret.cat\/es\/wp-json\/wp\/v2\/product_cat?post=236505"},{"taxonomy":"product_tag","embeddable":true,"href":"https:\/\/www.claret.cat\/es\/wp-json\/wp\/v2\/product_tag?post=236505"}],"curies":[{"name":"wp","href":"https:\/\/api.w.org\/{rel}","templated":true}]}}