{"id":236604,"date":"2022-10-20T22:11:44","date_gmt":"2022-10-20T20:11:44","guid":{"rendered":"http:\/\/dev.claret.cat\/producte\/turista-accidental\/"},"modified":"2023-01-28T10:36:07","modified_gmt":"2023-01-28T09:36:07","slug":"turista-accidental-9788416251650","status":"publish","type":"product","link":"https:\/\/www.claret.cat\/es\/libro\/turista-accidental-9788416251650\/","title":{"rendered":"TURISTA ACCIDENTAL"},"content":{"rendered":"<p>Miguel Gallardo se muestra como un incansable viajero. Este tebeo en forma de cuaderno de viaje iba a llamarse Turista horizontal, por eso que asegura el autor catal\u00e1n de pasarse media vida en tal postura en las camas de hoteles de medio mundo. Pero no, finalmente pudo m\u00e1s un t\u00e9rmino que remite al &#8216;despiste cr\u00f3nico de un Miguel Gallardo que se crece ante los misterios y las adversidades&#8217;, seg\u00fan describe en el pr\u00f3logo el escritor y periodista Enric Gonz\u00e1lez.<\/p>\n<p> Turista accidental muestra a un Gallardo irrepetible, con los r\u00e1pidos apuntes de sus esquem\u00e1ticos dibujos y precisos textos, y su sobrada capacidad para la observaci\u00f3n, con ese gusto tan de \u00e9l de hacer suyos idiomas for\u00e1neos, de dejarse llevar por la onomatopeya, el humor y los devaneos ir\u00f3nicos sobre todo lo que le rodea, comenzando por su propia persona.<\/p>\n<p> Y todo ello se plasma en un viaje en bitono y color, con cubierta del dise\u00f1ador Enric Jard\u00ed, que le lleva al autor de Mar\u00eda y yo por Praga, Fr\u00e1ncfort, Varsovia, M\u00e1laga, Nueva York, Xalapa, Tokio o Barcelona, con un primer cap\u00edtulo de una descacharrante experiencia en los aeropuertos del Prat y Barajas, que ning\u00fan documentado perfil podr\u00eda definir mejor a este creador de expansiva personalidad. Sus relatos invitan a viajar con \u00e9l y a viajar a secas. La sonrisa est\u00e1 asegurada con Miguel Gallardo. Y amenaza con m\u00e1s.<\/p>\n","protected":false},"excerpt":{"rendered":"<p>GALLARDO, MIGUEL<\/p>\n","protected":false},"featured_media":236605,"template":"","meta":{"_acf_changed":false,"om_disable_all_campaigns":false,"rs_blank_template":"","rs_page_bg_color":"","slide_template_v7":"","inline_featured_image":false,"_monsterinsights_skip_tracking":false,"_monsterinsights_sitenote_active":false,"_monsterinsights_sitenote_note":"","_monsterinsights_sitenote_category":0},"product_brand":[],"product_cat":[105],"product_tag":[],"class_list":{"0":"post-236604","1":"product","2":"type-product","3":"status-publish","4":"has-post-thumbnail","6":"product_cat-regal","8":"first","9":"instock","10":"taxable","11":"shipping-taxable","12":"purchasable","13":"product-type-simple"},"acf":{"autor":"GALLARDO, MIGUEL","codart":"841625165","libros-coleccion":"","ediciones":"1","encuadernacion":"R\u00fastica","fecha_de_publicacion":"11\/04\/2016","novedad":"0","paginas":"136","subtitulo":"","orden":"999","portada":"0","idioma":"spa","editorial":[{"ID":147493,"post_author":"3","post_date":"2022-10-14 11:51:00","post_date_gmt":"2022-10-14 09:51:00","post_content":"","post_title":"ASTIBERRI","post_excerpt":"","post_status":"publish","comment_status":"closed","ping_status":"closed","post_password":"","post_name":"astiberri","to_ping":"","pinged":"","post_modified":"2022-10-14 11:51:00","post_modified_gmt":"2022-10-14 09:51:00","post_content_filtered":"","post_parent":0,"guid":"http:\/\/dev.claret.cat\/editorial\/astiberri\/","menu_order":0,"post_type":"editorial","post_mime_type":"","comment_count":"0","filter":"raw"}],"autores-libros":[{"ID":164991,"post_author":"3","post_date":"2022-10-14 17:51:31","post_date_gmt":"2022-10-14 15:51:31","post_content":"","post_title":"MIGUEL GALLARDO","post_excerpt":"","post_status":"publish","comment_status":"closed","ping_status":"closed","post_password":"","post_name":"miguel-gallardo","to_ping":"","pinged":"","post_modified":"2022-10-14 17:51:31","post_modified_gmt":"2022-10-14 15:51:31","post_content_filtered":"","post_parent":0,"guid":"http:\/\/dev.claret.cat\/autor\/miguel-gallardo\/","menu_order":0,"post_type":"autor","post_mime_type":"","comment_count":"0","filter":"raw"}]},"aioseo_notices":[],"_links":{"self":[{"href":"https:\/\/www.claret.cat\/es\/wp-json\/wp\/v2\/product\/236604","targetHints":{"allow":["GET"]}}],"collection":[{"href":"https:\/\/www.claret.cat\/es\/wp-json\/wp\/v2\/product"}],"about":[{"href":"https:\/\/www.claret.cat\/es\/wp-json\/wp\/v2\/types\/product"}],"wp:featuredmedia":[{"embeddable":true,"href":"https:\/\/www.claret.cat\/es\/wp-json\/wp\/v2\/media\/236605"}],"wp:attachment":[{"href":"https:\/\/www.claret.cat\/es\/wp-json\/wp\/v2\/media?parent=236604"}],"wp:term":[{"taxonomy":"product_brand","embeddable":true,"href":"https:\/\/www.claret.cat\/es\/wp-json\/wp\/v2\/product_brand?post=236604"},{"taxonomy":"product_cat","embeddable":true,"href":"https:\/\/www.claret.cat\/es\/wp-json\/wp\/v2\/product_cat?post=236604"},{"taxonomy":"product_tag","embeddable":true,"href":"https:\/\/www.claret.cat\/es\/wp-json\/wp\/v2\/product_tag?post=236604"}],"curies":[{"name":"wp","href":"https:\/\/api.w.org\/{rel}","templated":true}]}}