{"id":236616,"date":"2022-10-20T22:12:02","date_gmt":"2022-10-20T20:12:02","guid":{"rendered":"http:\/\/dev.claret.cat\/producte\/viaje-por-el-artico\/"},"modified":"2023-01-28T23:30:36","modified_gmt":"2023-01-28T22:30:36","slug":"viaje-por-el-artico-9788494476167","status":"publish","type":"product","link":"https:\/\/www.claret.cat\/es\/libro\/viaje-por-el-artico-9788494476167\/","title":{"rendered":"VIAJE POR EL ARTICO"},"content":{"rendered":"<p>A los 21 a\u00f1os, en 1880, Arthur Conan Doyle se embarc\u00f3 como m\u00e9dico a bordo del ballenero Hope, rumbo a la primera aventura destacada de su vida. Este es el diario de su viaje entre los t\u00e9mpanos de hielo de los mares \u00e1rticos, anotado por dos de los mejores especialistas vivos en Conan Doyle. Como suplemento, Jon Lellenberg y Daniel Stashower a\u00f1aden cuatro magn\u00edficos escritos inspirados por esta aventura de juventud: las reflexiones de Conan Doyle sobre \u201cLa atracci\u00f3n del \u00c1rtico\u201d y \u201cLa vida de un ballenero en Groenlandia\u201d, adem\u00e1s de su m\u00e1s evocadora historia de fantasmas, \u201cEl capit\u00e1n del Pole Star\u201d y uno de los m\u00e1s dram\u00e1ticos misterios de Sherlock Holmes \u201cPeter, el Negro\u201d.<\/p>\n","protected":false},"excerpt":{"rendered":"<p>CONAN DOYLE, ARTHUR\/<\/p>\n","protected":false},"featured_media":236617,"template":"","meta":{"_acf_changed":false,"om_disable_all_campaigns":false,"rs_blank_template":"","rs_page_bg_color":"","slide_template_v7":"","inline_featured_image":false,"_monsterinsights_skip_tracking":false,"_monsterinsights_sitenote_active":false,"_monsterinsights_sitenote_note":"","_monsterinsights_sitenote_category":0},"product_brand":[],"product_cat":[87],"product_tag":[],"class_list":{"0":"post-236616","1":"product","2":"type-product","3":"status-publish","4":"has-post-thumbnail","6":"product_cat-literatura","8":"first","9":"instock","10":"taxable","11":"shipping-taxable","12":"purchasable","13":"product-type-simple"},"acf":{"autor":"CONAN DOYLE, ARTHUR\/","codart":"849447616","libros-coleccion":"","ediciones":"1","encuadernacion":"R\u00fastica","fecha_de_publicacion":"11\/04\/2016","novedad":"0","paginas":"264","subtitulo":"","orden":"999","portada":"0","idioma":"spa","editorial":[{"ID":147658,"post_author":"3","post_date":"2022-10-14 11:52:16","post_date_gmt":"2022-10-14 09:52:16","post_content":"","post_title":"CONFLUENCIAS EDITORIAL","post_excerpt":"","post_status":"publish","comment_status":"closed","ping_status":"closed","post_password":"","post_name":"confluencias-editorial","to_ping":"","pinged":"","post_modified":"2022-10-14 11:52:16","post_modified_gmt":"2022-10-14 09:52:16","post_content_filtered":"","post_parent":0,"guid":"http:\/\/dev.claret.cat\/editorial\/confluencias-editorial\/","menu_order":0,"post_type":"editorial","post_mime_type":"","comment_count":"0","filter":"raw"}],"autores-libros":[{"ID":169589,"post_author":"3","post_date":"2022-10-14 22:28:26","post_date_gmt":"2022-10-14 20:28:26","post_content":"","post_title":"SIR ARTHUR CONAN DOYLE","post_excerpt":"","post_status":"publish","comment_status":"closed","ping_status":"closed","post_password":"","post_name":"sir-arthur-conan-doyle","to_ping":"","pinged":"","post_modified":"2022-10-14 22:28:26","post_modified_gmt":"2022-10-14 20:28:26","post_content_filtered":"","post_parent":0,"guid":"http:\/\/dev.claret.cat\/autor\/sir-arthur-conan-doyle\/","menu_order":0,"post_type":"autor","post_mime_type":"","comment_count":"0","filter":"raw"}]},"aioseo_notices":[],"_links":{"self":[{"href":"https:\/\/www.claret.cat\/es\/wp-json\/wp\/v2\/product\/236616","targetHints":{"allow":["GET"]}}],"collection":[{"href":"https:\/\/www.claret.cat\/es\/wp-json\/wp\/v2\/product"}],"about":[{"href":"https:\/\/www.claret.cat\/es\/wp-json\/wp\/v2\/types\/product"}],"wp:featuredmedia":[{"embeddable":true,"href":"https:\/\/www.claret.cat\/es\/wp-json\/wp\/v2\/media\/236617"}],"wp:attachment":[{"href":"https:\/\/www.claret.cat\/es\/wp-json\/wp\/v2\/media?parent=236616"}],"wp:term":[{"taxonomy":"product_brand","embeddable":true,"href":"https:\/\/www.claret.cat\/es\/wp-json\/wp\/v2\/product_brand?post=236616"},{"taxonomy":"product_cat","embeddable":true,"href":"https:\/\/www.claret.cat\/es\/wp-json\/wp\/v2\/product_cat?post=236616"},{"taxonomy":"product_tag","embeddable":true,"href":"https:\/\/www.claret.cat\/es\/wp-json\/wp\/v2\/product_tag?post=236616"}],"curies":[{"name":"wp","href":"https:\/\/api.w.org\/{rel}","templated":true}]}}