{"id":23672,"date":"2022-10-02T10:05:32","date_gmt":"2022-10-02T08:05:32","guid":{"rendered":"http:\/\/dev.claret.cat\/producte\/la-luz-brilla-en-las-tinieblas\/"},"modified":"2023-01-28T10:42:53","modified_gmt":"2023-01-28T09:42:53","slug":"la-luz-brilla-en-las-tinieblas-9788490612644","status":"publish","type":"product","link":"https:\/\/www.claret.cat\/es\/libro\/la-luz-brilla-en-las-tinieblas-9788490612644\/","title":{"rendered":"LA LUZ BRILLA EN LAS TINIEBLAS"},"content":{"rendered":"<p>Es dif\u00edcil que haya habido un hombre m\u00e1s libre en la c\u00e1rcel que Francisco Javier Van Thuan. El Papa Francisco ha recordado que la Pasi\u00f3n de Cristo es completada hoy por los m\u00e1rtires y nunca ha habido tantos como en los \u00faltimos cien a\u00f1os. Van Thuan fue uno de ellos; supo ser una fascinante y permanente l\u00e1mpara encendida no bajo celem\u00edn alguno, sino en lo m\u00e1s alto del candelero.<\/p>\n","protected":false},"excerpt":{"rendered":"<p>VELASCO, MIGUEL \u00c1NGEL<\/p>\n","protected":false},"featured_media":76576,"template":"","meta":{"_acf_changed":false,"om_disable_all_campaigns":false,"rs_blank_template":"","rs_page_bg_color":"","slide_template_v7":"","inline_featured_image":false,"_monsterinsights_skip_tracking":false,"_monsterinsights_sitenote_active":false,"_monsterinsights_sitenote_note":"","_monsterinsights_sitenote_category":0},"product_brand":[],"product_cat":[99,79,95],"product_tag":[],"class_list":{"0":"post-23672","1":"product","2":"type-product","3":"status-publish","4":"has-post-thumbnail","6":"product_cat-biografies","7":"product_cat-espiritualitat","8":"product_cat-santoral","10":"first","11":"instock","12":"taxable","13":"shipping-taxable","14":"purchasable","15":"product-type-simple"},"acf":{"autor":"VELASCO, MIGUEL \u00c1NGEL","codart":"849061264","libros-coleccion":"","ediciones":"1","encuadernacion":"R\u00fastica","fecha_de_publicacion":"01\/07\/2015","novedad":"0","paginas":"0","subtitulo":"CARDENAL VAN THUAN: HISTORIA DE UNA ESPERANZA","orden":"999","portada":"0","idioma":"spa","editorial":[{"ID":6324,"post_author":"3","post_date":"2022-07-28 17:49:44","post_date_gmt":"2022-07-28 15:49:44","post_content":"","post_title":"PALABRA, EDICIONES S. A.","post_excerpt":"","post_status":"publish","comment_status":"closed","ping_status":"closed","post_password":"","post_name":"palabra-ediciones-s-a","to_ping":"","pinged":"","post_modified":"2022-07-28 17:49:44","post_modified_gmt":"2022-07-28 15:49:44","post_content_filtered":"","post_parent":0,"guid":"http:\/\/dev.claret.cat\/editorial\/palabra-ediciones-s-a\/","menu_order":0,"post_type":"editorial","post_mime_type":"","comment_count":"0","filter":"raw"}],"autores-libros":[{"ID":164954,"post_author":"3","post_date":"2022-10-14 17:51:13","post_date_gmt":"2022-10-14 15:51:13","post_content":"","post_title":"MIGUEL ANGEL VELASCO","post_excerpt":"","post_status":"publish","comment_status":"closed","ping_status":"closed","post_password":"","post_name":"miguel-angel-velasco","to_ping":"","pinged":"","post_modified":"2022-10-14 17:51:13","post_modified_gmt":"2022-10-14 15:51:13","post_content_filtered":"","post_parent":0,"guid":"http:\/\/dev.claret.cat\/autor\/miguel-angel-velasco\/","menu_order":0,"post_type":"autor","post_mime_type":"","comment_count":"0","filter":"raw"}]},"aioseo_notices":[],"_links":{"self":[{"href":"https:\/\/www.claret.cat\/es\/wp-json\/wp\/v2\/product\/23672","targetHints":{"allow":["GET"]}}],"collection":[{"href":"https:\/\/www.claret.cat\/es\/wp-json\/wp\/v2\/product"}],"about":[{"href":"https:\/\/www.claret.cat\/es\/wp-json\/wp\/v2\/types\/product"}],"wp:featuredmedia":[{"embeddable":true,"href":"https:\/\/www.claret.cat\/es\/wp-json\/wp\/v2\/media\/76576"}],"wp:attachment":[{"href":"https:\/\/www.claret.cat\/es\/wp-json\/wp\/v2\/media?parent=23672"}],"wp:term":[{"taxonomy":"product_brand","embeddable":true,"href":"https:\/\/www.claret.cat\/es\/wp-json\/wp\/v2\/product_brand?post=23672"},{"taxonomy":"product_cat","embeddable":true,"href":"https:\/\/www.claret.cat\/es\/wp-json\/wp\/v2\/product_cat?post=23672"},{"taxonomy":"product_tag","embeddable":true,"href":"https:\/\/www.claret.cat\/es\/wp-json\/wp\/v2\/product_tag?post=23672"}],"curies":[{"name":"wp","href":"https:\/\/api.w.org\/{rel}","templated":true}]}}