{"id":236935,"date":"2022-10-20T22:19:42","date_gmt":"2022-10-20T20:19:42","guid":{"rendered":"http:\/\/dev.claret.cat\/producte\/sant-jordi-5\/"},"modified":"2024-05-22T16:27:39","modified_gmt":"2024-05-22T14:27:39","slug":"sant-jordi-9788498837469","status":"publish","type":"product","link":"https:\/\/www.claret.cat\/es\/libro\/sant-jordi-9788498837469\/","title":{"rendered":"SANT JORDI"},"content":{"rendered":"<p>A la col\u00b7lecci\u00f3 Ballmanetes hi trobareu les primeres can\u00e7ons per cantar amb els nens a la falda. A dins el conte, a m\u00e9s de la lletra, hi ha tamb\u00e9 uns petits dibuixos encerclats, que s\u00f3n objectes o personatges que es relacionen amb la can\u00e7\u00f3. D&#8221;aquesta manera, passareu una bona estona amb l&#8221;infant, mirant el conte, explicant qu\u00e8 passa i cantant la can\u00e7\u00f3. I els nens i les nenes aniran aprenent, aix\u00ed, el seu primer vocabulari.<\/p>\n","protected":false},"excerpt":{"rendered":"<p>FRANSOY, MONTSE<\/p>\n","protected":false},"featured_media":368783,"template":"","meta":{"_acf_changed":false,"om_disable_all_campaigns":false,"rs_blank_template":"","rs_page_bg_color":"","slide_template_v7":"","inline_featured_image":false,"_monsterinsights_skip_tracking":false,"_monsterinsights_sitenote_active":false,"_monsterinsights_sitenote_note":"","_monsterinsights_sitenote_category":0},"product_brand":[],"product_cat":[352,86],"product_tag":[],"class_list":{"0":"post-236935","1":"product","2":"type-product","3":"status-publish","4":"has-post-thumbnail","6":"product_cat-infantil-3_infantil-juvenil-spa","7":"product_cat-infantil","9":"first","10":"instock","11":"taxable","12":"shipping-taxable","13":"purchasable","14":"product-type-simple"},"acf":{"autor":"FRANSOY, MONTSE","codart":"849883746","libros-coleccion":"","ediciones":"1","encuadernacion":"Carton\u00e9","fecha_de_publicacion":"05\/04\/2016","novedad":"0","paginas":"8","subtitulo":"","orden":"999","portada":"0","idioma":"cat","editorial":[{"ID":8266,"post_author":"3","post_date":"2022-09-30 09:21:36","post_date_gmt":"2022-09-30 07:21:36","post_content":"","post_title":"PUBLICACIONS DE L'ABADIA DE MONTSERRAT","post_excerpt":"","post_status":"publish","comment_status":"closed","ping_status":"closed","post_password":"","post_name":"publicacions-de-labadia-de-montserrat-5","to_ping":"","pinged":"","post_modified":"2022-09-30 09:21:36","post_modified_gmt":"2022-09-30 07:21:36","post_content_filtered":"","post_parent":0,"guid":"http:\/\/dev.claret.cat\/editorial\/publicacions-de-labadia-de-montserrat-5\/","menu_order":0,"post_type":"editorial","post_mime_type":"","comment_count":"0","filter":"raw"}],"autores-libros":[{"ID":165389,"post_author":"3","post_date":"2022-10-14 17:54:47","post_date_gmt":"2022-10-14 15:54:47","post_content":"","post_title":"MONTSE FRANSOY","post_excerpt":"","post_status":"publish","comment_status":"closed","ping_status":"closed","post_password":"","post_name":"montse-fransoy","to_ping":"","pinged":"","post_modified":"2022-10-14 17:54:47","post_modified_gmt":"2022-10-14 15:54:47","post_content_filtered":"","post_parent":0,"guid":"http:\/\/dev.claret.cat\/autor\/montse-fransoy\/","menu_order":0,"post_type":"autor","post_mime_type":"","comment_count":"0","filter":"raw"}]},"aioseo_notices":[],"_links":{"self":[{"href":"https:\/\/www.claret.cat\/es\/wp-json\/wp\/v2\/product\/236935","targetHints":{"allow":["GET"]}}],"collection":[{"href":"https:\/\/www.claret.cat\/es\/wp-json\/wp\/v2\/product"}],"about":[{"href":"https:\/\/www.claret.cat\/es\/wp-json\/wp\/v2\/types\/product"}],"wp:featuredmedia":[{"embeddable":true,"href":"https:\/\/www.claret.cat\/es\/wp-json\/wp\/v2\/media\/368783"}],"wp:attachment":[{"href":"https:\/\/www.claret.cat\/es\/wp-json\/wp\/v2\/media?parent=236935"}],"wp:term":[{"taxonomy":"product_brand","embeddable":true,"href":"https:\/\/www.claret.cat\/es\/wp-json\/wp\/v2\/product_brand?post=236935"},{"taxonomy":"product_cat","embeddable":true,"href":"https:\/\/www.claret.cat\/es\/wp-json\/wp\/v2\/product_cat?post=236935"},{"taxonomy":"product_tag","embeddable":true,"href":"https:\/\/www.claret.cat\/es\/wp-json\/wp\/v2\/product_tag?post=236935"}],"curies":[{"name":"wp","href":"https:\/\/api.w.org\/{rel}","templated":true}]}}