{"id":237024,"date":"2022-10-20T22:21:53","date_gmt":"2022-10-20T20:21:53","guid":{"rendered":"http:\/\/dev.claret.cat\/producte\/los-elementos-una-historia-ilustrada-de-la-tabla-periodica\/"},"modified":"2023-01-28T13:38:41","modified_gmt":"2023-01-28T12:38:41","slug":"los-elementos-una-historia-ilustrada-de-la-tabla-periodica-9789089986573","status":"publish","type":"product","link":"https:\/\/www.claret.cat\/es\/libro\/los-elementos-una-historia-ilustrada-de-la-tabla-periodica-9789089986573\/","title":{"rendered":"LOS ELEMENTOS :UNA HISTORIA ILUSTRADA DE LA TABLA PERI\u00d3DICA"},"content":{"rendered":"<p>Los pensamientos y las obras de grandes pensadores siempre constituyen historias sensacionales, y aqu\u00ed tenemos cien de ellas juntas. Cada una se relaciona con un hecho significativo, un problema importante que se convirti\u00f3 en un descubrimiento y que cambi\u00f3 la forma en que entendemos el mundo. Los llamamos ponderables.<\/p>\n<p>El conocimiento no nos llega formado; requiere de muchas mentes descifrando las evidencias y paso a paso, ir acerc\u00e1ndose a la verdad. Aqu\u00ed relatamos la historia de la Tabla Peri\u00f3dica, una poderosa y elegante herramienta que nos descubre las piezas que componen el Universo. Nuestra historia involucra fil\u00f3sofos, alquimistas y cient\u00edficos. Incluye a Dem\u00f3crito de la antigua Grecia, quien dijo que los cuatro elementos de la naturaleza ?agua, aire, tierra y fuego-, deben de estar compuestos de \u00e1tomos; si no nuestro mundo es solo una ilusi\u00f3n; el arist\u00f3crata franc\u00e9s Antoine Lavoisier, el primero en mostrarnos que el agua no es un elemento; y Dimitri Mendel\u00e9yev, siberiano de barba poblada que construy\u00f3 una tabla de m\u00e1s de 60 elementos y argument\u00f3, correctamente, que exist\u00edan muchos otros. Hoy en d\u00eda sabemos mucho m\u00e1s de los \u00e1tomos y los elementos, pero \u00bfa d\u00f3nde nos conducir\u00e1 nuestra historia?<\/p>\n","protected":false},"excerpt":{"rendered":"<p>TOM JACKSON<\/p>\n","protected":false},"featured_media":237025,"template":"","meta":{"_acf_changed":false,"om_disable_all_campaigns":false,"rs_blank_template":"","rs_page_bg_color":"","slide_template_v7":"","inline_featured_image":false,"_monsterinsights_skip_tracking":false,"_monsterinsights_sitenote_active":false,"_monsterinsights_sitenote_note":"","_monsterinsights_sitenote_category":0},"product_brand":[],"product_cat":[104,100,105],"product_tag":[],"class_list":{"0":"post-237024","1":"product","2":"type-product","3":"status-publish","4":"has-post-thumbnail","6":"product_cat-ciencia","7":"product_cat-escola-de-pares","8":"product_cat-regal","10":"first","11":"instock","12":"taxable","13":"shipping-taxable","14":"purchasable","15":"product-type-simple"},"acf":{"autor":"TOM JACKSON","codart":"908998657","libros-coleccion":"","ediciones":"1","encuadernacion":"Carpeta","fecha_de_publicacion":"01\/04\/2016","novedad":"0","paginas":"144","subtitulo":"","orden":"999","portada":"0","idioma":"spa","editorial":[{"ID":8253,"post_author":"3","post_date":"2022-09-30 09:21:30","post_date_gmt":"2022-09-30 07:21:30","post_content":"","post_title":"LIBRERO","post_excerpt":"","post_status":"publish","comment_status":"closed","ping_status":"closed","post_password":"","post_name":"librero","to_ping":"","pinged":"","post_modified":"2022-09-30 09:21:30","post_modified_gmt":"2022-09-30 07:21:30","post_content_filtered":"","post_parent":0,"guid":"http:\/\/dev.claret.cat\/editorial\/librero\/","menu_order":0,"post_type":"editorial","post_mime_type":"","comment_count":"0","filter":"raw"}]},"aioseo_notices":[],"_links":{"self":[{"href":"https:\/\/www.claret.cat\/es\/wp-json\/wp\/v2\/product\/237024","targetHints":{"allow":["GET"]}}],"collection":[{"href":"https:\/\/www.claret.cat\/es\/wp-json\/wp\/v2\/product"}],"about":[{"href":"https:\/\/www.claret.cat\/es\/wp-json\/wp\/v2\/types\/product"}],"wp:featuredmedia":[{"embeddable":true,"href":"https:\/\/www.claret.cat\/es\/wp-json\/wp\/v2\/media\/237025"}],"wp:attachment":[{"href":"https:\/\/www.claret.cat\/es\/wp-json\/wp\/v2\/media?parent=237024"}],"wp:term":[{"taxonomy":"product_brand","embeddable":true,"href":"https:\/\/www.claret.cat\/es\/wp-json\/wp\/v2\/product_brand?post=237024"},{"taxonomy":"product_cat","embeddable":true,"href":"https:\/\/www.claret.cat\/es\/wp-json\/wp\/v2\/product_cat?post=237024"},{"taxonomy":"product_tag","embeddable":true,"href":"https:\/\/www.claret.cat\/es\/wp-json\/wp\/v2\/product_tag?post=237024"}],"curies":[{"name":"wp","href":"https:\/\/api.w.org\/{rel}","templated":true}]}}