{"id":237132,"date":"2022-10-20T22:24:27","date_gmt":"2022-10-20T20:24:27","guid":{"rendered":"http:\/\/dev.claret.cat\/producte\/ella-y-el-2\/"},"modified":"2023-01-28T20:18:28","modified_gmt":"2023-01-28T19:18:28","slug":"ella-y-el-9788408152460","status":"publish","type":"product","link":"https:\/\/www.claret.cat\/es\/libro\/ella-y-el-9788408152460\/","title":{"rendered":"ELLA Y \u00c9L"},"content":{"rendered":"<p>Una web de contactos les ha unido, pero\u00a0no se hacen amantes, sino amigos. Y su\u00a0idea es quedarse ah\u00ed?Ella es actriz. \u00c9l, escritor.Ella se llama Mia. \u00c9l, Paul.Ella es inglesa. \u00c9l, americano.Ella se esconde en Montmartre. \u00c9l vive\u00a0en el Marais.Ella tiene mucho \u00e9xito. \u00c9l, no tanto.Ella es una estrella. Pero \u00e9l no lo sabe.Ella se siente sola. \u00c9l, tambi\u00e9n.Ella mete la pata constantemente. \u00c9l la\u00a0hace re\u00edr.Ella no debe enamorarse. \u00c9l, tampoco.Irresistible, deliciosa, inolvidable,\u00a0sorprendente, \u00fanica y totalmente imprevisible.<\/p>\n","protected":false},"excerpt":{"rendered":"<p>LEVY, MARC<\/p>\n","protected":false},"featured_media":237133,"template":"","meta":{"_acf_changed":false,"om_disable_all_campaigns":false,"rs_blank_template":"","rs_page_bg_color":"","slide_template_v7":"","inline_featured_image":false,"_monsterinsights_skip_tracking":false,"_monsterinsights_sitenote_active":false,"_monsterinsights_sitenote_note":"","_monsterinsights_sitenote_category":0},"product_brand":[],"product_cat":[87],"product_tag":[],"class_list":{"0":"post-237132","1":"product","2":"type-product","3":"status-publish","4":"has-post-thumbnail","6":"product_cat-literatura","8":"first","9":"instock","10":"taxable","11":"shipping-taxable","12":"purchasable","13":"product-type-simple"},"acf":{"autor":"LEVY, MARC","codart":"840815246","libros-coleccion":"","ediciones":"1","encuadernacion":"R\u00fastica","fecha_de_publicacion":"01\/04\/2016","novedad":"0","paginas":"303","subtitulo":"","orden":"999","portada":"0","idioma":"spa","editorial":[{"ID":6233,"post_author":"3","post_date":"2022-07-28 17:47:48","post_date_gmt":"2022-07-28 15:47:48","post_content":"","post_title":"EDITORIAL PLANETA","post_excerpt":"","post_status":"publish","comment_status":"closed","ping_status":"closed","post_password":"","post_name":"editorial-planeta","to_ping":"","pinged":"","post_modified":"2022-07-28 17:47:48","post_modified_gmt":"2022-07-28 15:47:48","post_content_filtered":"","post_parent":0,"guid":"http:\/\/dev.claret.cat\/editorial\/editorial-planeta\/","menu_order":0,"post_type":"editorial","post_mime_type":"","comment_count":"0","filter":"raw"}],"autores-libros":[{"ID":163321,"post_author":"3","post_date":"2022-10-14 17:38:05","post_date_gmt":"2022-10-14 15:38:05","post_content":"","post_title":"MARC LEVY","post_excerpt":"","post_status":"publish","comment_status":"closed","ping_status":"closed","post_password":"","post_name":"marc-levy","to_ping":"","pinged":"","post_modified":"2022-10-14 17:38:05","post_modified_gmt":"2022-10-14 15:38:05","post_content_filtered":"","post_parent":0,"guid":"http:\/\/dev.claret.cat\/autor\/marc-levy\/","menu_order":0,"post_type":"autor","post_mime_type":"","comment_count":"0","filter":"raw"}]},"aioseo_notices":[],"_links":{"self":[{"href":"https:\/\/www.claret.cat\/es\/wp-json\/wp\/v2\/product\/237132","targetHints":{"allow":["GET"]}}],"collection":[{"href":"https:\/\/www.claret.cat\/es\/wp-json\/wp\/v2\/product"}],"about":[{"href":"https:\/\/www.claret.cat\/es\/wp-json\/wp\/v2\/types\/product"}],"wp:featuredmedia":[{"embeddable":true,"href":"https:\/\/www.claret.cat\/es\/wp-json\/wp\/v2\/media\/237133"}],"wp:attachment":[{"href":"https:\/\/www.claret.cat\/es\/wp-json\/wp\/v2\/media?parent=237132"}],"wp:term":[{"taxonomy":"product_brand","embeddable":true,"href":"https:\/\/www.claret.cat\/es\/wp-json\/wp\/v2\/product_brand?post=237132"},{"taxonomy":"product_cat","embeddable":true,"href":"https:\/\/www.claret.cat\/es\/wp-json\/wp\/v2\/product_cat?post=237132"},{"taxonomy":"product_tag","embeddable":true,"href":"https:\/\/www.claret.cat\/es\/wp-json\/wp\/v2\/product_tag?post=237132"}],"curies":[{"name":"wp","href":"https:\/\/api.w.org\/{rel}","templated":true}]}}