{"id":237165,"date":"2022-10-20T22:25:15","date_gmt":"2022-10-20T20:25:15","guid":{"rendered":"http:\/\/dev.claret.cat\/producte\/el-hombre-de-negro-la-torre-oscura-comic-10-6624\/"},"modified":"2023-01-28T09:23:58","modified_gmt":"2023-01-28T08:23:58","slug":"el-hombre-de-negro-la-torre-oscura-comic-10-6624-9788466330954","status":"publish","type":"product","link":"https:\/\/www.claret.cat\/es\/libro\/el-hombre-de-negro-la-torre-oscura-comic-10-6624-9788466330954\/","title":{"rendered":"EL HOMBRE DE NEGRO (LA TORRE OSCURA [C\u00d3MIC] 10) 6624"},"content":{"rendered":"<p>D\u00e9cima entrega de la adaptaci\u00f3n gr\u00e1fica de la m\u00edtica serie de Stephen King \u00abLa Torre Oscura\u00bb.Todas las m\u00e1scaras caer\u00e1n. En su incansable b\u00fasqueda del Hombre de Negro, Roland y Jake se han  adentrado en los t\u00faneles, en cuyas profundidades se oculta un peligro  que parece no tener l\u00edmites. Roland sabe que tiene que llegar a la Torre Oscura, que tiene que superar todas las dificultades  que se le presenten. \u00bfQu\u00e9 suceder\u00e1, sin embargo, cuando el obst\u00e1culo sea la vida de su joven  acompa\u00f1ante? \u00bfSacrificar\u00e1 a Jake para poder cumplir con su destino y  acabar este periplo en cuyo final se esconde la identidad del Hombre de Negro? La cr\u00edtica ha dicho&#8230;<br \/>\u00abEs profundo, l\u00facido, oscuro, absorbente y hermoso, todo al mismo tiempo.\u00bb<br \/>Comics Bulletin<\/p>\n","protected":false},"excerpt":{"rendered":"<p>KING, STEPHEN<\/p>\n","protected":false},"featured_media":237166,"template":"","meta":{"_acf_changed":false,"om_disable_all_campaigns":false,"rs_blank_template":"","rs_page_bg_color":"","slide_template_v7":"","inline_featured_image":false,"_monsterinsights_skip_tracking":false,"_monsterinsights_sitenote_active":false,"_monsterinsights_sitenote_note":"","_monsterinsights_sitenote_category":0},"product_brand":[],"product_cat":[108],"product_tag":[],"class_list":{"0":"post-237165","1":"product","2":"type-product","3":"status-publish","4":"has-post-thumbnail","6":"product_cat-comic","8":"first","9":"instock","10":"taxable","11":"shipping-taxable","12":"purchasable","13":"product-type-simple"},"acf":{"autor":"KING, STEPHEN","codart":"846633095","libros-coleccion":"","ediciones":"1","encuadernacion":"R\u00fastica","fecha_de_publicacion":"01\/04\/2016","novedad":"0","paginas":"192","subtitulo":"","orden":"999","portada":"0","idioma":"spa","editorial":[{"ID":6178,"post_author":"3","post_date":"2022-07-28 17:46:34","post_date_gmt":"2022-07-28 15:46:34","post_content":"","post_title":"DEBOLSILLO","post_excerpt":"","post_status":"publish","comment_status":"closed","ping_status":"closed","post_password":"","post_name":"debolsillo","to_ping":"","pinged":"","post_modified":"2022-07-28 17:46:34","post_modified_gmt":"2022-07-28 15:46:34","post_content_filtered":"","post_parent":0,"guid":"http:\/\/dev.claret.cat\/editorial\/debolsillo\/","menu_order":0,"post_type":"editorial","post_mime_type":"","comment_count":"0","filter":"raw"}],"autores-libros":[{"ID":6044,"post_author":"3","post_date":"2022-07-28 17:36:57","post_date_gmt":"2022-07-28 15:36:57","post_content":"","post_title":"STEPHEN KING","post_excerpt":"","post_status":"publish","comment_status":"closed","ping_status":"closed","post_password":"","post_name":"stephen-king","to_ping":"","pinged":"","post_modified":"2022-07-28 17:36:57","post_modified_gmt":"2022-07-28 15:36:57","post_content_filtered":"","post_parent":0,"guid":"http:\/\/dev.claret.cat\/autor\/stephen-king\/","menu_order":0,"post_type":"autor","post_mime_type":"","comment_count":"0","filter":"raw"}]},"aioseo_notices":[],"_links":{"self":[{"href":"https:\/\/www.claret.cat\/es\/wp-json\/wp\/v2\/product\/237165","targetHints":{"allow":["GET"]}}],"collection":[{"href":"https:\/\/www.claret.cat\/es\/wp-json\/wp\/v2\/product"}],"about":[{"href":"https:\/\/www.claret.cat\/es\/wp-json\/wp\/v2\/types\/product"}],"wp:featuredmedia":[{"embeddable":true,"href":"https:\/\/www.claret.cat\/es\/wp-json\/wp\/v2\/media\/237166"}],"wp:attachment":[{"href":"https:\/\/www.claret.cat\/es\/wp-json\/wp\/v2\/media?parent=237165"}],"wp:term":[{"taxonomy":"product_brand","embeddable":true,"href":"https:\/\/www.claret.cat\/es\/wp-json\/wp\/v2\/product_brand?post=237165"},{"taxonomy":"product_cat","embeddable":true,"href":"https:\/\/www.claret.cat\/es\/wp-json\/wp\/v2\/product_cat?post=237165"},{"taxonomy":"product_tag","embeddable":true,"href":"https:\/\/www.claret.cat\/es\/wp-json\/wp\/v2\/product_tag?post=237165"}],"curies":[{"name":"wp","href":"https:\/\/api.w.org\/{rel}","templated":true}]}}