{"id":237183,"date":"2022-10-20T22:25:41","date_gmt":"2022-10-20T20:25:41","guid":{"rendered":"http:\/\/dev.claret.cat\/producte\/the-big-bang-theory-1-600-preguntas-sobre-tu-serie-favorita\/"},"modified":"2026-04-10T10:35:30","modified_gmt":"2026-04-10T08:35:30","slug":"the-big-bang-theory-1600-preguntas-sobre-tu-serie-favorita-9788445003077","status":"publish","type":"product","link":"https:\/\/www.claret.cat\/es\/libro\/the-big-bang-theory-1600-preguntas-sobre-tu-serie-favorita-9788445003077\/","title":{"rendered":"THE BIG BANG THEORY. 1.600 PREGUNTAS SOBRE TU SERIE FAVORITA"},"content":{"rendered":"<p>The Big Bang Theory. 1600 preguntas sobre tu serie favorita es el primer libro oficial de una de las comedias m\u00e1s divertidas y seguidas por el p\u00fablico en todo el mundo. El libro contiene 1600 preguntas, 200 por cada temporada desde la primera hasta la octava, y su resoluci\u00f3n en la segunda parte. Adem\u00e1s incluye fotograf\u00edas, curiosidades sobre la serie, citas, una gu\u00eda completa de los episodios hasta la octava temporada y mucho m\u00e1s, como fragmentos del Contrato para Compartir Piso y la posibilidad de jugar a \u00abEmily o Canela\u00bb.<\/p>\n","protected":false},"excerpt":{"rendered":"<p>FABERMAN, ADAM<\/p>\n","protected":false},"featured_media":1096048,"template":"","meta":{"_acf_changed":false,"om_disable_all_campaigns":false,"rs_blank_template":"","rs_page_bg_color":"","slide_template_v7":"","inline_featured_image":false,"_monsterinsights_skip_tracking":false,"_monsterinsights_sitenote_active":false,"_monsterinsights_sitenote_note":"","_monsterinsights_sitenote_category":0},"product_brand":[],"product_cat":[105,555],"product_tag":[],"class_list":{"0":"post-237183","1":"product","2":"type-product","3":"status-publish","4":"has-post-thumbnail","6":"product_cat-regal","7":"product_cat-regalo","9":"first","10":"outofstock","11":"taxable","12":"shipping-taxable","13":"purchasable","14":"product-type-simple"},"acf":{"autor":"FABERMAN, ADAM","codart":"844500307","libros-coleccion":"","ediciones":"1","encuadernacion":"Carton\u00e9","fecha_de_publicacion":"01\/04\/2016","novedad":"0","paginas":"382","subtitulo":"","orden":"999","portada":"0","idioma":"spa","booktrailer":"","resenas":"","editorial":[{"ID":262317,"post_author":"3","post_date":"2022-10-24 11:22:47","post_date_gmt":"2022-10-24 09:22:47","post_content":"","post_title":"MINOTAURO, EDICIONES","post_excerpt":"","post_status":"publish","comment_status":"closed","ping_status":"closed","post_password":"","post_name":"minotauro-ediciones","to_ping":"","pinged":"","post_modified":"2022-10-24 11:22:47","post_modified_gmt":"2022-10-24 09:22:47","post_content_filtered":"","post_parent":0,"guid":"http:\/\/dev.claret.cat\/editorial\/minotauro-ediciones\/","menu_order":0,"post_type":"editorial","post_mime_type":"","comment_count":"0","filter":"raw"}],"autores-libros":[{"ID":262732,"post_author":"3","post_date":"2022-12-01 11:07:50","post_date_gmt":"2022-12-01 10:07:50","post_content":"","post_title":"ADAM FABERMAN","post_excerpt":"","post_status":"publish","comment_status":"closed","ping_status":"closed","post_password":"","post_name":"adam-faberman","to_ping":"","pinged":"","post_modified":"2022-12-01 11:07:50","post_modified_gmt":"2022-12-01 10:07:50","post_content_filtered":"","post_parent":0,"guid":"http:\/\/dev.claret.cat\/autor\/adam-faberman\/","menu_order":0,"post_type":"autor","post_mime_type":"","comment_count":"0","filter":"raw"}]},"aioseo_notices":[],"_links":{"self":[{"href":"https:\/\/www.claret.cat\/es\/wp-json\/wp\/v2\/product\/237183","targetHints":{"allow":["GET"]}}],"collection":[{"href":"https:\/\/www.claret.cat\/es\/wp-json\/wp\/v2\/product"}],"about":[{"href":"https:\/\/www.claret.cat\/es\/wp-json\/wp\/v2\/types\/product"}],"wp:featuredmedia":[{"embeddable":true,"href":"https:\/\/www.claret.cat\/es\/wp-json\/wp\/v2\/media\/1096048"}],"wp:attachment":[{"href":"https:\/\/www.claret.cat\/es\/wp-json\/wp\/v2\/media?parent=237183"}],"wp:term":[{"taxonomy":"product_brand","embeddable":true,"href":"https:\/\/www.claret.cat\/es\/wp-json\/wp\/v2\/product_brand?post=237183"},{"taxonomy":"product_cat","embeddable":true,"href":"https:\/\/www.claret.cat\/es\/wp-json\/wp\/v2\/product_cat?post=237183"},{"taxonomy":"product_tag","embeddable":true,"href":"https:\/\/www.claret.cat\/es\/wp-json\/wp\/v2\/product_tag?post=237183"}],"curies":[{"name":"wp","href":"https:\/\/api.w.org\/{rel}","templated":true}]}}