{"id":237204,"date":"2022-10-20T22:26:10","date_gmt":"2022-10-20T20:26:10","guid":{"rendered":"http:\/\/dev.claret.cat\/producte\/teoria-del-viaje\/"},"modified":"2023-01-28T21:06:10","modified_gmt":"2023-01-28T20:06:10","slug":"teoria-del-viaje-9788430617678","status":"publish","type":"product","link":"https:\/\/www.claret.cat\/es\/libro\/teoria-del-viaje-9788430617678\/","title":{"rendered":"TEOR\u00cdA DEL VIAJE"},"content":{"rendered":"<p>Una gu\u00eda para quienes quieran sentirse viajeros, y no turistas.Por Michel Onfray, autor de best-sellers como Tratado de ateolog\u00eda o  Antimanual de filosof\u00eda.\u00abTodo viaje es inici\u00e1tico.\u00bbMichel Onfray convierte el viajar, uno de los sencillos placeres de la  vida, en un estimulante tema de reflexi\u00f3n. Adem\u00e1s de ser una invitaci\u00f3n  a soltar amarras, este libro tiene el poder de prolongar la emoci\u00f3n y el  sabor del viaje a trav\u00e9s de la filosof\u00eda y la literatura, de la historia y la mitolog\u00eda.Deseo de partir, preparativos sumidos en lecturas, elecci\u00f3n del medio,  entusiasmo y sorpresa a la llegada, despertar de los cinco sentidos  durante la estancia, toma de notas y fotograf\u00edas, regreso a casa,  elaboraci\u00f3n del recuerdo&#8230;, todas las etapas cobran en este libro una  dimensi\u00f3n filos\u00f3fica. Teor\u00eda del viaje es una declaraci\u00f3n de guerra a  nuestra tendencia a cuadricular y cronometrar nuestra existencia, y una  brillante hoja de ruta para quienes quieran sentirse viajeros y no turistas.<\/p>\n","protected":false},"excerpt":{"rendered":"<p>ONFRAY, MICHEL<\/p>\n","protected":false},"featured_media":237205,"template":"","meta":{"_acf_changed":false,"om_disable_all_campaigns":false,"rs_blank_template":"","rs_page_bg_color":"","slide_template_v7":"","inline_featured_image":false,"_monsterinsights_skip_tracking":false,"_monsterinsights_sitenote_active":false,"_monsterinsights_sitenote_note":"","_monsterinsights_sitenote_category":0},"product_brand":[],"product_cat":[107,85],"product_tag":[],"class_list":{"0":"post-237204","1":"product","2":"type-product","3":"status-publish","4":"has-post-thumbnail","6":"product_cat-guies-de-viatge","7":"product_cat-historia","9":"first","10":"instock","11":"taxable","12":"shipping-taxable","13":"purchasable","14":"product-type-simple"},"acf":{"autor":"ONFRAY, MICHEL","codart":"843061767","libros-coleccion":"","ediciones":"1","encuadernacion":"R\u00fastica","fecha_de_publicacion":"01\/04\/2016","novedad":"0","paginas":"137","subtitulo":"PO\u00c9TICA DE LA GEOGRAF\u00cdA","orden":"999","portada":"0","idioma":"spa","autores-libros":[{"ID":5846,"post_author":"3","post_date":"2022-07-28 17:32:44","post_date_gmt":"2022-07-28 15:32:44","post_content":"","post_title":"MICHEL ONFRAY","post_excerpt":"","post_status":"publish","comment_status":"closed","ping_status":"closed","post_password":"","post_name":"michel-onfray","to_ping":"","pinged":"","post_modified":"2022-07-28 17:32:44","post_modified_gmt":"2022-07-28 15:32:44","post_content_filtered":"","post_parent":0,"guid":"http:\/\/dev.claret.cat\/autor\/michel-onfray\/","menu_order":0,"post_type":"autor","post_mime_type":"","comment_count":"0","filter":"raw"}]},"aioseo_notices":[],"_links":{"self":[{"href":"https:\/\/www.claret.cat\/es\/wp-json\/wp\/v2\/product\/237204","targetHints":{"allow":["GET"]}}],"collection":[{"href":"https:\/\/www.claret.cat\/es\/wp-json\/wp\/v2\/product"}],"about":[{"href":"https:\/\/www.claret.cat\/es\/wp-json\/wp\/v2\/types\/product"}],"wp:featuredmedia":[{"embeddable":true,"href":"https:\/\/www.claret.cat\/es\/wp-json\/wp\/v2\/media\/237205"}],"wp:attachment":[{"href":"https:\/\/www.claret.cat\/es\/wp-json\/wp\/v2\/media?parent=237204"}],"wp:term":[{"taxonomy":"product_brand","embeddable":true,"href":"https:\/\/www.claret.cat\/es\/wp-json\/wp\/v2\/product_brand?post=237204"},{"taxonomy":"product_cat","embeddable":true,"href":"https:\/\/www.claret.cat\/es\/wp-json\/wp\/v2\/product_cat?post=237204"},{"taxonomy":"product_tag","embeddable":true,"href":"https:\/\/www.claret.cat\/es\/wp-json\/wp\/v2\/product_tag?post=237204"}],"curies":[{"name":"wp","href":"https:\/\/api.w.org\/{rel}","templated":true}]}}