{"id":237241,"date":"2022-10-20T22:27:04","date_gmt":"2022-10-20T20:27:04","guid":{"rendered":"http:\/\/dev.claret.cat\/producte\/joc-del-3-en-ratlla-futbolstickers\/"},"modified":"2026-02-05T18:35:13","modified_gmt":"2026-02-05T17:35:13","slug":"joc-del-3-en-ratlla-futbolstickers-9786034081758","status":"publish","type":"product","link":"https:\/\/www.claret.cat\/es\/libro\/joc-del-3-en-ratlla-futbolstickers-9786034081758\/","title":{"rendered":"JOC DEL 3 EN RATLLA FUTBOL+STICKERS"},"content":{"rendered":"<p>Kits per a la realitzaci\u00f3 de jocs en fusta DM de 2,5 mm de grossor, disposats en dues plaques de 20 x 29,5 cm amb les peces *semicortadas per poder treure-les amb facilitat. Cada *kit de joc es compon de dues plaques de fusta i dues l\u00e0mines de vinil adhesiu de la mateixa mesura amb els dissenys tallats per encaixar en les diferents peces. Aquests jocs s\u00f3n ideals per desenvolupar la imaginaci\u00f3, la concentraci\u00f3, la mem\u00f2ria i la psicomotricitat fina<\/p>\n","protected":false},"excerpt":{"rendered":"<p>LA LLUNA<\/p>\n","protected":false},"featured_media":237242,"template":"","meta":{"_acf_changed":false,"om_disable_all_campaigns":false,"rs_blank_template":"","rs_page_bg_color":"","slide_template_v7":"","inline_featured_image":false,"_monsterinsights_skip_tracking":false,"_monsterinsights_sitenote_active":false,"_monsterinsights_sitenote_note":"","_monsterinsights_sitenote_category":0},"product_brand":[],"product_cat":[352,86],"product_tag":[],"class_list":{"0":"post-237241","1":"product","2":"type-product","3":"status-publish","4":"has-post-thumbnail","6":"product_cat-infantil-3_infantil-juvenil-spa","7":"product_cat-infantil","9":"first","10":"instock","11":"taxable","12":"shipping-taxable","13":"purchasable","14":"product-type-simple"},"acf":{"autor":"LA LLUNA","codart":"603408175","libros-coleccion":"","ediciones":"1","encuadernacion":"R\u00fastica","fecha_de_publicacion":"01\/04\/2016","novedad":"0","paginas":"1","subtitulo":"","orden":"999","portada":"0","idioma":"cat","editorial":[{"ID":147739,"post_author":"3","post_date":"2022-10-14 11:52:52","post_date_gmt":"2022-10-14 09:52:52","post_content":"","post_title":"DISTRIBUCIONS LA LLUNA, S.C.P.","post_excerpt":"","post_status":"publish","comment_status":"closed","ping_status":"closed","post_password":"","post_name":"distribucions-la-lluna-s-c-p","to_ping":"","pinged":"","post_modified":"2022-10-14 11:52:52","post_modified_gmt":"2022-10-14 09:52:52","post_content_filtered":"","post_parent":0,"guid":"http:\/\/dev.claret.cat\/editorial\/distribucions-la-lluna-s-c-p\/","menu_order":0,"post_type":"editorial","post_mime_type":"","comment_count":"0","filter":"raw"}],"autores-libros":[{"ID":8376,"post_author":"3","post_date":"2022-09-30 09:48:06","post_date_gmt":"2022-09-30 07:48:06","post_content":"","post_title":"LA LLUNA","post_excerpt":"","post_status":"publish","comment_status":"closed","ping_status":"closed","post_password":"","post_name":"la-lluna","to_ping":"","pinged":"","post_modified":"2022-09-30 09:48:06","post_modified_gmt":"2022-09-30 07:48:06","post_content_filtered":"","post_parent":0,"guid":"http:\/\/dev.claret.cat\/autor\/la-lluna\/","menu_order":0,"post_type":"autor","post_mime_type":"","comment_count":"0","filter":"raw"}],"booktrailer":"","resenas":""},"aioseo_notices":[],"_links":{"self":[{"href":"https:\/\/www.claret.cat\/es\/wp-json\/wp\/v2\/product\/237241","targetHints":{"allow":["GET"]}}],"collection":[{"href":"https:\/\/www.claret.cat\/es\/wp-json\/wp\/v2\/product"}],"about":[{"href":"https:\/\/www.claret.cat\/es\/wp-json\/wp\/v2\/types\/product"}],"wp:featuredmedia":[{"embeddable":true,"href":"https:\/\/www.claret.cat\/es\/wp-json\/wp\/v2\/media\/237242"}],"wp:attachment":[{"href":"https:\/\/www.claret.cat\/es\/wp-json\/wp\/v2\/media?parent=237241"}],"wp:term":[{"taxonomy":"product_brand","embeddable":true,"href":"https:\/\/www.claret.cat\/es\/wp-json\/wp\/v2\/product_brand?post=237241"},{"taxonomy":"product_cat","embeddable":true,"href":"https:\/\/www.claret.cat\/es\/wp-json\/wp\/v2\/product_cat?post=237241"},{"taxonomy":"product_tag","embeddable":true,"href":"https:\/\/www.claret.cat\/es\/wp-json\/wp\/v2\/product_tag?post=237241"}],"curies":[{"name":"wp","href":"https:\/\/api.w.org\/{rel}","templated":true}]}}